{"id":7159,"date":"2026-02-28T17:46:35","date_gmt":"2026-02-28T16:46:35","guid":{"rendered":"https:\/\/www.2daagse.be\/?page_id=7159"},"modified":"2026-02-28T18:23:25","modified_gmt":"2026-02-28T17:23:25","slug":"hotel-aazaert","status":"publish","type":"page","link":"https:\/\/www.2daagse.be\/fr\/infos-pratiques\/passer-la-nuit\/hotel-aazaert\/","title":{"rendered":"Hotel Aazaert****"},"content":{"rendered":"\n<div class=\"wp-block-envira-envira-gallery\"><div id=\"envira-gallery-wrap-7148\" class=\"envira-gallery-wrap envira-gallery-theme-base envira-lightbox-theme-base\" itemscope itemtype=\"https:\/\/schema.org\/ImageGallery\"><div data-row-height=\"150\" data-gallery-theme=\"normal\" id=\"envira-gallery-7148\" class=\"envira-gallery-public envira-gallery-justified-public envira-gallery-0-columns envira-clear enviratope envira-gallery-css-animations\" data-envira-columns=\"0\"><div id=\"envira-gallery-item-7153\" class=\"envira-gallery-item enviratope-item envira-gallery-item-1 envira-lazy-load\" style=\"padding-left: 1px; padding-bottom: 1px; padding-right: 1px;\"  itemscope itemtype=\"https:\/\/schema.org\/ImageObject\"><div class=\"envira-gallery-item-inner\"><div class=\"envira-gallery-position-overlay  envira-gallery-top-left\"><\/div><div class=\"envira-gallery-position-overlay  envira-gallery-top-right\"><\/div><div class=\"envira-gallery-position-overlay  envira-gallery-bottom-left\"><\/div><div class=\"envira-gallery-position-overlay  envira-gallery-bottom-right\"><\/div><a href=\"https:\/\/i0.wp.com\/www.2daagse.be\/wp-content\/uploads\/2026\/02\/photo-hotel-aazaert-by-wp-hotels-blankenberge-16-scaled.jpeg?ssl=1\" class=\"envira-gallery-7148 envira-gallery-link\" rel=\"enviragallery7148\" title=\"Hotel Saint Aazaert****\" data-envira-caption=\"Hotel Saint Aazaert****\" data-envira-retina=\"\" data-thumbnail=\"\"  itemprop=\"contentUrl\"><img decoding=\"async\" id=\"envira-gallery-image-7153\" class=\"envira-gallery-image envira-gallery-image-1 envira-normal envira-lazy\" data-envira-index=\"1\" src=\"https:\/\/i0.wp.com\/www.2daagse.be\/wp-content\/uploads\/2026\/02\/photo-hotel-aazaert-by-wp-hotels-blankenberge-16-scaled.jpeg?fit=580%2C389&#038;ssl=1\" data-envira-src=\"https:\/\/i0.wp.com\/www.2daagse.be\/wp-content\/uploads\/2026\/02\/photo-hotel-aazaert-by-wp-hotels-blankenberge-16-scaled.jpeg?fit=580%2C389&#038;ssl=1\" data-envira-gallery-id=\"7148\" data-envira-item-id=\"7153\" data-envira-caption=\"Hotel Saint Aazaert****\" alt=\"Hotel Aazaert**** - Blankenberge - https:\/\/www.aazaert.be\/\" title=\"Hotel Saint Aazaert****\"  itemprop=\"thumbnailUrl\" data-envira-srcset=\"https:\/\/i0.wp.com\/www.2daagse.be\/wp-content\/uploads\/2026\/02\/photo-hotel-aazaert-by-wp-hotels-blankenberge-16-scaled.jpeg?fit=580%2C389&#038;ssl=1 400w,https:\/\/i0.wp.com\/www.2daagse.be\/wp-content\/uploads\/2026\/02\/photo-hotel-aazaert-by-wp-hotels-blankenberge-16-scaled.jpeg?fit=580%2C389&#038;ssl=1 2x\" data-envira-width=\"640\" data-envira-height=\"480\" srcset=\"data:image\/gif;base64,R0lGODlhAQABAIAAAP\/\/\/\/\/\/\/yH5BAEKAAEALAAAAAABAAEAAAICTAEAOw==\" data-safe-src=\"data:image\/gif;base64,R0lGODlhAQABAIAAAP\/\/\/\/\/\/\/yH5BAEKAAEALAAAAAABAAEAAAICTAEAOw==\" \/><\/a><\/div><\/div><div id=\"envira-gallery-item-7149\" class=\"envira-gallery-item enviratope-item envira-gallery-item-2 envira-lazy-load\" style=\"padding-left: 1px; padding-bottom: 1px; padding-right: 1px;\"  itemscope itemtype=\"https:\/\/schema.org\/ImageObject\"><div class=\"envira-gallery-item-inner\"><div class=\"envira-gallery-position-overlay  envira-gallery-top-left\"><\/div><div class=\"envira-gallery-position-overlay  envira-gallery-top-right\"><\/div><div class=\"envira-gallery-position-overlay  envira-gallery-bottom-left\"><\/div><div class=\"envira-gallery-position-overlay  envira-gallery-bottom-right\"><\/div><a href=\"https:\/\/i0.wp.com\/www.2daagse.be\/wp-content\/uploads\/2026\/02\/photo-hotel-aazaert-by-wp-hotels-blankenberge-1.jpeg?ssl=1\" class=\"envira-gallery-7148 envira-gallery-link\" rel=\"enviragallery7148\" title=\"Hotel Saint Aazaert****\" data-envira-caption=\"Hotel Saint Aazaert****\" data-envira-retina=\"\" data-thumbnail=\"\"  itemprop=\"contentUrl\"><img decoding=\"async\" id=\"envira-gallery-image-7149\" class=\"envira-gallery-image envira-gallery-image-2 envira-normal envira-lazy\" data-envira-index=\"2\" src=\"https:\/\/i0.wp.com\/www.2daagse.be\/wp-content\/uploads\/2026\/02\/photo-hotel-aazaert-by-wp-hotels-blankenberge-1.jpeg?fit=580%2C386&#038;ssl=1\" data-envira-src=\"https:\/\/i0.wp.com\/www.2daagse.be\/wp-content\/uploads\/2026\/02\/photo-hotel-aazaert-by-wp-hotels-blankenberge-1.jpeg?fit=580%2C386&#038;ssl=1\" data-envira-gallery-id=\"7148\" data-envira-item-id=\"7149\" data-envira-caption=\"Hotel Saint Aazaert****\" alt=\"Hotel Aazaert**** - Blankenberge - https:\/\/www.aazaert.be\/\" title=\"Hotel Saint Aazaert****\"  itemprop=\"thumbnailUrl\" data-envira-srcset=\"https:\/\/i0.wp.com\/www.2daagse.be\/wp-content\/uploads\/2026\/02\/photo-hotel-aazaert-by-wp-hotels-blankenberge-1.jpeg?fit=580%2C386&#038;ssl=1 400w,https:\/\/i0.wp.com\/www.2daagse.be\/wp-content\/uploads\/2026\/02\/photo-hotel-aazaert-by-wp-hotels-blankenberge-1.jpeg?fit=580%2C386&#038;ssl=1 2x\" data-envira-width=\"640\" data-envira-height=\"480\" srcset=\"data:image\/gif;base64,R0lGODlhAQABAIAAAP\/\/\/\/\/\/\/yH5BAEKAAEALAAAAAABAAEAAAICTAEAOw==\" data-safe-src=\"data:image\/gif;base64,R0lGODlhAQABAIAAAP\/\/\/\/\/\/\/yH5BAEKAAEALAAAAAABAAEAAAICTAEAOw==\" \/><\/a><\/div><\/div><div id=\"envira-gallery-item-7150\" class=\"envira-gallery-item enviratope-item envira-gallery-item-3 envira-lazy-load\" style=\"padding-left: 1px; padding-bottom: 1px; padding-right: 1px;\"  itemscope itemtype=\"https:\/\/schema.org\/ImageObject\"><div class=\"envira-gallery-item-inner\"><div class=\"envira-gallery-position-overlay  envira-gallery-top-left\"><\/div><div class=\"envira-gallery-position-overlay  envira-gallery-top-right\"><\/div><div class=\"envira-gallery-position-overlay  envira-gallery-bottom-left\"><\/div><div class=\"envira-gallery-position-overlay  envira-gallery-bottom-right\"><\/div><a href=\"https:\/\/i0.wp.com\/www.2daagse.be\/wp-content\/uploads\/2026\/02\/photo-hotel-aazaert-by-wp-hotels-blankenberge-6.jpeg?ssl=1\" class=\"envira-gallery-7148 envira-gallery-link\" rel=\"enviragallery7148\" title=\"Hotel Saint Aazaert****\" data-envira-caption=\"Hotel Saint Aazaert****\" data-envira-retina=\"\" data-thumbnail=\"\"  itemprop=\"contentUrl\"><img decoding=\"async\" id=\"envira-gallery-image-7150\" class=\"envira-gallery-image envira-gallery-image-3 envira-normal envira-lazy\" data-envira-index=\"3\" src=\"https:\/\/i0.wp.com\/www.2daagse.be\/wp-content\/uploads\/2026\/02\/photo-hotel-aazaert-by-wp-hotels-blankenberge-6.jpeg?fit=580%2C387&#038;ssl=1\" data-envira-src=\"https:\/\/i0.wp.com\/www.2daagse.be\/wp-content\/uploads\/2026\/02\/photo-hotel-aazaert-by-wp-hotels-blankenberge-6.jpeg?fit=580%2C387&#038;ssl=1\" data-envira-gallery-id=\"7148\" data-envira-item-id=\"7150\" data-envira-caption=\"Hotel Saint Aazaert****\" alt=\"Hotel Aazaert**** - Blankenberge - https:\/\/www.aazaert.be\/\" title=\"Hotel Saint Aazaert****\"  itemprop=\"thumbnailUrl\" data-envira-srcset=\"https:\/\/i0.wp.com\/www.2daagse.be\/wp-content\/uploads\/2026\/02\/photo-hotel-aazaert-by-wp-hotels-blankenberge-6.jpeg?fit=580%2C387&#038;ssl=1 400w,https:\/\/i0.wp.com\/www.2daagse.be\/wp-content\/uploads\/2026\/02\/photo-hotel-aazaert-by-wp-hotels-blankenberge-6.jpeg?fit=580%2C387&#038;ssl=1 2x\" data-envira-width=\"640\" data-envira-height=\"480\" srcset=\"data:image\/gif;base64,R0lGODlhAQABAIAAAP\/\/\/\/\/\/\/yH5BAEKAAEALAAAAAABAAEAAAICTAEAOw==\" data-safe-src=\"data:image\/gif;base64,R0lGODlhAQABAIAAAP\/\/\/\/\/\/\/yH5BAEKAAEALAAAAAABAAEAAAICTAEAOw==\" \/><\/a><\/div><\/div><div id=\"envira-gallery-item-7152\" class=\"envira-gallery-item enviratope-item envira-gallery-item-4 envira-lazy-load\" style=\"padding-left: 1px; padding-bottom: 1px; padding-right: 1px;\"  itemscope itemtype=\"https:\/\/schema.org\/ImageObject\"><div class=\"envira-gallery-item-inner\"><div class=\"envira-gallery-position-overlay  envira-gallery-top-left\"><\/div><div class=\"envira-gallery-position-overlay  envira-gallery-top-right\"><\/div><div class=\"envira-gallery-position-overlay  envira-gallery-bottom-left\"><\/div><div class=\"envira-gallery-position-overlay  envira-gallery-bottom-right\"><\/div><a href=\"https:\/\/i0.wp.com\/www.2daagse.be\/wp-content\/uploads\/2026\/02\/photo-hotel-aazaert-by-wp-hotels-blankenberge-13-scaled.jpeg?ssl=1\" class=\"envira-gallery-7148 envira-gallery-link\" rel=\"enviragallery7148\" title=\"Hotel Saint Aazaert****\" data-envira-caption=\"Hotel Saint Aazaert****\" data-envira-retina=\"\" data-thumbnail=\"\"  itemprop=\"contentUrl\"><img decoding=\"async\" id=\"envira-gallery-image-7152\" class=\"envira-gallery-image envira-gallery-image-4 envira-normal envira-lazy\" data-envira-index=\"4\" src=\"https:\/\/i0.wp.com\/www.2daagse.be\/wp-content\/uploads\/2026\/02\/photo-hotel-aazaert-by-wp-hotels-blankenberge-13-scaled.jpeg?fit=580%2C343&#038;ssl=1\" data-envira-src=\"https:\/\/i0.wp.com\/www.2daagse.be\/wp-content\/uploads\/2026\/02\/photo-hotel-aazaert-by-wp-hotels-blankenberge-13-scaled.jpeg?fit=580%2C343&#038;ssl=1\" data-envira-gallery-id=\"7148\" data-envira-item-id=\"7152\" data-envira-caption=\"Hotel Saint Aazaert****\" alt=\"Hotel Aazaert**** - Blankenberge - https:\/\/www.aazaert.be\/\" title=\"Hotel Saint Aazaert****\"  itemprop=\"thumbnailUrl\" data-envira-srcset=\"https:\/\/i0.wp.com\/www.2daagse.be\/wp-content\/uploads\/2026\/02\/photo-hotel-aazaert-by-wp-hotels-blankenberge-13-scaled.jpeg?fit=580%2C343&#038;ssl=1 400w,https:\/\/i0.wp.com\/www.2daagse.be\/wp-content\/uploads\/2026\/02\/photo-hotel-aazaert-by-wp-hotels-blankenberge-13-scaled.jpeg?fit=580%2C343&#038;ssl=1 2x\" data-envira-width=\"640\" data-envira-height=\"480\" srcset=\"data:image\/gif;base64,R0lGODlhAQABAIAAAP\/\/\/\/\/\/\/yH5BAEKAAEALAAAAAABAAEAAAICTAEAOw==\" data-safe-src=\"data:image\/gif;base64,R0lGODlhAQABAIAAAP\/\/\/\/\/\/\/yH5BAEKAAEALAAAAAABAAEAAAICTAEAOw==\" \/><\/a><\/div><\/div><div id=\"envira-gallery-item-7154\" class=\"envira-gallery-item enviratope-item envira-gallery-item-5 envira-lazy-load\" style=\"padding-left: 1px; padding-bottom: 1px; padding-right: 1px;\"  itemscope itemtype=\"https:\/\/schema.org\/ImageObject\"><div class=\"envira-gallery-item-inner\"><div class=\"envira-gallery-position-overlay  envira-gallery-top-left\"><\/div><div class=\"envira-gallery-position-overlay  envira-gallery-top-right\"><\/div><div class=\"envira-gallery-position-overlay  envira-gallery-bottom-left\"><\/div><div class=\"envira-gallery-position-overlay  envira-gallery-bottom-right\"><\/div><a href=\"https:\/\/i0.wp.com\/www.2daagse.be\/wp-content\/uploads\/2026\/02\/photo-hotel-aazaert-by-wp-hotels-blankenberge-34-scaled.jpeg?ssl=1\" class=\"envira-gallery-7148 envira-gallery-link\" rel=\"enviragallery7148\" title=\"Hotel Saint Aazaert****\" data-envira-caption=\"Hotel Saint Aazaert****\" data-envira-retina=\"\" data-thumbnail=\"\"  itemprop=\"contentUrl\"><img decoding=\"async\" id=\"envira-gallery-image-7154\" class=\"envira-gallery-image envira-gallery-image-5 envira-normal envira-lazy\" data-envira-index=\"5\" src=\"https:\/\/i0.wp.com\/www.2daagse.be\/wp-content\/uploads\/2026\/02\/photo-hotel-aazaert-by-wp-hotels-blankenberge-34-scaled.jpeg?fit=580%2C334&#038;ssl=1\" data-envira-src=\"https:\/\/i0.wp.com\/www.2daagse.be\/wp-content\/uploads\/2026\/02\/photo-hotel-aazaert-by-wp-hotels-blankenberge-34-scaled.jpeg?fit=580%2C334&#038;ssl=1\" data-envira-gallery-id=\"7148\" data-envira-item-id=\"7154\" data-envira-caption=\"Hotel Saint Aazaert****\" alt=\"Hotel Aazaert**** - Blankenberge - https:\/\/www.aazaert.be\/\" title=\"Hotel Saint Aazaert****\"  itemprop=\"thumbnailUrl\" data-envira-srcset=\"https:\/\/i0.wp.com\/www.2daagse.be\/wp-content\/uploads\/2026\/02\/photo-hotel-aazaert-by-wp-hotels-blankenberge-34-scaled.jpeg?fit=580%2C334&#038;ssl=1 400w,https:\/\/i0.wp.com\/www.2daagse.be\/wp-content\/uploads\/2026\/02\/photo-hotel-aazaert-by-wp-hotels-blankenberge-34-scaled.jpeg?fit=580%2C334&#038;ssl=1 2x\" data-envira-width=\"640\" data-envira-height=\"480\" srcset=\"data:image\/gif;base64,R0lGODlhAQABAIAAAP\/\/\/\/\/\/\/yH5BAEKAAEALAAAAAABAAEAAAICTAEAOw==\" data-safe-src=\"data:image\/gif;base64,R0lGODlhAQABAIAAAP\/\/\/\/\/\/\/yH5BAEKAAEALAAAAAABAAEAAAICTAEAOw==\" \/><\/a><\/div><\/div><div id=\"envira-gallery-item-7155\" class=\"envira-gallery-item enviratope-item envira-gallery-item-6 envira-lazy-load\" style=\"padding-left: 1px; padding-bottom: 1px; padding-right: 1px;\"  itemscope itemtype=\"https:\/\/schema.org\/ImageObject\"><div class=\"envira-gallery-item-inner\"><div class=\"envira-gallery-position-overlay  envira-gallery-top-left\"><\/div><div class=\"envira-gallery-position-overlay  envira-gallery-top-right\"><\/div><div class=\"envira-gallery-position-overlay  envira-gallery-bottom-left\"><\/div><div class=\"envira-gallery-position-overlay  envira-gallery-bottom-right\"><\/div><a href=\"https:\/\/i0.wp.com\/www.2daagse.be\/wp-content\/uploads\/2026\/02\/photo-hotel-aazaert-by-wp-hotels-blankenberge-36-scaled.jpeg?ssl=1\" class=\"envira-gallery-7148 envira-gallery-link\" rel=\"enviragallery7148\" title=\"Hotel Saint Aazaert****\" data-envira-caption=\"Hotel Saint Aazaert****\" data-envira-retina=\"\" data-thumbnail=\"\"  itemprop=\"contentUrl\"><img decoding=\"async\" id=\"envira-gallery-image-7155\" class=\"envira-gallery-image envira-gallery-image-6 envira-normal envira-lazy\" data-envira-index=\"6\" src=\"https:\/\/i0.wp.com\/www.2daagse.be\/wp-content\/uploads\/2026\/02\/photo-hotel-aazaert-by-wp-hotels-blankenberge-36-scaled.jpeg?fit=580%2C312&#038;ssl=1\" data-envira-src=\"https:\/\/i0.wp.com\/www.2daagse.be\/wp-content\/uploads\/2026\/02\/photo-hotel-aazaert-by-wp-hotels-blankenberge-36-scaled.jpeg?fit=580%2C312&#038;ssl=1\" data-envira-gallery-id=\"7148\" data-envira-item-id=\"7155\" data-envira-caption=\"Hotel Saint Aazaert****\" alt=\"Hotel Aazaert**** - Blankenberge - https:\/\/www.aazaert.be\/\" title=\"Hotel Saint Aazaert****\"  itemprop=\"thumbnailUrl\" data-envira-srcset=\"https:\/\/i0.wp.com\/www.2daagse.be\/wp-content\/uploads\/2026\/02\/photo-hotel-aazaert-by-wp-hotels-blankenberge-36-scaled.jpeg?fit=580%2C312&#038;ssl=1 400w,https:\/\/i0.wp.com\/www.2daagse.be\/wp-content\/uploads\/2026\/02\/photo-hotel-aazaert-by-wp-hotels-blankenberge-36-scaled.jpeg?fit=580%2C312&#038;ssl=1 2x\" data-envira-width=\"640\" data-envira-height=\"480\" srcset=\"data:image\/gif;base64,R0lGODlhAQABAIAAAP\/\/\/\/\/\/\/yH5BAEKAAEALAAAAAABAAEAAAICTAEAOw==\" data-safe-src=\"data:image\/gif;base64,R0lGODlhAQABAIAAAP\/\/\/\/\/\/\/yH5BAEKAAEALAAAAAABAAEAAAICTAEAOw==\" \/><\/a><\/div><\/div><div id=\"envira-gallery-item-7151\" class=\"envira-gallery-item enviratope-item envira-gallery-item-7 envira-lazy-load\" style=\"padding-left: 1px; padding-bottom: 1px; padding-right: 1px;\"  itemscope itemtype=\"https:\/\/schema.org\/ImageObject\"><div class=\"envira-gallery-item-inner\"><div class=\"envira-gallery-position-overlay  envira-gallery-top-left\"><\/div><div class=\"envira-gallery-position-overlay  envira-gallery-top-right\"><\/div><div class=\"envira-gallery-position-overlay  envira-gallery-bottom-left\"><\/div><div class=\"envira-gallery-position-overlay  envira-gallery-bottom-right\"><\/div><a href=\"https:\/\/i0.wp.com\/www.2daagse.be\/wp-content\/uploads\/2026\/02\/photo-hotel-aazaert-by-wp-hotels-blankenberge-10-scaled.jpeg?ssl=1\" class=\"envira-gallery-7148 envira-gallery-link\" rel=\"enviragallery7148\" title=\"Hotel Saint Aazaert****\" data-envira-caption=\"Hotel Saint Aazaert****\" data-envira-retina=\"\" data-thumbnail=\"\"  itemprop=\"contentUrl\"><img decoding=\"async\" id=\"envira-gallery-image-7151\" class=\"envira-gallery-image envira-gallery-image-7 envira-normal envira-lazy\" data-envira-index=\"7\" src=\"https:\/\/i0.wp.com\/www.2daagse.be\/wp-content\/uploads\/2026\/02\/photo-hotel-aazaert-by-wp-hotels-blankenberge-10-scaled.jpeg?fit=580%2C341&#038;ssl=1\" data-envira-src=\"https:\/\/i0.wp.com\/www.2daagse.be\/wp-content\/uploads\/2026\/02\/photo-hotel-aazaert-by-wp-hotels-blankenberge-10-scaled.jpeg?fit=580%2C341&#038;ssl=1\" data-envira-gallery-id=\"7148\" data-envira-item-id=\"7151\" data-envira-caption=\"Hotel Saint Aazaert****\" alt=\"Hotel Aazaert**** - Blankenberge - https:\/\/www.aazaert.be\/\" title=\"Hotel Saint Aazaert****\"  itemprop=\"thumbnailUrl\" data-envira-srcset=\"https:\/\/i0.wp.com\/www.2daagse.be\/wp-content\/uploads\/2026\/02\/photo-hotel-aazaert-by-wp-hotels-blankenberge-10-scaled.jpeg?fit=580%2C341&#038;ssl=1 400w,https:\/\/i0.wp.com\/www.2daagse.be\/wp-content\/uploads\/2026\/02\/photo-hotel-aazaert-by-wp-hotels-blankenberge-10-scaled.jpeg?fit=580%2C341&#038;ssl=1 2x\" data-envira-width=\"640\" data-envira-height=\"480\" srcset=\"data:image\/gif;base64,R0lGODlhAQABAIAAAP\/\/\/\/\/\/\/yH5BAEKAAEALAAAAAABAAEAAAICTAEAOw==\" data-safe-src=\"data:image\/gif;base64,R0lGODlhAQABAIAAAP\/\/\/\/\/\/\/yH5BAEKAAEALAAAAAABAAEAAAICTAEAOw==\" \/><\/a><\/div><\/div><\/div><\/div><noscript><img decoding=\"async\" src=\"https:\/\/i0.wp.com\/www.2daagse.be\/wp-content\/uploads\/2026\/02\/photo-hotel-aazaert-by-wp-hotels-blankenberge-16-scaled.jpeg?fit=2560%2C1714&#038;ssl=1\" alt=\"Hotel Aazaert**** - Blankenberge - https:\/\/www.aazaert.be\/\" \/><img decoding=\"async\" src=\"https:\/\/i0.wp.com\/www.2daagse.be\/wp-content\/uploads\/2026\/02\/photo-hotel-aazaert-by-wp-hotels-blankenberge-1.jpeg?fit=2000%2C1333&#038;ssl=1\" alt=\"Hotel Aazaert**** - Blankenberge - https:\/\/www.aazaert.be\/\" \/><img decoding=\"async\" src=\"https:\/\/i0.wp.com\/www.2daagse.be\/wp-content\/uploads\/2026\/02\/photo-hotel-aazaert-by-wp-hotels-blankenberge-6.jpeg?fit=2000%2C1335&#038;ssl=1\" alt=\"Hotel Aazaert**** - Blankenberge - https:\/\/www.aazaert.be\/\" \/><img decoding=\"async\" src=\"https:\/\/i0.wp.com\/www.2daagse.be\/wp-content\/uploads\/2026\/02\/photo-hotel-aazaert-by-wp-hotels-blankenberge-13-scaled.jpeg?fit=2560%2C1516&#038;ssl=1\" alt=\"Hotel Aazaert**** - Blankenberge - https:\/\/www.aazaert.be\/\" \/><img decoding=\"async\" src=\"https:\/\/i0.wp.com\/www.2daagse.be\/wp-content\/uploads\/2026\/02\/photo-hotel-aazaert-by-wp-hotels-blankenberge-34-scaled.jpeg?fit=2560%2C1476&#038;ssl=1\" alt=\"Hotel Aazaert**** - Blankenberge - https:\/\/www.aazaert.be\/\" \/><img decoding=\"async\" src=\"https:\/\/i0.wp.com\/www.2daagse.be\/wp-content\/uploads\/2026\/02\/photo-hotel-aazaert-by-wp-hotels-blankenberge-36-scaled.jpeg?fit=2560%2C1376&#038;ssl=1\" alt=\"Hotel Aazaert**** - Blankenberge - https:\/\/www.aazaert.be\/\" \/><img decoding=\"async\" src=\"https:\/\/i0.wp.com\/www.2daagse.be\/wp-content\/uploads\/2026\/02\/photo-hotel-aazaert-by-wp-hotels-blankenberge-10-scaled.jpeg?fit=2560%2C1506&#038;ssl=1\" alt=\"Hotel Aazaert**** - Blankenberge - https:\/\/www.aazaert.be\/\" \/><\/noscript><\/div>\n\n<p>\u00c0 l&rsquo;h\u00f4tel Aazaert, vous vous sentirez comme chez vous dans une atmosph\u00e8re de pure d\u00e9tente.<\/p>\n\n<p>Une oasis de luxe dans un cadre moderne vous attend ici, en plein centre de Blankenberge, \u00e0 quelques pas de la plage et de la promenade, du casino et \u00e0 un quart d&rsquo;heure \u00e0 pied des polders d&rsquo;Uitkerkse.<\/p>\n\n<p>Le copieux buffet du petit-d\u00e9jeuner vous permet de bien commencer la journ\u00e9e et les nombreuses installations de d\u00e9tente m\u00e9ritent \u00e9galement toutes nos f\u00e9licitations. De votre arriv\u00e9e \u00e0 votre d\u00e9part, l&rsquo;\u00e9quipe de l&rsquo;h\u00f4tel Aazaert s&rsquo;efforce \u00e0 tout moment de vous offrir des vacances parfaites. Les installations de bien-\u00eatre offrent une alternative relaxante.  <\/p>\n\n<h3 class=\"wp-block-heading\">Contact<\/h3>\n\n<p><strong>Hotel Aazaert<\/strong>****<\/p>\n\n<p>Hoogstraat 2550, Blankenberge (<a href=\"https:\/\/maps.app.goo.gl\/b8AC1Uoeag63sQJm7\">carte<\/a>)<\/p>\n\n<p>T\u00e9l: +32 50 41 15 99<\/p>\n\n<p><a href=\"mailto:info@aazaert.be\">info@aazaert.be<\/a><br\/><a href=\"https:\/\/www.aazaert.be\/\" target=\"_blank\" rel=\"noreferrer noopener\">www.aazaert.be<\/a><\/p>\n\n<figure class=\"wp-block-pullquote alignfull has-text-align-center\"><blockquote><p>Profitez des nombreux spectacles<br\/>pendant votre s\u00e9jour<br\/>du Witte Paard.<br\/><a href=\"https:\/\/wpevents.be\/nl\/shows\"> <br\/>Consultez ici le calendrier complet<\/a>.<\/p><\/blockquote><\/figure>\n\n<p><\/p>\n","protected":false},"excerpt":{"rendered":"<p>\u00c0 l&rsquo;h\u00f4tel Aazaert, vous vous sentirez comme chez vous dans une atmosph\u00e8re de pure d\u00e9tente. Une oasis de luxe dans un cadre moderne vous attend ici, en plein centre de Blankenberge, \u00e0 quelques pas de la plage et de la promenade, du casino et \u00e0 un quart d&rsquo;heure \u00e0 pied des polders d&rsquo;Uitkerkse. Le copieux [&hellip;]<\/p>\n","protected":false},"author":2,"featured_media":7164,"parent":587,"menu_order":0,"comment_status":"closed","ping_status":"closed","template":"templates\/template-cover.php","meta":{"footnotes":""},"class_list":["post-7159","page","type-page","status-publish","has-post-thumbnail","hentry"],"_links":{"self":[{"href":"https:\/\/www.2daagse.be\/fr\/wp-json\/wp\/v2\/pages\/7159","targetHints":{"allow":["GET"]}}],"collection":[{"href":"https:\/\/www.2daagse.be\/fr\/wp-json\/wp\/v2\/pages"}],"about":[{"href":"https:\/\/www.2daagse.be\/fr\/wp-json\/wp\/v2\/types\/page"}],"author":[{"embeddable":true,"href":"https:\/\/www.2daagse.be\/fr\/wp-json\/wp\/v2\/users\/2"}],"replies":[{"embeddable":true,"href":"https:\/\/www.2daagse.be\/fr\/wp-json\/wp\/v2\/comments?post=7159"}],"version-history":[{"count":7,"href":"https:\/\/www.2daagse.be\/fr\/wp-json\/wp\/v2\/pages\/7159\/revisions"}],"predecessor-version":[{"id":7198,"href":"https:\/\/www.2daagse.be\/fr\/wp-json\/wp\/v2\/pages\/7159\/revisions\/7198"}],"up":[{"embeddable":true,"href":"https:\/\/www.2daagse.be\/fr\/wp-json\/wp\/v2\/pages\/587"}],"wp:featuredmedia":[{"embeddable":true,"href":"https:\/\/www.2daagse.be\/fr\/wp-json\/wp\/v2\/media\/7164"}],"wp:attachment":[{"href":"https:\/\/www.2daagse.be\/fr\/wp-json\/wp\/v2\/media?parent=7159"}],"curies":[{"name":"wp","href":"https:\/\/api.w.org\/{rel}","templated":true}]}}