{"id":6859,"date":"2025-12-22T10:53:12","date_gmt":"2025-12-22T09:53:12","guid":{"rendered":"https:\/\/www.2daagse.be\/sinscrire-2\/"},"modified":"2026-04-27T22:09:11","modified_gmt":"2026-04-27T21:09:11","slug":"sinscrire","status":"publish","type":"page","link":"https:\/\/www.2daagse.be\/fr\/sinscrire\/","title":{"rendered":"S&rsquo;inscrire"},"content":{"rendered":"\n<div class=\"wp-block-group alignfull has-background has-normal-font-size\" style=\"background-color:#ffffff\"><div class=\"wp-block-group__inner-container is-layout-flow wp-block-group-is-layout-flow\">\n<p class=\"has-text-align-center has-text-color has-background has-link-color has-larger-font-size wp-elements-9e96476ae389b7159c06849d4176c450\" style=\"color:#ffffff;background-color:#dd0000;font-style:normal;font-weight:800\">Il n&rsquo;est plus possible de s&rsquo;inscrire \u00e0 l&rsquo;avance.<\/p>\n\n\n\n<p class=\"has-text-align-center has-text-color has-background has-link-color has-larger-font-size wp-elements-2e02321614070e9bdcbe302131cc6aaa\" style=\"color:#ffffff;background-color:#dd0000;font-style:normal;font-weight:800\">Vous pouvez encore vous inscrire sur place,<br\/>mais uniquement pour les parcours de 7 et 15 km.<\/p>\n\n\n\n\n\n\n<\/div><\/div>\n\n<div class=\"wp-block-columns alignwide is-layout-flex wp-container-core-columns-is-layout-9d6595d7 wp-block-columns-is-layout-flex\">\n<div class=\"wp-block-column has-text-color has-background has-link-color wp-elements-628d831f6eeb2126fb2a654ede0d193f is-layout-flow wp-block-column-is-layout-flow\" style=\"color:#000000;background:linear-gradient(313deg,rgb(255,245,203) 0%,rgb(152,150,240) 100%);padding-top:2em;padding-right:2em;padding-bottom:2em;padding-left:2em\">\n<p class=\"has-text-align-center has-text-color has-background has-link-color wp-elements-204a2e2dd7b118468bc75dd3d5b035ee\" style=\"color:#ffffff;background-color:#cc0000\"><strong>Les inscriptions ne sont plus possibles<\/strong><\/p>\n\n\n\n<h2 class=\"wp-block-heading has-text-align-center has-larger-font-size\" id=\"patron\"><strong><strong>50<\/strong><\/strong> KM<\/h2>\n\n\n\n<p class=\"has-text-align-center\">uniquement le <span style=\"text-decoration: underline;\">samedi 2 mai<\/span><\/p>\n\n\n\n<h4 class=\"wp-block-heading\">D\u00e9part<\/h4>\n\n\n\n<p>Knokke-Heist<br\/>de 7 h \u00e0 8 h 30<\/p>\n\n\n\n<h4 class=\"wp-block-heading\">S&rsquo;inscrire<\/h4>\n\n\n\n<p><strong>Uniquement sur r\u00e9servation<\/strong> et jusqu&rsquo;au 19 avril 2026 inclus<\/p>\n<\/div>\n\n\n\n<div class=\"wp-block-column has-pale-ocean-gradient-background has-text-color has-background has-link-color wp-elements-6af0e51e90fd9fec85ab86c5c0de8d82 is-layout-flow wp-block-column-is-layout-flow\" style=\"color:#000000;padding-top:2em;padding-right:2em;padding-bottom:2em;padding-left:2em\">\n<p class=\"has-text-align-center has-text-color has-background has-link-color wp-elements-204a2e2dd7b118468bc75dd3d5b035ee\" style=\"color:#ffffff;background-color:#cc0000\"><strong>Les inscriptions ne sont plus possibles<\/strong><\/p>\n\n\n\n<h2 class=\"wp-block-heading has-text-align-center has-larger-font-size\"><strong>32<\/strong> KM<\/h2>\n\n\n\n<p class=\"has-text-align-center\">uniquement le <span style=\"text-decoration: underline;\">dimanche 3 mai<\/span><\/p>\n\n\n\n<h4 class=\"wp-block-heading\">D\u00e9part <\/h4>\n\n\n\n<p>Ath\u00e9n\u00e9e de Blankenberge Maerlant<br\/>de 8 h \u00e0 10 h<\/p>\n\n\n\n<h4 class=\"wp-block-heading\">S&rsquo;inscrire<\/h4>\n\n\n\n<p><strong>Uniquement sur r\u00e9servation<\/strong> jusqu&rsquo;au 19 avril 2026 inclus<\/p>\n<\/div>\n\n\n\n<div class=\"wp-block-column has-text-color has-background has-link-color wp-elements-c3bd5eac5fb8044a753e5360d82c165a is-layout-flow wp-block-column-is-layout-flow\" style=\"color:#000000;background:linear-gradient(135deg,rgb(137,212,255) 0%,rgb(208,208,208) 100%);padding-top:2em;padding-right:2em;padding-bottom:2em;padding-left:2em\">\n<p class=\"has-text-align-center has-text-color has-background has-link-color wp-elements-204a2e2dd7b118468bc75dd3d5b035ee\" style=\"color:#ffffff;background-color:#cc0000\"><strong>Les inscriptions ne sont plus possibles<\/strong><\/p>\n\n\n\n<h2 class=\"wp-block-heading has-text-align-center has-larger-font-size\" id=\"single\"><strong>24 KM<\/strong><\/h2>\n\n\n\n<p class=\"has-text-align-center\">Samedi et\/ou dimanche<\/p>\n\n\n\n<h4 class=\"wp-block-heading\">D\u00e9part<\/h4>\n\n\n\n<p>Blankenberge Maerlant Atheneum<br\/>de 8 h \u00e0 11 h<\/p>\n\n\n\n<h4 class=\"wp-block-heading\">S&rsquo;inscrire<\/h4>\n\n\n\n<p><strong>Uniquement sur r\u00e9servation<\/strong> jusqu&rsquo;au 19 avril 2026 inclus<\/p>\n<\/div>\n\n\n\n<div class=\"wp-block-column has-very-light-gray-to-cyan-bluish-gray-gradient-background has-text-color has-background has-link-color wp-elements-bf0d03ac54a887a4c8aae0d82dda7b2a is-layout-flow wp-block-column-is-layout-flow\" style=\"color:#000000;padding-top:2em;padding-right:2em;padding-bottom:2em;padding-left:2em\">\n<h2 class=\"wp-block-heading has-text-align-center has-larger-font-size\" id=\"single\"><strong>15 ou 7 km<\/strong><\/h2>\n\n\n\n<p class=\"has-text-align-center\">Samedi et\/ou dimanche<\/p>\n\n\n\n<h4 class=\"wp-block-heading\">D\u00e9part<\/h4>\n\n\n\n<p>Ath\u00e9n\u00e9e de Blankenberge Maerlant<br\/>de 9 h \u00e0 15 h<\/p>\n\n\n\n<h4 class=\"wp-block-heading\">S&rsquo;inscrire<\/h4>\n\n\n\n<p style=\"text-decoration:line-through\"><strong>En pr\u00e9-vente<\/strong> jusqu&rsquo;au 19 avril 2026 \u00e0 tarif r\u00e9duit.<\/p>\n\n\n\n<p>Le jour m\u00eame, hors tarif r\u00e9duit (2 \u20ac suppl\u00e9mentaires par jour de randonn\u00e9e)<\/p>\n<\/div>\n<\/div>\n\n<p class=\"has-small-font-size\"><\/p>\n\n<p class=\"has-small-font-size\"><\/p>\n\n<h3 class=\"wp-block-heading\">Inclus<\/h3>\n\n<ul class=\"wp-block-list\">\n<li><strong>Carte de d\u00e9part<\/strong><\/li>\n\n\n\n<li><strong>Assurance<\/strong><\/li>\n\n\n\n<li><strong>Approvisionnement g\u00e9n\u00e9reux<\/strong> pendant le trajet.<\/li>\n\n\n\n<li>Un <strong>poisson fra\u00eechement frit<\/strong> \u00e0 l&rsquo;arriv\u00e9e**.<\/li>\n\n\n\n<li>Un <strong>badge unique<\/strong> comme souvenir.<\/li>\n\n\n\n<li>Une <strong>m\u00e9daille unique<\/strong> comme souvenir lorsque vous marchez pendant 2 jours.<\/li>\n<\/ul>\n\n<blockquote class=\"wp-block-quote is-layout-flow wp-block-quote-is-layout-flow\">\n<p class=\"has-text-align-right has-small-font-size\"><sup>**<\/sup> Un par randonneur pour le week-end<\/p>\n<\/blockquote>\n\n<div class=\"wp-block-group alignfull\"><div class=\"wp-block-group__inner-container is-layout-constrained wp-block-group-is-layout-constrained\">\n<div class=\"wp-block-columns alignwide has-background is-layout-flex wp-container-core-columns-is-layout-9d6595d7 wp-block-columns-is-layout-flex\" style=\"background-color:#80d64200\">\n<div class=\"wp-block-column is-layout-flow wp-block-column-is-layout-flow\">\n<h3 class=\"wp-block-heading has-text-align-center has-white-color has-primary-background-color has-text-color has-background\" id=\"trein\">Bus 50KM Blankenberge &#8211; Knokke<\/h3>\n\n\n\n<p class=\"has-text-align-center has-text-color has-background has-link-color wp-elements-204a2e2dd7b118468bc75dd3d5b035ee\" style=\"color:#ffffff;background-color:#cc0000\"><strong>Les inscriptions ne sont plus possibles<\/strong><\/p>\n\n\n\n<p>Nous mettons \u00e0 la disposition <strong>exclusive de nos randonneurs des bus entre Blankenberge et Knokke<\/strong>, le point de d\u00e9part du 50 km le samedi 2 mai. Et ce pour seulement \u20ac 5 !<br\/><br\/>Le bus part de la mairie de Blankenberge.<br\/><br\/><strong>L&rsquo;inscription \u00e0 l&rsquo;avance est obligatoire (jusqu&rsquo;au 19 avril inclus) !<\/strong><\/p>\n\n\n\n<blockquote class=\"wp-block-quote is-layout-flow wp-block-quote-is-layout-flow\"><\/blockquote>\n<\/div>\n\n\n\n<div class=\"wp-block-column is-layout-flow wp-block-column-is-layout-flow\">\n<h3 class=\"wp-block-heading has-text-align-center has-white-color has-primary-background-color has-text-color has-background\">Nuit\u00e9e + petit-d\u00e9jeuner + panier-repas<\/h3>\n\n\n\n<p class=\"has-text-align-center has-text-color has-background has-link-color wp-elements-204a2e2dd7b118468bc75dd3d5b035ee\" style=\"color:#ffffff;background-color:#cc0000\"><strong>Les inscriptions ne sont plus possibles<\/strong><\/p>\n\n\n\n<p>Il est possible de passer la nuit avec d&rsquo;autres randonneurs dans le cadre de la Randonn\u00e9e de Deux Jours.<br\/><br\/>Pour cela, nous disposons de 170 places libres dans deux salles de sport proches du d\u00e9part et de l&rsquo;arriv\u00e9e. Deux petits d\u00e9jeuners sont inclus et vous pouvez \u00e9galement pr\u00e9parer un panier-repas le matin pour la journ\u00e9e.<br\/><br\/><strong>Cette option n&rsquo;est disponible que dans le cadre des inscriptions \u00e0 l&rsquo;avance (jusqu&rsquo;au 19 avril inclus).<\/strong> N&rsquo;oubliez pas de l&rsquo;indiquer lors de votre inscription.<br\/><br\/>Cette option ne co\u00fbte que 30 \u20ac.<br\/><br\/>Pr\u00e9f\u00e9reriez-vous un autre endroit ? N&rsquo;oubliez pas de consulter notre aper\u00e7u <a href=\"https:\/\/www.2daagse.be\/fr\/infos-pratiques\/passer-la-nuit\/\" data-type=\"page\" data-id=\"285\">des h\u00f4tels de la Randonn\u00e9e<\/a><\/p>\n<\/div>\n<\/div>\n\n\n\n<div class=\"wp-block-columns alignwide has-background is-layout-flex wp-container-core-columns-is-layout-9d6595d7 wp-block-columns-is-layout-flex\" style=\"background-color:#80d64200\">\n<div class=\"wp-block-column is-layout-flow wp-block-column-is-layout-flow\">\n<h3 class=\"wp-block-heading has-text-align-center has-white-color has-primary-background-color has-text-color has-background\" id=\"jeugdbeweging\">Mouvements de jeunesse<\/h3>\n\n\n\n<p>Les mouvements de jeunesse b\u00e9n\u00e9ficient d&rsquo;un tarif sp\u00e9cial et paient 5 \u20ac par jour et par participant, quelle que soit la distance parcourue.<br\/>Veuillez nous indiquer, <strong>avant le mercredi 29 avril<\/strong>, le nombre (approximatif) de participants \u00e0 l&rsquo;adresse <a href=\"mailto:info@2daagse.be\" target=\"_blank\" rel=\"noreferrer noopener\">info@2daagse.be<\/a>.<\/p>\n\n\n\n<p>La liste \u00e0 utiliser \u00e0 cette fin sera disponible ci-dessous peu apr\u00e8s le d\u00e9but des inscriptions.<\/p>\n\n\n\n<p>Le jour m\u00eame, venez au stand d&rsquo;information au bureau d&rsquo;inscription au point de d\u00e9part (Atheneum Maerlant). L\u00e0, vous nous donnerez la liste, vous paierez en esp\u00e8ces ou par carte et vous obtiendrez les cartes de d\u00e9part.<\/p>\n<\/div>\n<\/div>\n<\/div><\/div>\n","protected":false},"excerpt":{"rendered":"<p>Il n&rsquo;est plus possible de s&rsquo;inscrire \u00e0 l&rsquo;avance. Vous pouvez encore vous inscrire sur place,mais uniquement pour les parcours de 7 et 15 km. Les inscriptions ne sont plus possibles 50 KM uniquement le samedi 2 mai D\u00e9part Knokke-Heistde 7 h \u00e0 8 h 30 S&rsquo;inscrire Uniquement sur r\u00e9servation et jusqu&rsquo;au 19 avril 2026 inclus [&hellip;]<\/p>\n","protected":false},"author":2,"featured_media":761,"parent":0,"menu_order":0,"comment_status":"closed","ping_status":"closed","template":"templates\/template-cover.php","meta":{"footnotes":""},"class_list":["post-6859","page","type-page","status-publish","has-post-thumbnail","hentry"],"_links":{"self":[{"href":"https:\/\/www.2daagse.be\/fr\/wp-json\/wp\/v2\/pages\/6859","targetHints":{"allow":["GET"]}}],"collection":[{"href":"https:\/\/www.2daagse.be\/fr\/wp-json\/wp\/v2\/pages"}],"about":[{"href":"https:\/\/www.2daagse.be\/fr\/wp-json\/wp\/v2\/types\/page"}],"author":[{"embeddable":true,"href":"https:\/\/www.2daagse.be\/fr\/wp-json\/wp\/v2\/users\/2"}],"replies":[{"embeddable":true,"href":"https:\/\/www.2daagse.be\/fr\/wp-json\/wp\/v2\/comments?post=6859"}],"version-history":[{"count":10,"href":"https:\/\/www.2daagse.be\/fr\/wp-json\/wp\/v2\/pages\/6859\/revisions"}],"predecessor-version":[{"id":7662,"href":"https:\/\/www.2daagse.be\/fr\/wp-json\/wp\/v2\/pages\/6859\/revisions\/7662"}],"wp:featuredmedia":[{"embeddable":true,"href":"https:\/\/www.2daagse.be\/fr\/wp-json\/wp\/v2\/media\/761"}],"wp:attachment":[{"href":"https:\/\/www.2daagse.be\/fr\/wp-json\/wp\/v2\/media?parent=6859"}],"curies":[{"name":"wp","href":"https:\/\/api.w.org\/{rel}","templated":true}]}}