{"id":6701,"date":"2025-04-20T13:56:57","date_gmt":"2025-04-20T12:56:57","guid":{"rendered":"https:\/\/www.2daagse.be\/huisje-van-majutte\/"},"modified":"2025-04-20T14:09:39","modified_gmt":"2025-04-20T13:09:39","slug":"huisje-van-majutte","status":"publish","type":"page","link":"https:\/\/www.2daagse.be\/fr\/infos-pratiques\/passer-la-nuit\/huisje-van-majutte\/","title":{"rendered":"Maison de Majutte"},"content":{"rendered":"\n<div class=\"wp-block-envira-envira-gallery\"><div id=\"envira-gallery-wrap-6694\" class=\"envira-gallery-wrap envira-gallery-theme-base envira-lightbox-theme-base\" itemscope itemtype=\"https:\/\/schema.org\/ImageGallery\"><div data-row-height=\"150\" data-gallery-theme=\"normal\" id=\"envira-gallery-6694\" class=\"envira-gallery-public envira-gallery-justified-public envira-gallery-0-columns envira-clear enviratope envira-gallery-css-animations\" data-envira-columns=\"0\"><div id=\"envira-gallery-item-6691\" class=\"envira-gallery-item enviratope-item envira-gallery-item-1 envira-lazy-load\" style=\"padding-left: 1px; padding-bottom: 1px; padding-right: 1px;\"  itemscope itemtype=\"https:\/\/schema.org\/ImageObject\"><div class=\"envira-gallery-item-inner\"><div class=\"envira-gallery-position-overlay  envira-gallery-top-left\"><\/div><div class=\"envira-gallery-position-overlay  envira-gallery-top-right\"><\/div><div class=\"envira-gallery-position-overlay  envira-gallery-bottom-left\"><\/div><div class=\"envira-gallery-position-overlay  envira-gallery-bottom-right\"><\/div><a href=\"https:\/\/i0.wp.com\/www.2daagse.be\/wp-content\/uploads\/2025\/04\/Aquarel-Large.jpg?fit=14061080&#038;ssl=1\" class=\"envira-gallery-6694 envira-gallery-link\" rel=\"enviragallery6694\" title=\"Huisje van Majutte\" data-envira-caption=\"Huisje van Majutte\" data-envira-retina=\"\" data-thumbnail=\"\"  itemprop=\"contentUrl\"><img decoding=\"async\" id=\"envira-gallery-image-6691\" class=\"envira-gallery-image envira-gallery-image-1 envira-normal envira-lazy\" data-envira-index=\"1\" src=\"https:\/\/i0.wp.com\/www.2daagse.be\/wp-content\/uploads\/2025\/04\/Aquarel-Large.jpg?fit=580%2C446&#038;ssl=1\" data-envira-src=\"https:\/\/i0.wp.com\/www.2daagse.be\/wp-content\/uploads\/2025\/04\/Aquarel-Large.jpg?fit=580%2C446&#038;ssl=1\" data-envira-gallery-id=\"6694\" data-envira-item-id=\"6691\" data-envira-caption=\"Huisje van Majutte\" alt=\"Huisje van Majutte\" title=\"Huisje van Majutte\"  itemprop=\"thumbnailUrl\" data-envira-srcset=\"https:\/\/i0.wp.com\/www.2daagse.be\/wp-content\/uploads\/2025\/04\/Aquarel-Large.jpg?fit=580%2C446&#038;ssl=1 400w,https:\/\/i0.wp.com\/www.2daagse.be\/wp-content\/uploads\/2025\/04\/Aquarel-Large.jpg?fit=580%2C446&#038;ssl=1 2x\" data-envira-width=\"300\" data-envira-height=\"230\" srcset=\"data:image\/gif;base64,R0lGODlhAQABAIAAAP\/\/\/\/\/\/\/yH5BAEKAAEALAAAAAABAAEAAAICTAEAOw==\" data-safe-src=\"data:image\/gif;base64,R0lGODlhAQABAIAAAP\/\/\/\/\/\/\/yH5BAEKAAEALAAAAAABAAEAAAICTAEAOw==\" \/><\/a><\/div><\/div><\/div><\/div><noscript><img decoding=\"async\" src=\"https:\/\/i0.wp.com\/www.2daagse.be\/wp-content\/uploads\/2025\/04\/Aquarel-Large.jpg?fit=1406%2C1080&#038;ssl=1\" alt=\"Huisje van Majutte\" \/><\/noscript><\/div>\n\n<p>Ce n&rsquo;est pas vraiment un h\u00f4tel, mais il vaut vraiment la peine d&rsquo;\u00eatre visit\u00e9.<\/p>\n\n<p>La <strong>maison de p\u00eacheur Majutte<\/strong>, g\u00e9n\u00e9ralement appel\u00e9e <strong><em>Maison de Majutte<\/em><\/strong>, est une maison de p\u00eacheur du XVIII<sup>e<\/sup> si\u00e8cle pr\u00e9serv\u00e9e, situ\u00e9e dans la Breydelstraat \u00e0 Blankenberge.<\/p>\n\n<p>Vous pouvez vous y rendre en permanence de 12 heures \u00e0 21 heures tous les jours pour prendre des collations et des boissons dans le cottage lui-m\u00eame ou dans la belle cour.<\/p>\n\n<p>Plats typiques de la c\u00f4te : croquettes de crevettes, lamelles de cabillaud, salade de poisson, saumon fum\u00e9, anguille et fl\u00e9tan, plats de fruits de mer,&#8230;<\/p>\n\n<h2 class=\"wp-block-heading\">Contact<\/h2>\n\n<p><strong>Maison de Majutte<\/strong><\/p>\n\n<p>Breydelstraat 10, 8370 Blankenberge (<a href=\"https:\/\/maps.app.goo.gl\/jpKSruWAsBhq16Rw5\" target=\"_blank\" rel=\"noreferrer noopener\">carte<\/a>)<\/p>\n\n<p>T\u00e9l: +32 50 41 16 39<\/p>\n\n<p><a href=\"mailto:info@gatsbyhotel.be\">info@gatsbyhotel.be<\/a><br\/><a href=\"https:\/\/www.majutte.be\" target=\"_blank\" rel=\"noreferrer noopener\">www.majutte.be<\/a><\/p>\n\n<p><\/p>\n","protected":false},"excerpt":{"rendered":"<p>Ce n&rsquo;est pas vraiment un h\u00f4tel, mais il vaut vraiment la peine d&rsquo;\u00eatre visit\u00e9. La maison de p\u00eacheur Majutte, g\u00e9n\u00e9ralement appel\u00e9e Maison de Majutte, est une maison de p\u00eacheur du XVIIIe si\u00e8cle pr\u00e9serv\u00e9e, situ\u00e9e dans la Breydelstraat \u00e0 Blankenberge. Vous pouvez vous y rendre en permanence de 12 heures \u00e0 21 heures tous les jours [&hellip;]<\/p>\n","protected":false},"author":2,"featured_media":6693,"parent":587,"menu_order":0,"comment_status":"closed","ping_status":"closed","template":"templates\/template-cover.php","meta":{"footnotes":""},"class_list":["post-6701","page","type-page","status-publish","has-post-thumbnail","hentry"],"_links":{"self":[{"href":"https:\/\/www.2daagse.be\/fr\/wp-json\/wp\/v2\/pages\/6701","targetHints":{"allow":["GET"]}}],"collection":[{"href":"https:\/\/www.2daagse.be\/fr\/wp-json\/wp\/v2\/pages"}],"about":[{"href":"https:\/\/www.2daagse.be\/fr\/wp-json\/wp\/v2\/types\/page"}],"author":[{"embeddable":true,"href":"https:\/\/www.2daagse.be\/fr\/wp-json\/wp\/v2\/users\/2"}],"replies":[{"embeddable":true,"href":"https:\/\/www.2daagse.be\/fr\/wp-json\/wp\/v2\/comments?post=6701"}],"version-history":[{"count":3,"href":"https:\/\/www.2daagse.be\/fr\/wp-json\/wp\/v2\/pages\/6701\/revisions"}],"predecessor-version":[{"id":6714,"href":"https:\/\/www.2daagse.be\/fr\/wp-json\/wp\/v2\/pages\/6701\/revisions\/6714"}],"up":[{"embeddable":true,"href":"https:\/\/www.2daagse.be\/fr\/wp-json\/wp\/v2\/pages\/587"}],"wp:featuredmedia":[{"embeddable":true,"href":"https:\/\/www.2daagse.be\/fr\/wp-json\/wp\/v2\/media\/6693"}],"wp:attachment":[{"href":"https:\/\/www.2daagse.be\/fr\/wp-json\/wp\/v2\/media?parent=6701"}],"curies":[{"name":"wp","href":"https:\/\/api.w.org\/{rel}","templated":true}]}}