{"id":609,"date":"2023-01-08T19:11:18","date_gmt":"2023-01-08T18:11:18","guid":{"rendered":"https:\/\/tweedaagse.be\/plus\/"},"modified":"2025-12-28T22:51:48","modified_gmt":"2025-12-28T21:51:48","slug":"plus","status":"publish","type":"page","link":"https:\/\/www.2daagse.be\/fr\/plus\/","title":{"rendered":"Plus&#8230;"},"content":{"rendered":"\n<p class=\"has-text-align-center\">La Randonn\u00e9e de Deux Jours est plus que la marche.<\/p>\n\n<h2 class=\"wp-block-heading\">Plus de marches<\/h2>\n\n<p><a href=\"#de-stormtocht\">De Stormtocht<\/a> \/\/ <a href=\"#Wandelsport-Vlaanderen\">Wandelsport Vlaanderen<\/a> \/\/ <a href=\"#Klaver4\">Klaver 4<\/a> \/\/ <a href=\"#IML\">IML Walking<\/a><\/p>\n\n<div class=\"wp-block-cover alignfull is-light\"><span aria-hidden=\"true\" class=\"wp-block-cover__background has-background-dim-100 has-background-dim\" style=\"background-color:#ffffff\"><\/span><div class=\"wp-block-cover__inner-container is-layout-flow wp-block-cover-is-layout-flow\">\n<div class=\"wp-block-media-text alignwide is-stacked-on-mobile\" style=\"grid-template-columns:33% auto\"><figure class=\"wp-block-media-text__media\"><img data-recalc-dims=\"1\" loading=\"lazy\" decoding=\"async\" width=\"580\" height=\"591\" src=\"https:\/\/i0.wp.com\/www.2daagse.be\/wp-content\/uploads\/2023\/01\/stormtocht.png?resize=580%2C591&#038;ssl=1\" alt=\"Stormtocht Blankenberge\" class=\"wp-image-263 size-full\" srcset=\"https:\/\/i0.wp.com\/www.2daagse.be\/wp-content\/uploads\/2023\/01\/stormtocht.png?resize=1005%2C1024&amp;ssl=1 1005w, https:\/\/i0.wp.com\/www.2daagse.be\/wp-content\/uploads\/2023\/01\/stormtocht.png?resize=295%2C300&amp;ssl=1 295w, https:\/\/i0.wp.com\/www.2daagse.be\/wp-content\/uploads\/2023\/01\/stormtocht.png?resize=768%2C782&amp;ssl=1 768w, https:\/\/i0.wp.com\/www.2daagse.be\/wp-content\/uploads\/2023\/01\/stormtocht.png?resize=1200%2C1222&amp;ssl=1 1200w, https:\/\/i0.wp.com\/www.2daagse.be\/wp-content\/uploads\/2023\/01\/stormtocht.png?w=1395&amp;ssl=1 1395w\" sizes=\"auto, (max-width: 580px) 100vw, 580px\" \/><\/figure><div class=\"wp-block-media-text__content\">\n<h2 class=\"wp-block-heading\">De Stormtocht (la Randonn\u00e9e de la temp\u00eate)<\/h2>\n\n\n\n<p><strong>La fa\u00e7on la plus amusante de prendre un bol d&rsquo;air frais au bord de la mer !<\/strong><\/p>\n\n\n\n<p>Gardez un \u0153il sur notre page ou abonnez-vous \u00e0 <a href=\"https:\/\/2daagse.m-pages.com\/0oQ8Se\/nieuwsbrief-nl\">notre newsletter<\/a>, suivez-nous sur <a rel=\"noreferrer noopener\" href=\"https:\/\/www.facebook.com\/2daagse\" target=\"_blank\">Facebook<\/a>, <a rel=\"noreferrer noopener\" href=\"https:\/\/www.twitter.com\/2daagse\" target=\"_blank\">Twitter<\/a> et <a rel=\"noreferrer noopener\" href=\"https:\/\/www.instagram.com\/2daagse\" target=\"_blank\">Instagram<\/a> pour en savoir plus.<\/p>\n\n\n\n<p><\/p>\n\n\n\n<div class=\"wp-block-buttons is-content-justification-right is-layout-flex wp-container-core-buttons-is-layout-765c4724 wp-block-buttons-is-layout-flex\">\n<div class=\"wp-block-button is-style-fill\"><a class=\"wp-block-button__link wp-element-button\" href=\"https:\/\/www.stormtocht.be\" target=\"_blank\" rel=\"noreferrer noopener\">LIRE PLUS<\/a><\/div>\n<\/div>\n<\/div><\/div>\n<\/div><\/div>\n\n<div style=\"height:50px\" aria-hidden=\"true\" class=\"wp-block-spacer\"><\/div>\n\n<div class=\"wp-block-cover alignfull is-light\"><span aria-hidden=\"true\" class=\"wp-block-cover__background has-background-dim-100 has-background-dim\" style=\"background-color:#ffffff\"><\/span><div class=\"wp-block-cover__inner-container is-layout-flow wp-block-cover-is-layout-flow\">\n<div class=\"wp-block-columns alignfull has-text-color has-background is-layout-flex wp-container-core-columns-is-layout-9d6595d7 wp-block-columns-is-layout-flex\" style=\"color:#000000;background-color:#ffffff\">\n<div class=\"wp-block-column is-layout-flow wp-block-column-is-layout-flow\" style=\"flex-basis:34%\"><div class=\"wp-block-image is-style-default wp-duotone-unset-1\">\n<figure class=\"aligncenter size-large is-resized\"><img data-recalc-dims=\"1\" loading=\"lazy\" decoding=\"async\" width=\"580\" height=\"173\" src=\"https:\/\/i0.wp.com\/www.2daagse.be\/wp-content\/uploads\/2023\/01\/logo_wsvl_quadri.jpg?resize=580%2C173&#038;ssl=1\" alt=\"Wandelsport Vlaanderen\" class=\"wp-image-249\" style=\"height:120px\" srcset=\"https:\/\/i0.wp.com\/www.2daagse.be\/wp-content\/uploads\/2023\/01\/logo_wsvl_quadri-scaled.jpg?resize=1024%2C306&amp;ssl=1 1024w, https:\/\/i0.wp.com\/www.2daagse.be\/wp-content\/uploads\/2023\/01\/logo_wsvl_quadri-scaled.jpg?resize=300%2C90&amp;ssl=1 300w, https:\/\/i0.wp.com\/www.2daagse.be\/wp-content\/uploads\/2023\/01\/logo_wsvl_quadri-scaled.jpg?resize=768%2C229&amp;ssl=1 768w, https:\/\/i0.wp.com\/www.2daagse.be\/wp-content\/uploads\/2023\/01\/logo_wsvl_quadri-scaled.jpg?resize=1536%2C458&amp;ssl=1 1536w, https:\/\/i0.wp.com\/www.2daagse.be\/wp-content\/uploads\/2023\/01\/logo_wsvl_quadri-scaled.jpg?resize=2048%2C611&amp;ssl=1 2048w, https:\/\/i0.wp.com\/www.2daagse.be\/wp-content\/uploads\/2023\/01\/logo_wsvl_quadri-scaled.jpg?resize=1200%2C358&amp;ssl=1 1200w, https:\/\/i0.wp.com\/www.2daagse.be\/wp-content\/uploads\/2023\/01\/logo_wsvl_quadri-scaled.jpg?resize=1980%2C591&amp;ssl=1 1980w, https:\/\/i0.wp.com\/www.2daagse.be\/wp-content\/uploads\/2023\/01\/logo_wsvl_quadri-scaled.jpg?w=1740&amp;ssl=1 1740w\" sizes=\"auto, (max-width: 580px) 100vw, 580px\" \/><\/figure>\n<\/div>\n\n\n<h3 class=\"wp-block-heading has-text-align-center\" id=\"Wandelsport-Vlaanderen\" style=\"font-size:24px;line-height:1.3\"><strong><a href=\"http:\/\/wordpress.org\">Wandelsport Vlaanderen<\/a><\/strong><\/h3>\n\n\n\n<p>La Randonn\u00e9e de Deux Jours est affili\u00e9 \u00e0 <a rel=\"noreferrer noopener\" href=\"https:\/\/www.wandelsportvlaanderen.be\/\" target=\"_blank\">Wandelsport Vlaanderen<\/a>, la f\u00e9d\u00e9ration de plus de 300 clubs de marche flamands.<\/p>\n\n\n\n<p class=\"has-text-align-right\"><a rel=\"noreferrer noopener\" href=\"https:\/\/www.wandelsportvlaanderen.be\/\" target=\"_blank\">en savoir plus<\/a><\/p>\n<\/div>\n\n\n\n<div class=\"wp-block-column is-layout-flow wp-block-column-is-layout-flow\" style=\"flex-basis:32%\"><div class=\"wp-block-image is-style-default wp-duotone-unset-2\">\n<figure class=\"aligncenter size-medium\"><img data-recalc-dims=\"1\" loading=\"lazy\" decoding=\"async\" width=\"300\" height=\"300\" src=\"https:\/\/i0.wp.com\/www.2daagse.be\/wp-content\/uploads\/2024\/11\/klaver-4-logo-2025.jpg?resize=300%2C300&#038;ssl=1\" alt=\"Klaver 4 -logo - Klaver 4, dat is een verzameling van vier straffe wandeluitdagingen in West-Vlaanderen. Le Poppieswalk, la Randonn&#xE9;e de Deux Jours de Blankenberge, la Nuit des Flandres et les Quatre Jours de l'Yser sont autant de merveilleuses organisations de randonn&#xE9;e qui vous feront d&#xE9;couvrir le meilleur de la r&#xE9;gion. Participez aux quatre circuits, collectez des timbres sur votre carte d'&#xE9;pargne gratuite et &#xE9;changez-les contre des r&#xE9;compenses amusantes !   \" class=\"wp-image-4121\" style=\"aspect-ratio:1;object-fit:cover\" srcset=\"https:\/\/i0.wp.com\/www.2daagse.be\/wp-content\/uploads\/2024\/11\/klaver-4-logo-2025.jpg?resize=300%2C300&amp;ssl=1 300w, https:\/\/i0.wp.com\/www.2daagse.be\/wp-content\/uploads\/2024\/11\/klaver-4-logo-2025.jpg?resize=1022%2C1024&amp;ssl=1 1022w, https:\/\/i0.wp.com\/www.2daagse.be\/wp-content\/uploads\/2024\/11\/klaver-4-logo-2025.jpg?resize=150%2C150&amp;ssl=1 150w, https:\/\/i0.wp.com\/www.2daagse.be\/wp-content\/uploads\/2024\/11\/klaver-4-logo-2025.jpg?resize=768%2C770&amp;ssl=1 768w, https:\/\/i0.wp.com\/www.2daagse.be\/wp-content\/uploads\/2024\/11\/klaver-4-logo-2025.jpg?resize=1200%2C1203&amp;ssl=1 1200w, https:\/\/i0.wp.com\/www.2daagse.be\/wp-content\/uploads\/2024\/11\/klaver-4-logo-2025.jpg?w=1314&amp;ssl=1 1314w\" sizes=\"auto, (max-width: 300px) 100vw, 300px\" \/><\/figure>\n<\/div>\n\n\n<h3 class=\"wp-block-heading has-text-align-center\" id=\"Klaver4\" style=\"font-size:24px;line-height:1.3\"><a href=\"http:\/\/klaver4.be\" data-type=\"URL\" data-id=\"klaver4.org\" target=\"_blank\" rel=\"noreferrer noopener\">Klaver 4<\/a><\/h3>\n\n\n\n<p>Klaver 4 (Tr\u00e8fle 4), qui est une collection de quatre d\u00e9fis de randonn\u00e9e en Flandre occidentale (Belgique). Le <a href=\"https:\/\/www.poppieswalk.be\" target=\"_blank\" rel=\"noreferrer noopener\">Poppieswalk<\/a>, la <a href=\"https:\/\/www.2daagse.be\/fr\/\" target=\"_blank\" rel=\"noreferrer noopener\">Randonn\u00e9e de Deux Jours de Blankenberge<\/a>, la <a href=\"https:\/\/www.nvv.be\" target=\"_blank\" rel=\"noreferrer noopener\">Nuit des Flandres<\/a> et les <a href=\"https:\/\/www.vierdaagse.be\/\" target=\"_blank\" rel=\"noreferrer noopener\">Quatre Jours de l&rsquo;Yser<\/a> sont autant de merveilleuses organisations de randonn\u00e9e qui vous feront d\u00e9couvrir le meilleur de la r\u00e9gion. <\/p>\n\n\n\n<p>Participez aux quatre circuits, collectez des timbres sur votre carte d&rsquo;\u00e9pargne gratuite et \u00e9changez-les contre des r\u00e9compenses amusantes !<\/p>\n\n\n\n<p><\/p>\n\n\n\n<p class=\"has-text-align-right\"><a href=\"https:\/\/www.klaver4.be\/\" target=\"_blank\" rel=\"noreferrer noopener\">en savoir plus<\/a><\/p>\n\n\n\n<p>.<\/p>\n<\/div>\n\n\n\n<div class=\"wp-block-column is-layout-flow wp-block-column-is-layout-flow\" style=\"flex-basis:34%\"><div class=\"wp-block-image wp-duotone-unset-3\">\n<figure class=\"aligncenter size-full\"><img data-recalc-dims=\"1\" loading=\"lazy\" decoding=\"async\" width=\"280\" height=\"300\" src=\"https:\/\/i0.wp.com\/www.2daagse.be\/wp-content\/uploads\/2023\/01\/logo-iml.jpg?resize=280%2C300&#038;ssl=1\" alt=\"\" class=\"wp-image-256\"\/><\/figure>\n<\/div>\n\n\n<h3 class=\"wp-block-heading has-text-align-center\" id=\"IML\" style=\"font-size:24px;line-height:1.3\"><a href=\"http:\/\/imlwalking.org\" data-type=\"URL\" data-id=\"imlwalking.org\" target=\"_blank\" rel=\"noreferrer noopener\">IML Walking Association<\/a><\/h3>\n\n\n\n<p>La Randonn\u00e9e de Deux Jours est membre de l&rsquo;<strong>IML Walking Association<\/strong>, une organisation dont l&rsquo;objectif est de promouvoir la marche au niveau international par le biais de diverses marches de plusieurs jours dans diff\u00e9rents pays.<\/p>\n\n\n\n<p class=\"has-text-align-right\"><a rel=\"noreferrer noopener\" href=\"http:\/\/www.imlwalking.org\/\" target=\"_blank\">en savoir plus<\/a><\/p>\n<\/div>\n<\/div>\n<\/div><\/div>\n\n<div style=\"height:50px\" aria-hidden=\"true\" class=\"wp-block-spacer\"><\/div>\n\n<h2 class=\"wp-block-heading\">Plus d&rsquo;exp\u00e9rience<\/h2>\n\n<div class=\"wp-block-group alignwide has-background\" style=\"background-color:#f8f4e4\"><div class=\"wp-block-group__inner-container is-layout-flow wp-block-group-is-layout-flow\">\n<div class=\"wp-block-columns alignwide is-layout-flex wp-container-core-columns-is-layout-9d6595d7 wp-block-columns-is-layout-flex\">\n<div class=\"wp-block-column is-layout-flow wp-block-column-is-layout-flow\" style=\"flex-basis:50%\">\n<h4 class=\"wp-block-heading has-background-color has-primary-background-color has-text-color has-background has-extra-small-font-size\" id=\"minamiboso\"><em>La Randonn\u00e9e de Deux Jours a \u00e9galement des liens \u00e9troits avec le Japon.<\/em><\/h4>\n\n\n\n<p>Par exemple, il y a plus de 25 ans, nous avons fraternis\u00e9 avec <a rel=\"noreferrer noopener\" href=\"https:\/\/en.wikipedia.org\/wiki\/Minamib%C5%8Ds%C5%8D\" target=\"_blank\">Minamiboso<\/a>, au Japon, par le biais de <a href=\"https:\/\/visitminamiboso.wordpress.com\/2014\/03\/12\/minamiboso-flower-march\/\" target=\"_blank\" rel=\"noreferrer noopener\">la marche des fleurs de Minamiboso<\/a>.<\/p>\n\n\n\n<p>Outre l&rsquo;\u00e9change annuel sur la promenade elle-m\u00eame, nous organisons \u00e9galement, avec Minamiboso, un \u00e9change de quelques \u00e9tudiants d&rsquo;ici et d&rsquo;ailleurs.<\/p>\n\n\n\n<p>Les \u00e9tudiants japonais viennent ici pendant une grande semaine pour s&rsquo;impr\u00e9gner de notre culture ; ensuite, nos \u00e9tudiants se connectent pendant une grande semaine \u00e0 Minamiboso pour faire de m\u00eame.<\/p>\n<\/div>\n\n\n\n<div class=\"wp-block-column is-layout-flow wp-block-column-is-layout-flow\" style=\"flex-basis:20%\">\n<div style=\"height:207px\" aria-hidden=\"true\" class=\"wp-block-spacer\"><\/div>\n\n\n\n<figure class=\"wp-block-image size-full wp-duotone-64b629-rgb255255255-4\"><img data-recalc-dims=\"1\" loading=\"lazy\" decoding=\"async\" width=\"580\" height=\"543\" src=\"https:\/\/i0.wp.com\/www.2daagse.be\/wp-content\/uploads\/2023\/01\/logo-minamiboso.png?resize=580%2C543&#038;ssl=1\" alt=\"Minamiboso-Blankenberge\" class=\"wp-image-270\" srcset=\"https:\/\/i0.wp.com\/www.2daagse.be\/wp-content\/uploads\/2023\/01\/logo-minamiboso.png?w=3446&amp;ssl=1 3446w, https:\/\/i0.wp.com\/www.2daagse.be\/wp-content\/uploads\/2023\/01\/logo-minamiboso.png?resize=300%2C281&amp;ssl=1 300w, https:\/\/i0.wp.com\/www.2daagse.be\/wp-content\/uploads\/2023\/01\/logo-minamiboso.png?resize=768%2C720&amp;ssl=1 768w, https:\/\/i0.wp.com\/www.2daagse.be\/wp-content\/uploads\/2023\/01\/logo-minamiboso.png?resize=1536%2C1439&amp;ssl=1 1536w, https:\/\/i0.wp.com\/www.2daagse.be\/wp-content\/uploads\/2023\/01\/logo-minamiboso.png?resize=2048%2C1919&amp;ssl=1 2048w, https:\/\/i0.wp.com\/www.2daagse.be\/wp-content\/uploads\/2023\/01\/logo-minamiboso.png?resize=1200%2C1124&amp;ssl=1 1200w, https:\/\/i0.wp.com\/www.2daagse.be\/wp-content\/uploads\/2023\/01\/logo-minamiboso.png?resize=1980%2C1855&amp;ssl=1 1980w, https:\/\/i0.wp.com\/www.2daagse.be\/wp-content\/uploads\/2023\/01\/logo-minamiboso.png?w=1740&amp;ssl=1 1740w\" sizes=\"auto, (max-width: 580px) 100vw, 580px\" \/><\/figure>\n<\/div>\n\n\n\n<div class=\"wp-block-column is-layout-flow wp-block-column-is-layout-flow\" style=\"flex-basis:30%\">\n<div style=\"height:100px\" aria-hidden=\"true\" class=\"wp-block-spacer\"><\/div>\n\n\n\n<figure class=\"wp-block-image size-large is-style-rounded wp-duotone-unset-5\"><img data-recalc-dims=\"1\" loading=\"lazy\" decoding=\"async\" width=\"580\" height=\"379\" src=\"https:\/\/i0.wp.com\/www.2daagse.be\/wp-content\/uploads\/2023\/01\/20171103_162956-e1515563616474-1024x669.webp?resize=580%2C379&#038;ssl=1\" alt=\"Un endroit pittoresque pr&#xE8;s du phare de Nojimazaki - source https:\/\/visitminamiboso.wordpress.com\/\" class=\"wp-image-273\" srcset=\"https:\/\/i0.wp.com\/www.2daagse.be\/wp-content\/uploads\/2023\/01\/20171103_162956-e1515563616474.webp?resize=1024%2C669&amp;ssl=1 1024w, https:\/\/i0.wp.com\/www.2daagse.be\/wp-content\/uploads\/2023\/01\/20171103_162956-e1515563616474.webp?resize=300%2C196&amp;ssl=1 300w, https:\/\/i0.wp.com\/www.2daagse.be\/wp-content\/uploads\/2023\/01\/20171103_162956-e1515563616474.webp?resize=768%2C502&amp;ssl=1 768w, https:\/\/i0.wp.com\/www.2daagse.be\/wp-content\/uploads\/2023\/01\/20171103_162956-e1515563616474.webp?resize=1536%2C1003&amp;ssl=1 1536w, https:\/\/i0.wp.com\/www.2daagse.be\/wp-content\/uploads\/2023\/01\/20171103_162956-e1515563616474.webp?resize=1200%2C784&amp;ssl=1 1200w, https:\/\/i0.wp.com\/www.2daagse.be\/wp-content\/uploads\/2023\/01\/20171103_162956-e1515563616474.webp?resize=1980%2C1293&amp;ssl=1 1980w, https:\/\/i0.wp.com\/www.2daagse.be\/wp-content\/uploads\/2023\/01\/20171103_162956-e1515563616474.webp?w=2000&amp;ssl=1 2000w, https:\/\/i0.wp.com\/www.2daagse.be\/wp-content\/uploads\/2023\/01\/20171103_162956-e1515563616474.webp?w=1740&amp;ssl=1 1740w\" sizes=\"auto, (max-width: 580px) 100vw, 580px\" \/><figcaption class=\"wp-element-caption\">Coucher de soleil au phare de Nojimazaki<\/figcaption><\/figure>\n<\/div>\n<\/div>\n\n\n\n<div class=\"wp-block-columns alignwide is-layout-flex wp-container-core-columns-is-layout-9d6595d7 wp-block-columns-is-layout-flex\">\n<div class=\"wp-block-column is-layout-flow wp-block-column-is-layout-flow\" style=\"flex-basis:50%\"><div class=\"wp-block-image is-style-rounded wp-duotone-unset-6\">\n<figure class=\"aligncenter size-full\"><img data-recalc-dims=\"1\" loading=\"lazy\" decoding=\"async\" width=\"401\" height=\"534\" src=\"https:\/\/i0.wp.com\/www.2daagse.be\/wp-content\/uploads\/2023\/01\/afval-recycleer-edited.jpg?resize=401%2C534&#038;ssl=1\" alt=\"&#xE9;cologique et durable\" class=\"wp-image-309\" srcset=\"https:\/\/i0.wp.com\/www.2daagse.be\/wp-content\/uploads\/2023\/01\/afval-recycleer-edited.jpg?w=401&amp;ssl=1 401w, https:\/\/i0.wp.com\/www.2daagse.be\/wp-content\/uploads\/2023\/01\/afval-recycleer-edited.jpg?resize=225%2C300&amp;ssl=1 225w\" sizes=\"auto, (max-width: 401px) 100vw, 401px\" \/><\/figure>\n<\/div><\/div>\n\n\n\n<div class=\"wp-block-column is-vertically-aligned-center is-layout-flow wp-block-column-is-layout-flow\" style=\"flex-basis:50%\">\n<h4 class=\"wp-block-heading has-background-color has-primary-background-color has-text-color has-background has-extra-small-font-size\"><em>Fair Trade et \u00e9cologie<\/em><\/h4>\n\n\n\n<p class=\"has-text-color has-extra-small-font-size\" style=\"color:#000000\">Avec la Randonn\u00e9e de Deux Jours, nous attachons \u00e9galement une grande importance \u00e0 la durabilit\u00e9 et \u00e0 l&rsquo;environnement.<\/p>\n\n\n\n<p>En tant qu&rsquo;organisation, nous essayons de r\u00e9duire notre empreinte carbone par tous les moyens possibles, sans pour autant faire de compromis sur le confort.<\/p>\n\n\n\n<p>Elle est parfois dans les petites choses : par exemple, nous nous encourageons, ainsi que tous les fournisseurs, \u00e0 \u00e9viter autant que possible les d\u00e9chets. Cela peut se faire en utilisant des mat\u00e9riaux r\u00e9utilisables, pour \u00e9viter les emballages en utilisant des emballages en vrac au lieu de pi\u00e8ces emball\u00e9es individuellement, par exemple.<\/p>\n\n\n\n<p>L&rsquo;aspect de la durabilit\u00e9 est \u00e9galement contenu dans la poursuite de notre objectif de Fair Trade. Par exemple, nous essayons de proposer des produits issus du Fair Trade dans la mesure du possible et nous recherchons une restauration durable : dans la mesure du possible, nous choisissons des fournisseurs ou des producteurs locaux.<\/p>\n<\/div>\n<\/div>\n<\/div><\/div>\n\n<div class=\"wp-block-media-text alignwide has-media-on-the-right is-stacked-on-mobile is-image-fill-element has-primary-background-color has-background\" style=\"grid-template-columns:auto 24%\"><div class=\"wp-block-media-text__content\">\n<h2 class=\"wp-block-heading has-white-color has-text-color\" id=\"Nieuwsbrief-en-sociale-media\">Newsletter et m\u00e9dias sociaux<\/h2>\n\n\n\n<p>Gardez un \u0153il sur notre page ou abonnez-vous \u00e0 <a href=\"https:\/\/2daagse.m-pages.com\/0oQ8Se\/nieuwsbrief-nl\">notre newsletter<\/a>, suivez-nous sur <a rel=\"noreferrer noopener\" href=\"https:\/\/www.facebook.com\/2daagse\" target=\"_blank\">Facebook<\/a>, <a rel=\"noreferrer noopener\" href=\"https:\/\/www.twitter.com\/2daagse\" target=\"_blank\">Twitter<\/a> et <a rel=\"noreferrer noopener\" href=\"https:\/\/www.instagram.com\/2daagse\" target=\"_blank\">Instagram<\/a> pour en savoir plus.<\/p>\n<\/div><figure class=\"wp-block-media-text__media\"><img data-recalc-dims=\"1\" loading=\"lazy\" decoding=\"async\" width=\"580\" height=\"387\" src=\"https:\/\/i0.wp.com\/www.2daagse.be\/wp-content\/uploads\/2023\/01\/contact-us-button-on-keyboard-concept-of-interne-2022-11-04-03-18-08-utc-scaled.jpg?resize=580%2C387&#038;ssl=1\" alt=\"\" class=\"wp-image-259 size-full\" style=\"object-position:50% 50%\" srcset=\"https:\/\/i0.wp.com\/www.2daagse.be\/wp-content\/uploads\/2023\/01\/contact-us-button-on-keyboard-concept-of-interne-2022-11-04-03-18-08-utc-scaled.jpg?w=2560&amp;ssl=1 2560w, https:\/\/i0.wp.com\/www.2daagse.be\/wp-content\/uploads\/2023\/01\/contact-us-button-on-keyboard-concept-of-interne-2022-11-04-03-18-08-utc-scaled.jpg?resize=300%2C200&amp;ssl=1 300w, https:\/\/i0.wp.com\/www.2daagse.be\/wp-content\/uploads\/2023\/01\/contact-us-button-on-keyboard-concept-of-interne-2022-11-04-03-18-08-utc-scaled.jpg?resize=768%2C512&amp;ssl=1 768w, https:\/\/i0.wp.com\/www.2daagse.be\/wp-content\/uploads\/2023\/01\/contact-us-button-on-keyboard-concept-of-interne-2022-11-04-03-18-08-utc-scaled.jpg?resize=2048%2C1365&amp;ssl=1 2048w, https:\/\/i0.wp.com\/www.2daagse.be\/wp-content\/uploads\/2023\/01\/contact-us-button-on-keyboard-concept-of-interne-2022-11-04-03-18-08-utc-scaled.jpg?resize=1200%2C800&amp;ssl=1 1200w, https:\/\/i0.wp.com\/www.2daagse.be\/wp-content\/uploads\/2023\/01\/contact-us-button-on-keyboard-concept-of-interne-2022-11-04-03-18-08-utc-scaled.jpg?w=1740&amp;ssl=1 1740w\" sizes=\"auto, (max-width: 580px) 100vw, 580px\" \/><\/figure><\/div>\n","protected":false},"excerpt":{"rendered":"<p>La Randonn\u00e9e de Deux Jours est plus que la marche. Plus de marches De Stormtocht \/\/ Wandelsport Vlaanderen \/\/ Klaver 4 \/\/ IML Walking Plus d&rsquo;exp\u00e9rience La Randonn\u00e9e de Deux Jours a \u00e9galement des liens \u00e9troits avec le Japon. Par exemple, il y a plus de 25 ans, nous avons fraternis\u00e9 avec Minamiboso, au Japon, [&hellip;]<\/p>\n","protected":false},"author":2,"featured_media":740,"parent":0,"menu_order":60,"comment_status":"closed","ping_status":"closed","template":"templates\/template-cover.php","meta":{"footnotes":""},"class_list":["post-609","page","type-page","status-publish","has-post-thumbnail","hentry"],"_links":{"self":[{"href":"https:\/\/www.2daagse.be\/fr\/wp-json\/wp\/v2\/pages\/609","targetHints":{"allow":["GET"]}}],"collection":[{"href":"https:\/\/www.2daagse.be\/fr\/wp-json\/wp\/v2\/pages"}],"about":[{"href":"https:\/\/www.2daagse.be\/fr\/wp-json\/wp\/v2\/types\/page"}],"author":[{"embeddable":true,"href":"https:\/\/www.2daagse.be\/fr\/wp-json\/wp\/v2\/users\/2"}],"replies":[{"embeddable":true,"href":"https:\/\/www.2daagse.be\/fr\/wp-json\/wp\/v2\/comments?post=609"}],"version-history":[{"count":10,"href":"https:\/\/www.2daagse.be\/fr\/wp-json\/wp\/v2\/pages\/609\/revisions"}],"predecessor-version":[{"id":6926,"href":"https:\/\/www.2daagse.be\/fr\/wp-json\/wp\/v2\/pages\/609\/revisions\/6926"}],"wp:featuredmedia":[{"embeddable":true,"href":"https:\/\/www.2daagse.be\/fr\/wp-json\/wp\/v2\/media\/740"}],"wp:attachment":[{"href":"https:\/\/www.2daagse.be\/fr\/wp-json\/wp\/v2\/media?parent=609"}],"curies":[{"name":"wp","href":"https:\/\/api.w.org\/{rel}","templated":true}]}}