{"id":607,"date":"2023-01-08T19:10:16","date_gmt":"2023-01-08T18:10:16","guid":{"rendered":"https:\/\/tweedaagse.be\/faq\/"},"modified":"2024-02-11T00:00:39","modified_gmt":"2024-02-10T23:00:39","slug":"faq","status":"publish","type":"page","link":"https:\/\/www.2daagse.be\/fr\/faq\/","title":{"rendered":"FAQ"},"content":{"rendered":"\n<p>Des questions ? Consultez notre foire aux questions.<\/p>\n\n<p>Vous avez toujours une question \u00e0 laquelle vous ne trouvez pas de r\u00e9ponse ? Si tel est le cas, n&rsquo;h\u00e9sitez pas \u00e0 nous le faire savoir via <a href=\"https:\/\/www.2daagse.be\/fr\/nous-contacter\/\" data-type=\"page\" data-id=\"173\">le formulaire de contact<\/a>.<\/p>\n\n<hr class=\"wp-block-separator has-alpha-channel-opacity\"\/>\n\n<div class=\"wp-block-quick-and-easy-faqs-faqs-toggle-orderby-title-asc\">            <div class=\"qae-faqs-container qae-faqs-toggle-container\">\n\t\t\t\t\t\t<div id=\"qaef-616\" class=\"qe-faq-toggle edition-2023-fr\">\n\t\t\t<div class=\"qe-toggle-title\">\n\t\t\t\t<h4>\n\t\t\t\t\t<i class=\"fa fa-minus-circle\"><\/i> Est-ce que Nordic Walking est possible?\t\t\t\t<\/h4>\n\t\t\t<\/div>\n\t\t\t<div class=\"qe-toggle-content\">\n\t\t\t\t\n<p>Bien s\u00fbr, vous pouvez pratiquer Nordic Walking sur n&rsquo;importe quel parcours.<\/p>\n\n<p>Gardez juste \u00e0 l&rsquo;esprit les autres randonneurs afin de ne pas les d\u00e9ranger.<\/p>\n\t\t\t<\/div>\n\t\t<\/div>\n\t\t\t\t<div id=\"qaef-614\" class=\"qe-faq-toggle edition-2023-fr\">\n\t\t\t<div class=\"qe-toggle-title\">\n\t\t\t\t<h4>\n\t\t\t\t\t<i class=\"fa fa-minus-circle\"><\/i> J&rsquo;ai des bagages avec moi. Que dois-je faire de cela lorsque je quitte Knokke ?\t\t\t\t<\/h4>\n\t\t\t<\/div>\n\t\t\t<div class=\"qe-toggle-content\">\n\t\t\t\t\n<p>Si vous avez des bagages avec vous au d\u00e9part de la gare, nous assurons le transport de vos bagages jusqu&rsquo;\u00e0 Blankenberge. Ainsi, vous n&rsquo;aurez pas \u00e0 transporter cette lourde valise lors de la randonn\u00e9e.<\/p>\n\n<p>N&rsquo;h\u00e9sitez donc pas \u00e0 venir en train et \u00e0 rester \u00e0 Blankenberge dimanche. <a href=\"https:\/\/tweedaagse.be\/praktische-info\/overnachten\/\" data-type=\"page\" data-id=\"285\">Des occasions \u00e0 profusion !<\/a><\/p>\n\t\t\t<\/div>\n\t\t<\/div>\n\t\t\t\t<div id=\"qaef-618\" class=\"qe-faq-toggle edition-2023-fr\">\n\t\t\t<div class=\"qe-toggle-title\">\n\t\t\t\t<h4>\n\t\t\t\t\t<i class=\"fa fa-minus-circle\"><\/i> Le parcours est-il accessible aux personnes handicap\u00e9es ?\t\t\t\t<\/h4>\n\t\t\t<\/div>\n\t\t\t<div class=\"qe-toggle-content\">\n\t\t\t\t\n<p>Nous essayons toujours d&rsquo;avoir au moins un parcours disponible pour les personnes handicap\u00e9es et les poussettes. Cette ann\u00e9e, nous visons <em>les parcours de 7 et 15 km<\/em>.<\/p>\n\n<p>Parfois, cela ne fonctionne pas et nous devons proposer un court tron\u00e7on alternatif ici et l\u00e0 (par exemple, une courte \u00e9tendue de sable, quelques escaliers, etc.)<\/p>\n\n<p>Pour l&rsquo;instant, nous sommes en train de mettre en place le parcours avec l&rsquo;\u00e9quipe, donc il y a encore quelques incertitudes.<\/p>\n\n<p>Quelques semaines avant la Randaonn\u00e9e de Deux Jours, nous proc\u00e9dons \u00e0 une nouvelle v\u00e9rification approfondie des nouveaux obstacles \u00e9ventuels (par exemple, des travaux routiers). Si vous avez des doutes, <a href=\"https:\/\/tweedaagse.be\/fr\/nous-contacter\/\" data-type=\"page\" data-id=\"173\">n&rsquo;h\u00e9sitez pas \u00e0 nous contacter<\/a>.<\/p>\n\t\t\t<\/div>\n\t\t<\/div>\n\t\t\t\t<div id=\"qaef-617\" class=\"qe-faq-toggle edition-2023-fr\">\n\t\t\t<div class=\"qe-toggle-title\">\n\t\t\t\t<h4>\n\t\t\t\t\t<i class=\"fa fa-minus-circle\"><\/i> Peut-on le faire en courant ?\t\t\t\t<\/h4>\n\t\t\t<\/div>\n\t\t\t<div class=\"qe-toggle-content\">\n\t\t\t\t\n<p>Oui, vous le pouvez.<\/p>\n\n<p>Notez que les diff\u00e9rentes haltes ne tiennent compte que de la vitesse des marcheurs.<\/p>\n\t\t\t<\/div>\n\t\t<\/div>\n\t\t\t\t<div id=\"qaef-611\" class=\"qe-faq-toggle edition-2023-fr\">\n\t\t\t<div class=\"qe-toggle-title\">\n\t\t\t\t<h4>\n\t\t\t\t\t<i class=\"fa fa-minus-circle\"><\/i> Puis-je b\u00e9n\u00e9ficier d&rsquo;une r\u00e9duction en tant que membre d&rsquo;un club de marche reconnu ?\t\t\t\t<\/h4>\n\t\t\t<\/div>\n\t\t\t<div class=\"qe-toggle-content\">\n\t\t\t\t\n<p>Certainement. En tant que membre d&rsquo;un club de randonn\u00e9e reconnu, vous b\u00e9n\u00e9ficiez d&rsquo;une r\u00e9duction de \u20ac 1,5 par promenade. Si vous marchez pendant 2 jours, vous b\u00e9n\u00e9ficiez de 2 x \u20ac 1,5 = \u20ac 3 de r\u00e9duction.<\/p>\n\n<p>Si vous avez au maximum 12 ans ou si vous marchez en groupe avec votre mouvement de jeunesse, vous b\u00e9n\u00e9ficierez d&rsquo;un tarif pr\u00e9f\u00e9rentiel de \u20ac 5 par marche, quelle que soit la distance. Cependant, vous ne b\u00e9n\u00e9ficiez plus d&rsquo;une r\u00e9duction de club.<\/p>\n\n<p><\/p>\n\t\t\t<\/div>\n\t\t<\/div>\n\t\t\t\t<div id=\"qaef-615\" class=\"qe-faq-toggle edition-2023-fr\">\n\t\t\t<div class=\"qe-toggle-title\">\n\t\t\t\t<h4>\n\t\t\t\t\t<i class=\"fa fa-minus-circle\"><\/i> Puis-je \u00e9galement m&rsquo;inscrire sur place ?\t\t\t\t<\/h4>\n\t\t\t<\/div>\n\t\t\t<div class=\"qe-toggle-content\">\n\t\t\t\t\n<p>C&rsquo;est possible.<\/p>\n\n<p>Nous pr\u00e9f\u00e9rons, bien s\u00fbr, que vous nous r\u00e9gistriez \u00e0 l&rsquo;avance. De cette mani\u00e8re, nous pouvons tr\u00e8s bien estimer exactement combien nous avons besoin pour la distribution au d\u00e9part, en cours de route et \u00e0 l&rsquo;arriv\u00e9e.<\/p>\n\n<p>De plus, vous b\u00e9n\u00e9ficiez d&rsquo;une r\u00e9duction importante si vous vous inscrivez \u00e0 l&rsquo;avance.<\/p>\n\n<p>Alors, qu&rsquo;attendez-vous pour <a href=\"https:\/\/www.2daagse.be\/fr\/sinscrire\/\" title=\"S'inscrire\">vous inscrire<\/a> !<\/p>\n\t\t\t<\/div>\n\t\t<\/div>\n\t\t\t\t<div id=\"qaef-621\" class=\"qe-faq-toggle edition-2023-fr\">\n\t\t\t<div class=\"qe-toggle-title\">\n\t\t\t\t<h4>\n\t\t\t\t\t<i class=\"fa fa-minus-circle\"><\/i> Puis-je \u00e9galement passer la nuit le dimanche ?\t\t\t\t<\/h4>\n\t\t\t<\/div>\n\t\t\t<div class=\"qe-toggle-content\">\n\t\t\t\t\n<p>Il n&rsquo;est plus possible de passer la nuit dans la salle de sport le dimanche soir (dimanche \u00e0 lundi).<\/p>\n\n<p>Si vous souhaitez passer une nuit suppl\u00e9mentaire, nous vous recommandons de consulter notre page <a data-type=\"page\" data-id=\"285\" href=\"https:\/\/tweedaagse.be\/fr\/infos-pratiques\/passer-la-nuit\/\">Passer la Nuit<\/a> pour conna\u00eetre les diff\u00e9rents h\u00f4tels participants \u00e0 Blankenberge.<\/p>\n\t\t\t<\/div>\n\t\t<\/div>\n\t\t\t\t<div id=\"qaef-620\" class=\"qe-faq-toggle edition-2023-fr\">\n\t\t\t<div class=\"qe-toggle-title\">\n\t\t\t\t<h4>\n\t\t\t\t\t<i class=\"fa fa-minus-circle\"><\/i> Puis-je emmener mon chien sur le parcours ?\t\t\t\t<\/h4>\n\t\t\t<\/div>\n\t\t\t<div class=\"qe-toggle-content\">\n\t\t\t\t\n<p>Les chiens sont autoris\u00e9s sur le parcours*.<\/p>\n\n<p>Attention, ils doivent \u00eatre tenus <em>en laisse<\/em> \u00e0 tout moment.<\/p>\n\n<p>N&rsquo;oubliez pas non plus d&rsquo;apporter <em>les sacs n\u00e9cessaires<\/em> pour la route ! Dans certaines municipalit\u00e9s, elle est m\u00eame obligatoire.<\/p>\n\n<p>Une boisson pour le chien sera fournie \u00e0 l&rsquo;arriv\u00e9e. En chemin, il est pr\u00e9f\u00e9rable de jouer la carte de la s\u00e9curit\u00e9 et de s&rsquo;assurer que vous avez suffisamment de nourriture et de boisson pour le chien.<\/p>\n\n<pre class=\"wp-block-verse\">*\u00c0 Blankenberge, seul le tron\u00e7on entre l'Oosterstaketsel et la pente J. Gadeyne est interdit au moment de la Randonn\u00e9e. Pour plus d'informations, consultez les pages \u00ab <a href=\"https:\/\/www.blankenberge.be\/honden\">Chiens - Ville de Blankenberge<\/a> \u00bb et \u00ab <a href=\"https:\/\/www.blankenberge.be\/honden-op-het-strand\" target=\"_blank\" rel=\"noreferrer noopener\">Chiens sur la plage - Ville de Blankenberge<\/a> \u00bb.<\/pre>\n\t\t\t<\/div>\n\t\t<\/div>\n\t\t\t\t<div id=\"qaef-619\" class=\"qe-faq-toggle edition-2023-fr\">\n\t\t\t<div class=\"qe-toggle-title\">\n\t\t\t\t<h4>\n\t\t\t\t\t<i class=\"fa fa-minus-circle\"><\/i> Puis-je manger et boire en chemin ?\t\t\t\t<\/h4>\n\t\t\t<\/div>\n\t\t\t<div class=\"qe-toggle-content\">\n\t\t\t\t\n<p>Certainement.<\/p>\n\n<p>En plus de l&rsquo;\u00e9chantillonnage, nous passons par de nombreux endroits en chemin o\u00f9 vous pouvez vous reposer et obtenir quelque chose \u00e0 boire et \u00e9ventuellement \u00e0 manger.<\/p>\n\n<p>Une fois que les parcours seront \u00e0 peu pr\u00e8s d\u00e9finitive, nous vous tiendrons au courant de ce qui est disponible le long de les parcours. Sur ces derniers, vous pouvez d\u00e9cider correctement de ce que vous mettez ou non dans votre sac \u00e0 dos.<\/p>\n\n<p>Tout est \u00e9galement fourni \u00e0 l&rsquo;arriv\u00e9e et chaque randonneur re\u00e7oit un poisson fra\u00eechement frit.<\/p>\n\n<p>En outre, vous pouvez toujours vous rendre dans de nombreux endroits \u00e0 Blankenberge, bien s\u00fbr.<\/p>\n\t\t\t<\/div>\n\t\t<\/div>\n\t\t\t\t<div id=\"qaef-613\" class=\"qe-faq-toggle edition-2023-fr\">\n\t\t\t<div class=\"qe-toggle-title\">\n\t\t\t\t<h4>\n\t\t\t\t\t<i class=\"fa fa-minus-circle\"><\/i> Qu&rsquo;est-ce qui est inclus dans l&rsquo;inscription ?\t\t\t\t<\/h4>\n\t\t\t<\/div>\n\t\t\t<div class=\"qe-toggle-content\">\n\t\t\t\t\n<h3 class=\"wp-block-heading\">Participation + assurance<\/h3>\n\n<p class=\"has-accent-color has-text-color has-link-color wp-elements-95574f3a44f9b596d55812347e2f8e35\">L&rsquo;inscription comprend non seulement <em>la participation<\/em> mais aussi <em>l&rsquo;assurance<\/em> aupr\u00e8s de Wandelsport Vlaanderen (<a href=\"https:\/\/images.wandelsportvlaanderen.be\/20187128194498-verzekeringen.pdf\" target=\"_blank\" rel=\"noopener\" title=\"\">plus d&rsquo;infos<\/a>). <em>Des soins intensifs<\/em> sont \u00e9galement prodigu\u00e9s en cours de route et \u00e0 l&rsquo;arriv\u00e9e.<\/p>\n\n<h3 class=\"wp-block-heading\">Un souvenir unique et exclusif<\/h3>\n\n<p>En outre, chacun recevra \u00e9galement <em>un souvenir unique et exclusif<\/em>.<br \/>Si vous marchez pendant <em>1 jour<\/em>, vous obtiendrez <em>un badge exclusif et unique<\/em>.<br \/>Si vous marchez <em>2 jours<\/em>, vous recevrez <em>la m\u00e9daille unique<\/em> <em>en plus du badge<\/em>.<\/p>\n\n<h3 class=\"wp-block-heading\">Fournitures en cours d&rsquo;acheminement<\/h3>\n\n<p>En outre, chaque marcheur se verra offrir <em>des d\u00e9gustations au d\u00e9part et tout au long du parcours<\/em> (notamment du pain d&rsquo;\u00e9pices Vondelmolen et des fruits), ainsi que la possibilit\u00e9 de se r\u00e9approvisionner en eau \u00e0 diff\u00e9rents endroits. N&rsquo;oubliez donc pas d&rsquo;apporter votre bouteille d&rsquo;eau rechargeable.<\/p>\n\n<p>\u00c0 la fin, chaque marcheur recevra \u00e9galement <em>une bi\u00e8re sp\u00e9ciale<\/em> ainsi qu&rsquo;un <em>d\u00e9licieux poisson fra\u00eechement frit<\/em> (un par participant).<\/p>\n\n<h3 class=\"wp-block-heading\">Soins de la Croix-Rouge<\/h3>\n\n<p>\u00c0 la fin, <em>la Croix-Rouge de Blankenberge-Zuienkerke<\/em> peut prendre soin de vos pieds fatigu\u00e9s. Et oui, \u00e7a ne pique pas sur une ampoule plus ou moins grande.<\/p>\n\n<h3 class=\"wp-block-heading\">Transport et stockage des bagages<\/h3>\n\n<p>Si vous <em>partez de Bruges<\/em>, nous ferons en sorte que <em>vos bagages arrivent en toute s\u00e9curit\u00e9 \u00e0 Blankenberge<\/em> et vous pourrez les r\u00e9cup\u00e9rer au stand d&rsquo;information \u00e0 l&rsquo;arriv\u00e9e.<\/p>\n\n<p>M\u00eame si vous partez de Blankenberge, vous pouvez <em>laisser vos bagages en toute s\u00e9curit\u00e9<\/em> au stand d&rsquo;information au d\u00e9part.<\/p>\n\t\t\t<\/div>\n\t\t<\/div>\n\t\t            <\/div>\n\t\t<\/div>\n","protected":false},"excerpt":{"rendered":"<p>Des questions ? Consultez notre foire aux questions. Vous avez toujours une question \u00e0 laquelle vous ne trouvez pas de r\u00e9ponse ? Si tel est le cas, n&rsquo;h\u00e9sitez pas \u00e0 nous le faire savoir via le formulaire de contact.<\/p>\n","protected":false},"author":2,"featured_media":770,"parent":0,"menu_order":50,"comment_status":"closed","ping_status":"closed","template":"templates\/template-cover.php","meta":{"footnotes":""},"class_list":["post-607","page","type-page","status-publish","has-post-thumbnail","hentry"],"_links":{"self":[{"href":"https:\/\/www.2daagse.be\/fr\/wp-json\/wp\/v2\/pages\/607","targetHints":{"allow":["GET"]}}],"collection":[{"href":"https:\/\/www.2daagse.be\/fr\/wp-json\/wp\/v2\/pages"}],"about":[{"href":"https:\/\/www.2daagse.be\/fr\/wp-json\/wp\/v2\/types\/page"}],"author":[{"embeddable":true,"href":"https:\/\/www.2daagse.be\/fr\/wp-json\/wp\/v2\/users\/2"}],"replies":[{"embeddable":true,"href":"https:\/\/www.2daagse.be\/fr\/wp-json\/wp\/v2\/comments?post=607"}],"version-history":[{"count":4,"href":"https:\/\/www.2daagse.be\/fr\/wp-json\/wp\/v2\/pages\/607\/revisions"}],"predecessor-version":[{"id":3354,"href":"https:\/\/www.2daagse.be\/fr\/wp-json\/wp\/v2\/pages\/607\/revisions\/3354"}],"wp:featuredmedia":[{"embeddable":true,"href":"https:\/\/www.2daagse.be\/fr\/wp-json\/wp\/v2\/media\/770"}],"wp:attachment":[{"href":"https:\/\/www.2daagse.be\/fr\/wp-json\/wp\/v2\/media?parent=607"}],"curies":[{"name":"wp","href":"https:\/\/api.w.org\/{rel}","templated":true}]}}