{"id":599,"date":"2023-01-14T18:35:21","date_gmt":"2023-01-14T17:35:21","guid":{"rendered":"https:\/\/tweedaagse.be\/infos-pratiques\/parcours\/marcher-vert-cest-comme-ca-quil-faut-faire\/"},"modified":"2024-02-10T23:54:22","modified_gmt":"2024-02-10T22:54:22","slug":"marcher-vert-cest-comme-ca-quil-faut-faire","status":"publish","type":"page","link":"https:\/\/www.2daagse.be\/fr\/infos-pratiques\/parcours\/marcher-vert-cest-comme-ca-quil-faut-faire\/","title":{"rendered":"Marcher Vert, c\u2019est comme \u00e7a qu\u2019il faut faire"},"content":{"rendered":"\n<div class=\"wp-block-media-text alignwide is-stacked-on-mobile is-vertically-aligned-center is-image-fill\"><figure class=\"wp-block-media-text__media\" style=\"background-image:url(https:\/\/www.2daagse.be\/wp-content\/uploads\/2023\/01\/groenevent-award-trofee-681x1024.jpg);background-position:44% 83%\"><img data-recalc-dims=\"1\" loading=\"lazy\" decoding=\"async\" width=\"580\" height=\"872\" src=\"https:\/\/i0.wp.com\/www.2daagse.be\/wp-content\/uploads\/2023\/01\/groenevent-award-trofee.jpg?resize=580%2C872&#038;ssl=1\" alt=\"\" class=\"wp-image-392 size-full\" srcset=\"https:\/\/i0.wp.com\/www.2daagse.be\/wp-content\/uploads\/2023\/01\/groenevent-award-trofee-scaled.jpg?resize=681%2C1024&amp;ssl=1 681w, https:\/\/i0.wp.com\/www.2daagse.be\/wp-content\/uploads\/2023\/01\/groenevent-award-trofee-scaled.jpg?resize=199%2C300&amp;ssl=1 199w, https:\/\/i0.wp.com\/www.2daagse.be\/wp-content\/uploads\/2023\/01\/groenevent-award-trofee-scaled.jpg?resize=768%2C1155&amp;ssl=1 768w, https:\/\/i0.wp.com\/www.2daagse.be\/wp-content\/uploads\/2023\/01\/groenevent-award-trofee-scaled.jpg?resize=1021%2C1536&amp;ssl=1 1021w, https:\/\/i0.wp.com\/www.2daagse.be\/wp-content\/uploads\/2023\/01\/groenevent-award-trofee-scaled.jpg?resize=1362%2C2048&amp;ssl=1 1362w, https:\/\/i0.wp.com\/www.2daagse.be\/wp-content\/uploads\/2023\/01\/groenevent-award-trofee-scaled.jpg?resize=1200%2C1805&amp;ssl=1 1200w, https:\/\/i0.wp.com\/www.2daagse.be\/wp-content\/uploads\/2023\/01\/groenevent-award-trofee-scaled.jpg?resize=1980%2C2978&amp;ssl=1 1980w, https:\/\/i0.wp.com\/www.2daagse.be\/wp-content\/uploads\/2023\/01\/groenevent-award-trofee-scaled.jpg?w=1702&amp;ssl=1 1702w\" sizes=\"auto, (max-width: 580px) 100vw, 580px\" \/><\/figure><div class=\"wp-block-media-text__content\">\n<h3 class=\"has-text-align-center wp-block-heading has-text-color\" style=\"color:#000000\"><strong>\u00ab\u00a0Se motiver les uns les autres pour garder la Randonn\u00e9e de Deux Jours propres ensemble\u00a0\u00bb<\/strong><\/h3>\n\n\n\n<p><\/p>\n\n\n\n<ul class=\"wp-block-list\">\n<li>Si vous apportez un panier-repas, utilisez une bo\u00eete \u00e0 lunch ;<\/li>\n\n\n\n<li>\u00e9viter autant que possible d&rsquo;utiliser des emballages jetables ;<\/li>\n\n\n\n<li>ne jetez jamais de canettes, de gobelets ou d&rsquo;autres d\u00e9chets sur le sol. C&rsquo;est ainsi que vous \u00e9vitez les d\u00e9chets sauvages et que vous respectez notre nature et nos polders ;<\/li>\n\n\n\n<li>utiliser les poubelles disponibles (m\u00eame si vous devez marcher 10 m\u00e8tres pour le faire) ;<\/li>\n\n\n\n<li>triez correctement vos d\u00e9chets : choisissez le bon conteneur sur les \u00eelots de d\u00e9chets ;<\/li>\n\n\n\n<li>Apportez votre gourde rechargeable. Vous pouvez les recharger \u00e0 des points r\u00e9guliers.<\/li>\n<\/ul>\n<\/div><\/div>\n","protected":false},"excerpt":{"rendered":"","protected":false},"author":2,"featured_media":752,"parent":597,"menu_order":0,"comment_status":"closed","ping_status":"closed","template":"templates\/template-cover.php","meta":{"footnotes":""},"class_list":["post-599","page","type-page","status-publish","has-post-thumbnail","hentry"],"_links":{"self":[{"href":"https:\/\/www.2daagse.be\/fr\/wp-json\/wp\/v2\/pages\/599","targetHints":{"allow":["GET"]}}],"collection":[{"href":"https:\/\/www.2daagse.be\/fr\/wp-json\/wp\/v2\/pages"}],"about":[{"href":"https:\/\/www.2daagse.be\/fr\/wp-json\/wp\/v2\/types\/page"}],"author":[{"embeddable":true,"href":"https:\/\/www.2daagse.be\/fr\/wp-json\/wp\/v2\/users\/2"}],"replies":[{"embeddable":true,"href":"https:\/\/www.2daagse.be\/fr\/wp-json\/wp\/v2\/comments?post=599"}],"version-history":[{"count":2,"href":"https:\/\/www.2daagse.be\/fr\/wp-json\/wp\/v2\/pages\/599\/revisions"}],"predecessor-version":[{"id":3296,"href":"https:\/\/www.2daagse.be\/fr\/wp-json\/wp\/v2\/pages\/599\/revisions\/3296"}],"up":[{"embeddable":true,"href":"https:\/\/www.2daagse.be\/fr\/wp-json\/wp\/v2\/pages\/597"}],"wp:featuredmedia":[{"embeddable":true,"href":"https:\/\/www.2daagse.be\/fr\/wp-json\/wp\/v2\/media\/752"}],"wp:attachment":[{"href":"https:\/\/www.2daagse.be\/fr\/wp-json\/wp\/v2\/media?parent=599"}],"curies":[{"name":"wp","href":"https:\/\/api.w.org\/{rel}","templated":true}]}}