{"id":589,"date":"2023-01-14T15:43:26","date_gmt":"2023-01-14T14:43:26","guid":{"rendered":"https:\/\/tweedaagse.be\/infos-pratiques\/passer-la-nuit\/avenue-boutique-hotel\/"},"modified":"2026-03-29T11:05:00","modified_gmt":"2026-03-29T10:05:00","slug":"avenue-boutique-hotel","status":"publish","type":"page","link":"https:\/\/www.2daagse.be\/fr\/infos-pratiques\/passer-la-nuit\/avenue-boutique-hotel\/","title":{"rendered":"Avenue Boutique Hotel***"},"content":{"rendered":"\n<div class=\"wp-block-envira-envira-gallery\"><div id=\"envira-gallery-wrap-3430\" class=\"envira-gallery-wrap envira-gallery-theme-base envira-lightbox-theme-base\" itemscope itemtype=\"https:\/\/schema.org\/ImageGallery\"><div data-row-height=\"150\" data-gallery-theme=\"normal\" id=\"envira-gallery-3430\" class=\"envira-gallery-public envira-gallery-justified-public envira-gallery-0-columns envira-clear enviratope envira-gallery-css-animations\" data-envira-columns=\"0\"><div id=\"envira-gallery-item-922\" class=\"envira-gallery-item enviratope-item envira-gallery-item-1 envira-lazy-load\" style=\"padding-left: 1px; padding-bottom: 1px; padding-right: 1px;\"  itemscope itemtype=\"https:\/\/schema.org\/ImageObject\"><div class=\"envira-gallery-item-inner\"><div class=\"envira-gallery-position-overlay  envira-gallery-top-left\"><\/div><div class=\"envira-gallery-position-overlay  envira-gallery-top-right\"><\/div><div class=\"envira-gallery-position-overlay  envira-gallery-bottom-left\"><\/div><div class=\"envira-gallery-position-overlay  envira-gallery-bottom-right\"><\/div><a href=\"https:\/\/i0.wp.com\/www.2daagse.be\/wp-content\/uploads\/2023\/01\/Avenue2.jpg?ssl=1\" class=\"envira-gallery-3430 envira-gallery-link\" rel=\"enviragallery3430\" title=\"Avenue Boutique Hotel***\" data-envira-caption=\"Avenue Boutique Hotel***\" data-envira-retina=\"\" data-thumbnail=\"\"  itemprop=\"contentUrl\"><img decoding=\"async\" id=\"envira-gallery-image-922\" class=\"envira-gallery-image envira-gallery-image-1 envira-normal envira-lazy\" data-envira-index=\"1\" src=\"https:\/\/i0.wp.com\/www.2daagse.be\/wp-content\/uploads\/2023\/01\/Avenue2.jpg?fit=580%2C435&#038;ssl=1\" data-envira-src=\"https:\/\/i0.wp.com\/www.2daagse.be\/wp-content\/uploads\/2023\/01\/Avenue2.jpg?fit=580%2C435&#038;ssl=1\" data-envira-gallery-id=\"3430\" data-envira-item-id=\"922\" data-envira-caption=\"Avenue Boutique Hotel***\" alt=\"Avenue Boutique Hotel*** - https:\/\/www.avenuehotel.be\/\" title=\"Avenue Boutique Hotel***\"  itemprop=\"thumbnailUrl\" data-envira-srcset=\"https:\/\/i0.wp.com\/www.2daagse.be\/wp-content\/uploads\/2023\/01\/Avenue2.jpg?fit=580%2C435&#038;ssl=1 400w,https:\/\/i0.wp.com\/www.2daagse.be\/wp-content\/uploads\/2023\/01\/Avenue2.jpg?fit=580%2C435&#038;ssl=1 2x\" data-envira-width=\"640\" data-envira-height=\"480\" srcset=\"data:image\/gif;base64,R0lGODlhAQABAIAAAP\/\/\/\/\/\/\/yH5BAEKAAEALAAAAAABAAEAAAICTAEAOw==\" data-safe-src=\"data:image\/gif;base64,R0lGODlhAQABAIAAAP\/\/\/\/\/\/\/yH5BAEKAAEALAAAAAABAAEAAAICTAEAOw==\" \/><\/a><\/div><\/div><div id=\"envira-gallery-item-340\" class=\"envira-gallery-item enviratope-item envira-gallery-item-2 envira-lazy-load\" style=\"padding-left: 1px; padding-bottom: 1px; padding-right: 1px;\"  itemscope itemtype=\"https:\/\/schema.org\/ImageObject\"><div class=\"envira-gallery-item-inner\"><div class=\"envira-gallery-position-overlay  envira-gallery-top-left\"><\/div><div class=\"envira-gallery-position-overlay  envira-gallery-top-right\"><\/div><div class=\"envira-gallery-position-overlay  envira-gallery-bottom-left\"><\/div><div class=\"envira-gallery-position-overlay  envira-gallery-bottom-right\"><\/div><a href=\"https:\/\/i0.wp.com\/www.2daagse.be\/wp-content\/uploads\/2023\/01\/avenue.jpg?ssl=1\" class=\"envira-gallery-3430 envira-gallery-link\" rel=\"enviragallery3430\" title=\"Avenue Boutique Hotel***\" data-envira-caption=\"Avenue Boutique Hotel***\" data-envira-retina=\"\" data-thumbnail=\"\"  itemprop=\"contentUrl\"><img decoding=\"async\" id=\"envira-gallery-image-340\" class=\"envira-gallery-image envira-gallery-image-2 envira-normal envira-lazy\" data-envira-index=\"2\" src=\"https:\/\/i0.wp.com\/www.2daagse.be\/wp-content\/uploads\/2023\/01\/avenue.jpg?fit=580%2C387&#038;ssl=1\" data-envira-src=\"https:\/\/i0.wp.com\/www.2daagse.be\/wp-content\/uploads\/2023\/01\/avenue.jpg?fit=580%2C387&#038;ssl=1\" data-envira-gallery-id=\"3430\" data-envira-item-id=\"340\" data-envira-caption=\"Avenue Boutique Hotel***\" alt=\"Avenue Boutique Hotel*** - https:\/\/www.avenuehotel.be\/\" title=\"Avenue Boutique Hotel***\"  itemprop=\"thumbnailUrl\" data-envira-srcset=\"https:\/\/i0.wp.com\/www.2daagse.be\/wp-content\/uploads\/2023\/01\/avenue.jpg?fit=580%2C387&#038;ssl=1 400w,https:\/\/i0.wp.com\/www.2daagse.be\/wp-content\/uploads\/2023\/01\/avenue.jpg?fit=580%2C387&#038;ssl=1 2x\" data-envira-width=\"640\" data-envira-height=\"480\" srcset=\"data:image\/gif;base64,R0lGODlhAQABAIAAAP\/\/\/\/\/\/\/yH5BAEKAAEALAAAAAABAAEAAAICTAEAOw==\" data-safe-src=\"data:image\/gif;base64,R0lGODlhAQABAIAAAP\/\/\/\/\/\/\/yH5BAEKAAEALAAAAAABAAEAAAICTAEAOw==\" \/><\/a><\/div><\/div><div id=\"envira-gallery-item-928\" class=\"envira-gallery-item enviratope-item envira-gallery-item-3 envira-lazy-load\" style=\"padding-left: 1px; padding-bottom: 1px; padding-right: 1px;\"  itemscope itemtype=\"https:\/\/schema.org\/ImageObject\"><div class=\"envira-gallery-item-inner\"><div class=\"envira-gallery-position-overlay  envira-gallery-top-left\"><\/div><div class=\"envira-gallery-position-overlay  envira-gallery-top-right\"><\/div><div class=\"envira-gallery-position-overlay  envira-gallery-bottom-left\"><\/div><div class=\"envira-gallery-position-overlay  envira-gallery-bottom-right\"><\/div><a href=\"https:\/\/i0.wp.com\/www.2daagse.be\/wp-content\/uploads\/2023\/01\/Avenue4.jpg?ssl=1\" class=\"envira-gallery-3430 envira-gallery-link\" rel=\"enviragallery3430\" title=\"Avenue Boutique Hotel***\" data-envira-caption=\"Avenue Boutique Hotel***\" data-envira-retina=\"\" data-thumbnail=\"\"  itemprop=\"contentUrl\"><img decoding=\"async\" id=\"envira-gallery-image-928\" class=\"envira-gallery-image envira-gallery-image-3 envira-normal envira-lazy\" data-envira-index=\"3\" src=\"https:\/\/i0.wp.com\/www.2daagse.be\/wp-content\/uploads\/2023\/01\/Avenue4.jpg?fit=580%2C435&#038;ssl=1\" data-envira-src=\"https:\/\/i0.wp.com\/www.2daagse.be\/wp-content\/uploads\/2023\/01\/Avenue4.jpg?fit=580%2C435&#038;ssl=1\" data-envira-gallery-id=\"3430\" data-envira-item-id=\"928\" data-envira-caption=\"Avenue Boutique Hotel***\" alt=\"Avenue Boutique Hotel*** - https:\/\/www.avenuehotel.be\/\" title=\"Avenue Boutique Hotel***\"  itemprop=\"thumbnailUrl\" data-envira-srcset=\"https:\/\/i0.wp.com\/www.2daagse.be\/wp-content\/uploads\/2023\/01\/Avenue4.jpg?fit=580%2C435&#038;ssl=1 400w,https:\/\/i0.wp.com\/www.2daagse.be\/wp-content\/uploads\/2023\/01\/Avenue4.jpg?fit=580%2C435&#038;ssl=1 2x\" data-envira-width=\"640\" data-envira-height=\"480\" srcset=\"data:image\/gif;base64,R0lGODlhAQABAIAAAP\/\/\/\/\/\/\/yH5BAEKAAEALAAAAAABAAEAAAICTAEAOw==\" data-safe-src=\"data:image\/gif;base64,R0lGODlhAQABAIAAAP\/\/\/\/\/\/\/yH5BAEKAAEALAAAAAABAAEAAAICTAEAOw==\" \/><\/a><\/div><\/div><div id=\"envira-gallery-item-925\" class=\"envira-gallery-item enviratope-item envira-gallery-item-4 envira-lazy-load\" style=\"padding-left: 1px; padding-bottom: 1px; padding-right: 1px;\"  itemscope itemtype=\"https:\/\/schema.org\/ImageObject\"><div class=\"envira-gallery-item-inner\"><div class=\"envira-gallery-position-overlay  envira-gallery-top-left\"><\/div><div class=\"envira-gallery-position-overlay  envira-gallery-top-right\"><\/div><div class=\"envira-gallery-position-overlay  envira-gallery-bottom-left\"><\/div><div class=\"envira-gallery-position-overlay  envira-gallery-bottom-right\"><\/div><a href=\"https:\/\/i0.wp.com\/www.2daagse.be\/wp-content\/uploads\/2023\/01\/Avenue3.jpg?ssl=1\" class=\"envira-gallery-3430 envira-gallery-link\" rel=\"enviragallery3430\" title=\"Avenue Boutique Hotel***\" data-envira-caption=\"Avenue Boutique Hotel***\" data-envira-retina=\"\" data-thumbnail=\"\"  itemprop=\"contentUrl\"><img decoding=\"async\" id=\"envira-gallery-image-925\" class=\"envira-gallery-image envira-gallery-image-4 envira-normal envira-lazy\" data-envira-index=\"4\" src=\"https:\/\/i0.wp.com\/www.2daagse.be\/wp-content\/uploads\/2023\/01\/Avenue3.jpg?fit=580%2C327&#038;ssl=1\" data-envira-src=\"https:\/\/i0.wp.com\/www.2daagse.be\/wp-content\/uploads\/2023\/01\/Avenue3.jpg?fit=580%2C327&#038;ssl=1\" data-envira-gallery-id=\"3430\" data-envira-item-id=\"925\" data-envira-caption=\"Avenue Boutique Hotel***\" alt=\"Avenue Boutique Hotel*** - https:\/\/www.avenuehotel.be\/\" title=\"Avenue Boutique Hotel***\"  itemprop=\"thumbnailUrl\" data-envira-srcset=\"https:\/\/i0.wp.com\/www.2daagse.be\/wp-content\/uploads\/2023\/01\/Avenue3.jpg?fit=580%2C327&#038;ssl=1 400w,https:\/\/i0.wp.com\/www.2daagse.be\/wp-content\/uploads\/2023\/01\/Avenue3.jpg?fit=580%2C327&#038;ssl=1 2x\" data-envira-width=\"640\" data-envira-height=\"480\" srcset=\"data:image\/gif;base64,R0lGODlhAQABAIAAAP\/\/\/\/\/\/\/yH5BAEKAAEALAAAAAABAAEAAAICTAEAOw==\" data-safe-src=\"data:image\/gif;base64,R0lGODlhAQABAIAAAP\/\/\/\/\/\/\/yH5BAEKAAEALAAAAAABAAEAAAICTAEAOw==\" \/><\/a><\/div><\/div><div id=\"envira-gallery-item-919\" class=\"envira-gallery-item enviratope-item envira-gallery-item-5 envira-lazy-load\" style=\"padding-left: 1px; padding-bottom: 1px; padding-right: 1px;\"  itemscope itemtype=\"https:\/\/schema.org\/ImageObject\"><div class=\"envira-gallery-item-inner\"><div class=\"envira-gallery-position-overlay  envira-gallery-top-left\"><\/div><div class=\"envira-gallery-position-overlay  envira-gallery-top-right\"><\/div><div class=\"envira-gallery-position-overlay  envira-gallery-bottom-left\"><\/div><div class=\"envira-gallery-position-overlay  envira-gallery-bottom-right\"><\/div><a href=\"https:\/\/i0.wp.com\/www.2daagse.be\/wp-content\/uploads\/2023\/01\/Avenue1.jpg?ssl=1\" class=\"envira-gallery-3430 envira-gallery-link\" rel=\"enviragallery3430\" title=\"Avenue Boutique Hotel***\" data-envira-caption=\"Avenue Boutique Hotel***\" data-envira-retina=\"\" data-thumbnail=\"\"  itemprop=\"contentUrl\"><img decoding=\"async\" id=\"envira-gallery-image-919\" class=\"envira-gallery-image envira-gallery-image-5 envira-normal envira-lazy\" data-envira-index=\"5\" src=\"https:\/\/i0.wp.com\/www.2daagse.be\/wp-content\/uploads\/2023\/01\/Avenue1.jpg?fit=580%2C773&#038;ssl=1\" data-envira-src=\"https:\/\/i0.wp.com\/www.2daagse.be\/wp-content\/uploads\/2023\/01\/Avenue1.jpg?fit=580%2C773&#038;ssl=1\" data-envira-gallery-id=\"3430\" data-envira-item-id=\"919\" data-envira-caption=\"Avenue Boutique Hotel***\" alt=\"Avenue Boutique Hotel*** - https:\/\/www.avenuehotel.be\/\" title=\"Avenue Boutique Hotel***\"  itemprop=\"thumbnailUrl\" data-envira-srcset=\"https:\/\/i0.wp.com\/www.2daagse.be\/wp-content\/uploads\/2023\/01\/Avenue1.jpg?fit=580%2C773&#038;ssl=1 400w,https:\/\/i0.wp.com\/www.2daagse.be\/wp-content\/uploads\/2023\/01\/Avenue1.jpg?fit=580%2C773&#038;ssl=1 2x\" data-envira-width=\"640\" data-envira-height=\"480\" srcset=\"data:image\/gif;base64,R0lGODlhAQABAIAAAP\/\/\/\/\/\/\/yH5BAEKAAEALAAAAAABAAEAAAICTAEAOw==\" data-safe-src=\"data:image\/gif;base64,R0lGODlhAQABAIAAAP\/\/\/\/\/\/\/yH5BAEKAAEALAAAAAABAAEAAAICTAEAOw==\" \/><\/a><\/div><\/div><div id=\"envira-gallery-item-931\" class=\"envira-gallery-item enviratope-item envira-gallery-item-6 envira-lazy-load\" style=\"padding-left: 1px; padding-bottom: 1px; padding-right: 1px;\"  itemscope itemtype=\"https:\/\/schema.org\/ImageObject\"><div class=\"envira-gallery-item-inner\"><div class=\"envira-gallery-position-overlay  envira-gallery-top-left\"><\/div><div class=\"envira-gallery-position-overlay  envira-gallery-top-right\"><\/div><div class=\"envira-gallery-position-overlay  envira-gallery-bottom-left\"><\/div><div class=\"envira-gallery-position-overlay  envira-gallery-bottom-right\"><\/div><a href=\"https:\/\/i0.wp.com\/www.2daagse.be\/wp-content\/uploads\/2023\/01\/Avenue5.jpg?ssl=1\" class=\"envira-gallery-3430 envira-gallery-link\" rel=\"enviragallery3430\" title=\"Avenue Boutique Hotel***\" data-envira-caption=\"Avenue Boutique Hotel***\" data-envira-retina=\"\" data-thumbnail=\"\"  itemprop=\"contentUrl\"><img decoding=\"async\" id=\"envira-gallery-image-931\" class=\"envira-gallery-image envira-gallery-image-6 envira-normal envira-lazy\" data-envira-index=\"6\" src=\"https:\/\/i0.wp.com\/www.2daagse.be\/wp-content\/uploads\/2023\/01\/Avenue5.jpg?fit=580%2C435&#038;ssl=1\" data-envira-src=\"https:\/\/i0.wp.com\/www.2daagse.be\/wp-content\/uploads\/2023\/01\/Avenue5.jpg?fit=580%2C435&#038;ssl=1\" data-envira-gallery-id=\"3430\" data-envira-item-id=\"931\" data-envira-caption=\"Avenue Boutique Hotel***\" alt=\"Avenue Boutique Hotel*** - https:\/\/www.avenuehotel.be\/\" title=\"Avenue Boutique Hotel***\"  itemprop=\"thumbnailUrl\" data-envira-srcset=\"https:\/\/i0.wp.com\/www.2daagse.be\/wp-content\/uploads\/2023\/01\/Avenue5.jpg?fit=580%2C435&#038;ssl=1 400w,https:\/\/i0.wp.com\/www.2daagse.be\/wp-content\/uploads\/2023\/01\/Avenue5.jpg?fit=580%2C435&#038;ssl=1 2x\" data-envira-width=\"640\" data-envira-height=\"480\" srcset=\"data:image\/gif;base64,R0lGODlhAQABAIAAAP\/\/\/\/\/\/\/yH5BAEKAAEALAAAAAABAAEAAAICTAEAOw==\" data-safe-src=\"data:image\/gif;base64,R0lGODlhAQABAIAAAP\/\/\/\/\/\/\/yH5BAEKAAEALAAAAAABAAEAAAICTAEAOw==\" \/><\/a><\/div><\/div><\/div><\/div><noscript><img decoding=\"async\" src=\"https:\/\/i0.wp.com\/www.2daagse.be\/wp-content\/uploads\/2023\/01\/Avenue2.jpg?fit=1440%2C1080&#038;ssl=1\" alt=\"Avenue Boutique Hotel*** - https:\/\/www.avenuehotel.be\/\" \/><img decoding=\"async\" src=\"https:\/\/i0.wp.com\/www.2daagse.be\/wp-content\/uploads\/2023\/01\/avenue.jpg?fit=900%2C600&#038;ssl=1\" alt=\"Avenue Boutique Hotel*** - https:\/\/www.avenuehotel.be\/\" \/><img decoding=\"async\" src=\"https:\/\/i0.wp.com\/www.2daagse.be\/wp-content\/uploads\/2023\/01\/Avenue4.jpg?fit=1440%2C1080&#038;ssl=1\" alt=\"Avenue Boutique Hotel*** - https:\/\/www.avenuehotel.be\/\" \/><img decoding=\"async\" src=\"https:\/\/i0.wp.com\/www.2daagse.be\/wp-content\/uploads\/2023\/01\/Avenue3.jpg?fit=1916%2C1080&#038;ssl=1\" alt=\"Avenue Boutique Hotel*** - https:\/\/www.avenuehotel.be\/\" \/><img decoding=\"async\" src=\"https:\/\/i0.wp.com\/www.2daagse.be\/wp-content\/uploads\/2023\/01\/Avenue1.jpg?fit=810%2C1080&#038;ssl=1\" alt=\"Avenue Boutique Hotel*** - https:\/\/www.avenuehotel.be\/\" \/><img decoding=\"async\" src=\"https:\/\/i0.wp.com\/www.2daagse.be\/wp-content\/uploads\/2023\/01\/Avenue5.jpg?fit=1440%2C1080&#038;ssl=1\" alt=\"Avenue Boutique Hotel*** - https:\/\/www.avenuehotel.be\/\" \/><\/noscript><\/div>\n\n<p>L&rsquo;Avenue Boutique Hotel est un h\u00f4tel art d\u00e9co original r\u00e9nov\u00e9, datant de 1932. L&rsquo;h\u00f4tel dispose d&rsquo;une salle de sport et d&rsquo;un solarium. Situ\u00e9 \u00e0 270 m\u00e8tres de la mer du Nord et de la plage de sable de Blankenberge, cet h\u00f4tel de caract\u00e8re propose une connexion Wi-Fi gratuite dans tout l&rsquo;\u00e9tablissement.<\/p>\n\n<p>Toutes les chambres de l&rsquo;Avenue Boutique Hotel disposent de lustres authentiques, d&rsquo;un bureau, de l&rsquo;insonorisation et d&rsquo;une t\u00e9l\u00e9vision intelligente de 32 pouces. Ils disposent \u00e9galement d&rsquo;une salle de bains priv\u00e9e avec une douche.<\/p>\n\n<p>Le petit-d\u00e9jeuner est fourni tous les matins. Le bar dispose d&rsquo;une terrasse.<\/p>\n\n<p>Le parking est \u00e9quip\u00e9 de 3 bornes de recharge Tesla. Le casino de Blankenberge se trouve \u00e0 5 minutes de marche de l&rsquo;h\u00f4tel. Le Sea Life Centre se trouve \u00e0 13 minutes de marche. La distance entre l&rsquo;Avenue Boutique Hotel et Knokke et Bruges est de 12 km. Ostende est \u00e0 20 km.<\/p>\n\n<p>Selon les avis ind\u00e9pendants des clients, il s&rsquo;agit de leur quartier pr\u00e9f\u00e9r\u00e9 \u00e0 Blankenberge.<\/p>\n\n<h3 class=\"wp-block-heading\">Contact<\/h3>\n\n<p><strong>Avenue Boutique Hotel***<\/strong><\/p>\n\n<p>Jules De Troozlaan 42 ; Blankenberge (<a href=\"https:\/\/goo.gl\/maps\/CfJZ5EygVH9k5TKy9\" target=\"_blank\" rel=\"noreferrer noopener\" aria-label=\"kaart (opent in een nieuwe tab)\">carte<\/a>)<\/p>\n\n<p>T\u00e9l +32 50 41 12 75<\/p>\n\n<p><a rel=\"noreferrer noopener\" href=\"mailto:info@avenuehotel.be\" target=\"_blank\">info@avenuehotel.be<\/a><br\/><a rel=\"noreferrer noopener\" href=\"http:\/\/www.avenuehotel.be\/\" target=\"_blank\">www.avenuehotel.be<\/a><\/p>\n\n<figure class=\"wp-block-pullquote alignfull has-text-align-center\"><blockquote><p>Ne manquez pas non plus de visiter \u00ab <a href=\"https:\/\/www.2daagse.be\/fr\/infos-pratiques\/passer-la-nuit\/huisje-van-majutte\/\" data-type=\"page\" data-id=\"6690\">Het Huisje van Majutte<\/a> \u00bb,<br\/>une maison de p\u00eacheur du XVIIIe si\u00e8cle,<br\/>o\u00f9 vous pourrez d\u00e9guster des plats typiques de la c\u00f4te.<\/p><\/blockquote><\/figure>\n","protected":false},"excerpt":{"rendered":"<p>L&rsquo;Avenue Boutique Hotel est un h\u00f4tel art d\u00e9co original r\u00e9nov\u00e9, datant de 1932. L&rsquo;h\u00f4tel dispose d&rsquo;une salle de sport et d&rsquo;un solarium. Situ\u00e9 \u00e0 270 m\u00e8tres de la mer du Nord et de la plage de sable de Blankenberge, cet h\u00f4tel de caract\u00e8re propose une connexion Wi-Fi gratuite dans tout l&rsquo;\u00e9tablissement. Toutes les chambres de [&hellip;]<\/p>\n","protected":false},"author":2,"featured_media":342,"parent":587,"menu_order":0,"comment_status":"closed","ping_status":"closed","template":"templates\/template-cover.php","meta":{"footnotes":""},"class_list":["post-589","page","type-page","status-publish","has-post-thumbnail","hentry"],"_links":{"self":[{"href":"https:\/\/www.2daagse.be\/fr\/wp-json\/wp\/v2\/pages\/589","targetHints":{"allow":["GET"]}}],"collection":[{"href":"https:\/\/www.2daagse.be\/fr\/wp-json\/wp\/v2\/pages"}],"about":[{"href":"https:\/\/www.2daagse.be\/fr\/wp-json\/wp\/v2\/types\/page"}],"author":[{"embeddable":true,"href":"https:\/\/www.2daagse.be\/fr\/wp-json\/wp\/v2\/users\/2"}],"replies":[{"embeddable":true,"href":"https:\/\/www.2daagse.be\/fr\/wp-json\/wp\/v2\/comments?post=589"}],"version-history":[{"count":10,"href":"https:\/\/www.2daagse.be\/fr\/wp-json\/wp\/v2\/pages\/589\/revisions"}],"predecessor-version":[{"id":7299,"href":"https:\/\/www.2daagse.be\/fr\/wp-json\/wp\/v2\/pages\/589\/revisions\/7299"}],"up":[{"embeddable":true,"href":"https:\/\/www.2daagse.be\/fr\/wp-json\/wp\/v2\/pages\/587"}],"wp:featuredmedia":[{"embeddable":true,"href":"https:\/\/www.2daagse.be\/fr\/wp-json\/wp\/v2\/media\/342"}],"wp:attachment":[{"href":"https:\/\/www.2daagse.be\/fr\/wp-json\/wp\/v2\/media?parent=589"}],"curies":[{"name":"wp","href":"https:\/\/api.w.org\/{rel}","templated":true}]}}