{"id":585,"date":"2023-01-14T13:33:12","date_gmt":"2023-01-14T12:33:12","guid":{"rendered":"https:\/\/tweedaagse.be\/infos-pratiques\/comment-sy-rendre\/"},"modified":"2026-04-02T23:24:04","modified_gmt":"2026-04-02T22:24:04","slug":"comment-sy-rendre","status":"publish","type":"page","link":"https:\/\/www.2daagse.be\/fr\/infos-pratiques\/comment-sy-rendre\/","title":{"rendered":"Comment s&rsquo;y rendre ?"},"content":{"rendered":"\n<p><a href=\"#startplaats_zaterdag\" data-type=\"internal\" data-id=\"#startplaats_zaterdag\">Cliquez ici pour des informations sp\u00e9cifiques concernant le 50 KM du samedi.<\/a><\/p>\n\n<h2 class=\"wp-block-heading\" id=\"startplaats_maerlant\">Point de d\u00e9part Maerlant !<\/h2>\n\n<p>Le d\u00e9part et l&rsquo;arriv\u00e9e se trouvent au <strong>Maerlant Atheneum<\/strong>, \u00e0 proximit\u00e9 de la gare et de l&rsquo;arr\u00eat de tram. L&rsquo;entr\u00e9e se trouve sur la Vredelaan. (<a href=\"https:\/\/maps.app.goo.gl\/F3KWSw3DvjQLtX3W7\" target=\"_blank\" rel=\"noreferrer noopener\">carte<\/a>)<\/p>\n\n<h2 class=\"wp-block-heading\">Par les transports publics<\/h2>\n\n<h3 class=\"wp-block-heading\">Le train \/ SNCB<\/h3>\n\n<p>Oubliez les probl\u00e8mes de congestion et de stationnement. Faites le bon choix et venez aux La Randonn\u00e9e de Deux Jours en train ! La gare de Blankenberge se trouve \u00e0 quelques minutes de marche du point de d\u00e9part.<\/p>\n\n<p>Ce week-end, profitez de 30 % de r\u00e9duction sur votre aller-retour, et avec Train+, vous b\u00e9n\u00e9ficiez d&rsquo;une r\u00e9duction suppl\u00e9mentaire ! Si vous avez moins de 26 ans ou plus de 65 ans, vous voyagez avec une r\u00e9duction de 40 % sur votre aller-retour. Avec Train+, vous ne payez d&rsquo;ailleurs jamais plus de 5,50 \u20ac* par trajet.  <\/p>\n\n<p>Vous pouvez facilement trouver les horaires avec <a href=\"http:\/\/www.belgianrail.be\/jp\/nmbs-routeplanner\/query.exe\/nn?Z=Blankenberge&amp;date=05.05.18\" target=\"_blank\" rel=\"noreferrer noopener\">le planificateur d&rsquo;itin\u00e9raire<\/a> pratique sur <a href=\"http:\/\/www.belgianrail.be\/nl\/\" target=\"_blank\" rel=\"noreferrer noopener\">sncb.be<\/a> ou dans l&rsquo;application gratuite de la SNCB.<\/p>\n\n<p><em>* En 2e classe.<\/em><\/p>\n\n<h3 class=\"wp-block-heading\">De Lijn &#8211; Le tramway c\u00f4tier (Kusttram)<\/h3>\n\n<p>Le moyen le plus durable de se d\u00e9placer est <a href=\"http:\/\/www.delijn.be\/\" target=\"_blank\" rel=\"noopener noreferrer\">De Lijn<\/a> et <a href=\"http:\/\/www.delijn.be\/nl\/kusttram\/index.html\" target=\"_blank\" rel=\"noopener noreferrer\">le tramway c\u00f4tier<\/a>.<\/p>\n\n<p>Le lieu de d\u00e9part se trouve \u00e0 environ 400 m\u00e8tres de <a rel=\"noopener noreferrer\" href=\"https:\/\/www.google.be\/maps\/dir\/51.3134822,3.125377\/Blankenberge+Park\/@51.3129653,3.1228656,17z\/data=!4m9!4m8!1m0!1m5!1m1!1s0x47c4aa871d508749:0x846d39195ad7cd47!2m2!1d3.122381!2d51.312662!3e2?hl=nl\" target=\"_blank\">l&rsquo;arr\u00eat de tramway de la marina (arr\u00eat \u00ab\u00a0Park\u00a0\u00bb)<\/a> ou \u00e0 moins de 500 m\u00e8tres <a rel=\"noopener noreferrer\" href=\"https:\/\/www.google.be\/maps\/dir\/Blankenberge+Station+Perron+2\/Grote+Markt,+8370+Blankenberge\/@51.314132,3.1266623,17z\/data=!4m19!4m18!1m10!1m1!1s0x47c4aa7b76e7c921:0x69eec8b9be094f79!2m2!1d3.132689!2d51.31339!3m4!1m2!1d3.1292344!2d51.3151907!3s0x47c4aa7cdafab349:0x7c65c77bfa9d0e45!1m5!1m1!1s0x47c4aa877f881851:0x842b6bb44b8112a!2m2!1d3.1251767!2d51.3133916!3e2?hl=nl\" target=\"_blank\">de l&rsquo;arr\u00eat de la gare ferroviaire (arr\u00eat \u00ab\u00a0Station\u00a0\u00bb)<\/a>.<\/p>\n\n<p>Pour les horaires, veuillez consulter le site web de <a rel=\"noopener noreferrer\" href=\"http:\/\/www.delijn.be\/nl\/routeplanner\/\" target=\"_blank\">De Lijn<\/a>.<\/p>\n\n<h3 class=\"wp-block-heading\">De Lijn &#8211; Le bus<\/h3>\n\n<p><a rel=\"noopener noreferrer\" href=\"https:\/\/www.google.be\/maps\/dir\/51.3130694,3.1260517\/Blankenberge+Grote+Markt\/@51.3126562,3.1247184,17z\/data=!4m9!4m8!1m0!1m5!1m1!1s0x47c4aa8765a9a0a9:0xf57473def6b84428!2m2!1d3.124811!2d51.312462!3e2?hl=nl\" target=\"_blank\">L&rsquo;arr\u00eat de bus de la Grand Place<\/a> est proche du point de d\u00e9part et d&rsquo;arriv\u00e9e de la Randonn\u00e9e de Deux Jours.<\/p>\n\n<p>Pour les horaires, veuillez consulter le site web de <a rel=\"noopener noreferrer\" href=\"http:\/\/www.delijn.be\/nl\/routeplanner\/\" target=\"_blank\">De Lijn<\/a>.<\/p>\n\n<h2 class=\"wp-block-heading\" id=\"met-de-wagen\">En voiture<\/h2>\n\n<p>Tous les chemins m\u00e8nent \u00e0&#8230; hum&#8230; Blankenberge.<\/p>\n\n<p>Il existe de nombreuses places de stationnement diss\u00e9min\u00e9es dans la ville. Notez que la plupart des endroits sont payants.<\/p>\n\n<p>Vous trouverez de plus amples informations sur <strong>le stationnement \u00e0 Blankenberge<\/strong> sur <a href=\"https:\/\/www.visit-blankenberge.be\/parkeren\" target=\"_blank\" rel=\"noreferrer noopener\">le site web de Blankenberge<\/a>.<\/p>\n\n<blockquote class=\"wp-block-quote is-layout-flow wp-block-quote-is-layout-flow\">\n<p>Si vous venez en voiture et pr\u00e9f\u00e9rez \u00e9viter l&rsquo;agitation du centre de Blankenberge, vous pouvez toujours garer votre voiture \u00e0 Wenduine ou \u00e0 Zeebrugge. Le tramway vous conduira ensuite \u00e0 environ 400 m\u00e8tres du point de d\u00e9part de la Randonn\u00e9e de Deux Jours.<\/p>\n<\/blockquote>\n\n<h2 class=\"wp-block-heading\">En bus\/coach priv\u00e9<\/h2>\n\n<p>Nous recommandons \u00e0 tous de d\u00e9barquer et d&#8217;embarquer \u00e0 l&rsquo;h\u00f4tel de ville de Blankenberge (<a href=\"https:\/\/www.google.be\/maps\/dir\/John+F.+Kennedyplein+1,+8370+Blankenberge\/Grote+Markt,+8370+Blankenberge\/@51.31263,3.1264492,17z\/data=!4m19!4m18!1m10!1m1!1s0x47c4aa7be55fe68d:0xecc946238fc95a42!2m2!1d3.1323458!2d51.31111!3m4!1m2!1d3.1248504!2d51.3127773!3s0x47c4aa8770807e45:0xe628786b6c7f14f9!1m5!1m1!1s0x47c4aa877f881851:0x842b6bb44b8112a!2m2!1d3.1251767!2d51.3133916!3e2?hl=nl\" target=\"_blank\" rel=\"noopener noreferrer\">John F. Kennedyplein 1<\/a>). C&rsquo;est l&rsquo;un des rares endroits o\u00f9 cela est \u00e9galement autoris\u00e9. Ce lieu est situ\u00e9 \u00e0 cinq minutes \u00e0 pied du site de d\u00e9part et la circulation y est beaucoup plus fluide.<\/p>\n\n<p>Le parking pour les bus se trouve dans la Groenestraat, pr\u00e8s du Sportdoze (<a rel=\"noopener noreferrer\" href=\"https:\/\/www.google.be\/maps\/dir\/John+F.+Kennedyplein,+8370+Blankenberge\/De+Sportdoze,+Groenestraat+86,+8370+Blankenberge\/@51.3134352,3.1350354,17z\/data=!3m1!4b1!4m14!4m13!1m5!1m1!1s0x47c4aa7be55fe68d:0x3e32d4762c9a2095!2m2!1d3.13254!2d51.31111!1m5!1m1!1s0x47c4aa6e220a8ccb:0x306b50a896ddedbc!2m2!1d3.142986!2d51.315643!3e0?hl=nl\" target=\"_blank\">Groenestraat 86<\/a>).<\/p>\n\n<h2 class=\"wp-block-heading\">Ou, bien s\u00fbr, \u00e0 v\u00e9lo ou \u00e0 pied !<\/h2>\n\n<p>Sp\u00e9cialement pour les cyclistes, nous fournissons plus qu&rsquo;assez d&rsquo;espace pour garer votre v\u00e9lo en toute s\u00e9curit\u00e9.<\/p>\n\n<hr class=\"wp-block-separator has-alpha-channel-opacity is-style-wide\"\/>\n\n<h1 class=\"wp-block-heading\" id=\"startplaats_zaterdag_50\"><a href=\"#startplaats_zaterdag\">Point de D\u00e9part 50KM Samedi <\/a><\/h1>\n\n<p>Nous mettons \u00e0 la disposition exclusive de nos randonneurs des bus le samedi matin entre Blankenberge et la gare de Knokke.<br\/><strong>L&rsquo;inscription pr\u00e9alable est obligatoire<\/strong>.<\/p>\n\n<p>Le d\u00e9part du 50 km se trouve \u00e0 Knokke, au Margaretacentrum, Lippensplein 1a (pr\u00e8s de la gare) (<a href=\"https:\/\/maps.app.goo.gl\/CimY7QNRceyKmbGq8\" target=\"_blank\" rel=\"noreferrer noopener\">carte<\/a>)<\/p>\n\n<h2 class=\"wp-block-heading\" id=\"tweedaagse_bus\">Avec le bus de notre Randonn\u00e9e de Deux Jours<\/h2>\n\n<p>Sp\u00e9cialement pour le 50 km, nous mettons en place nos propres bus au d\u00e9part de Blankenberge vers le lieu de d\u00e9part \u00e0 Knokke.<\/p>\n\n<p>Il est obligatoire de r\u00e9server \u00e0 l&rsquo;avance lors de l&rsquo;inscription.<\/p>\n\n<blockquote class=\"wp-block-quote is-layout-flow wp-block-quote-is-layout-flow\">\n<p>Si vous avez oubli\u00e9 de r\u00e9server votre billet de bus, <a href=\"\/tickets\" data-type=\"page\" data-id=\"6786\" target=\"_blank\" rel=\"noreferrer noopener\">faites-le vite ici<\/a> <span style=\"text-decoration: underline;\">avant le 20 avril<\/span>.<\/p>\n<\/blockquote>\n\n<p>Le bus part \u00e0 6 h 30 pr\u00e9cises de la mairie de Blankenberge<br\/>J.F. Kennedyplein 1, 8370 Blankenberge (<a href=\"https:\/\/maps.app.goo.gl\/TN4xhUyTujgWxLrg8\" data-type=\"link\" data-id=\"https:\/\/maps.app.goo.gl\/TN4xhUyTujgWxLrg8\" target=\"_blank\" rel=\"noreferrer noopener\">carte<\/a>).<\/p>\n\n<h2 class=\"wp-block-heading\">Par les transports publics<\/h2>\n\n<h3 class=\"wp-block-heading\">Le bus \/ De Lijn<\/h3>\n\n<p>De bushalte aan het Station van Knokke bevindt zich vlakbij de startplaats van de Tweedaagse.<\/p>\n\n<p>Pour les horaires, veuillez consulter le site web de <a rel=\"noopener noreferrer\" href=\"http:\/\/www.delijn.be\/nl\/routeplanner\/\" target=\"_blank\">De Lijn<\/a>.<\/p>\n\n<h3 class=\"wp-block-heading\">Le train \/ SNCB<\/h3>\n\n<p>Oubliez les probl\u00e8mes de congestion et de stationnement. Faites le bon choix et venez aux La Randonn\u00e9e de Deux Jours en train ! La gare de Knokke se trouve \u00e0 seulement quelques minutes \u00e0 pied du point de d\u00e9part.<\/p>\n\n<p>Ce week-end, profitez de 30 % de r\u00e9duction sur votre aller-retour, et avec Train+, vous b\u00e9n\u00e9ficiez d&rsquo;une r\u00e9duction suppl\u00e9mentaire ! Si vous avez moins de 26 ans ou plus de 65 ans, vous voyagez avec une r\u00e9duction de 40 % sur votre aller-retour. Avec Train+, vous ne payez d&rsquo;ailleurs jamais plus de 5,50 \u20ac* par trajet.  <\/p>\n\n<p>Vous pouvez facilement trouver les horaires avec <a href=\"http:\/\/www.belgianrail.be\/jp\/nmbs-routeplanner\/query.exe\/nn?Z=Blankenberge&amp;date=05.05.18\" target=\"_blank\" rel=\"noreferrer noopener\">le planificateur d&rsquo;itin\u00e9raire<\/a> pratique sur <a href=\"http:\/\/www.belgianrail.be\/nl\/\" target=\"_blank\" rel=\"noreferrer noopener\">sncb.be<\/a> ou dans l&rsquo;application gratuite de la SNCB.<\/p>\n\n<p><em>* En 2e classe.<\/em><\/p>\n\n<h2 class=\"wp-block-heading\">En voiture<\/h2>\n\n<p>Vous pouvez <a href=\"https:\/\/maps.app.goo.gl\/AU5odm41vAwqVVjf6\" target=\"_blank\" rel=\"noreferrer noopener\">vous garer \u00e0 la gare<\/a>, facilement et \u00e0 moindre co\u00fbt . Attention : le nombre de places est limit\u00e9.<\/p>\n\n<p>Apr\u00e8s la randonn\u00e9e, vous pouvez facilement prendre le train (ou le bus) pour retourner de Blankenberge \u00e0 Knokke.<\/p>\n\n<h2 class=\"wp-block-heading\">En bus\/coach priv\u00e9<\/h2>\n\n<p>Il est bien s\u00fbr \u00e9galement possible de vous d\u00e9poser en autocar \u00e0 la gare de Knokke et de venir vous rechercher \u00e0 Blankenberge.<\/p>\n\n<p>Pour plus d&rsquo;informations sur les arr\u00eats \u00e0 Knokke et le stationnement, veuillez consulter <a href=\"https:\/\/www.knokke-heist.be\/parkeren\" target=\"_blank\" rel=\"noreferrer noopener\">le site web de Knokke-Heist<\/a>.<\/p>\n\n<p>Attention : les randonneurs ne peuvent \u00eatre pris en charge \u00e0 Blankenberge qu&rsquo;\u00e0 la mairie de Blankenberge (<a href=\"https:\/\/www.google.be\/maps\/dir\/John+F.+Kennedyplein+1,+8370+Blankenberge\/Grote+Markt,+8370+Blankenberge\/@51.31263,3.1264492,17z\/data=!4m19!4m18!1m10!1m1!1s0x47c4aa7be55fe68d:0xecc946238fc95a42!2m2!1d3.1323458!2d51.31111!3m4!1m2!1d3.1248504!2d51.3127773!3s0x47c4aa8770807e45:0xe628786b6c7f14f9!1m5!1m1!1s0x47c4aa877f881851:0x842b6bb44b8112a!2m2!1d3.1251767!2d51.3133916!3e2?hl=nl\" target=\"_blank\" rel=\"noopener noreferrer\">John F. Kennedyplein 1<\/a>). C&rsquo;est l&rsquo;un des rares endroits o\u00f9 cela est autoris\u00e9. Ce lieu est situ\u00e9 \u00e0 cinq minutes \u00e0 pied du site de d\u00e9part et la circulation y est beaucoup plus fluide. Entre-temps, le car peut se garer \u00e0 Blankenberge sur le parking r\u00e9serv\u00e9 aux bus (<a href=\"https:\/\/www.google.be\/maps\/dir\/John+F.+Kennedyplein,+8370+Blankenberge\/De+Sportdoze,+Groenestraat+86,+8370+Blankenberge\/@51.3134352,3.1350354,17z\/data=!3m1!4b1!4m14!4m13!1m5!1m1!1s0x47c4aa7be55fe68d:0x3e32d4762c9a2095!2m2!1d3.13254!2d51.31111!1m5!1m1!1s0x47c4aa6e220a8ccb:0x306b50a896ddedbc!2m2!1d3.142986!2d51.315643!3e0?hl=nl\" target=\"_blank\" rel=\"noopener noreferrer\">Groenestraat 86 \u00e0 Blankenberge<\/a>).<\/p>\n\n<h2 class=\"wp-block-heading\">Ou, bien s\u00fbr, \u00e0 v\u00e9lo ou \u00e0 pied !<\/h2>\n\n<p>Il y a plus qu&rsquo;assez d&rsquo;espace \u00e0 la station pour garer votre v\u00e9lo en toute s\u00e9curit\u00e9.<\/p>\n\n<p>Apr\u00e8s la randonn\u00e9e, vous pouvez facilement prendre le train (ou le bus) pour retourner de Blankenberge \u00e0 Knokke.<\/p>\n","protected":false},"excerpt":{"rendered":"<p>Cliquez ici pour des informations sp\u00e9cifiques concernant le 50 KM du samedi. Point de d\u00e9part Maerlant ! Le d\u00e9part et l&rsquo;arriv\u00e9e se trouvent au Maerlant Atheneum, \u00e0 proximit\u00e9 de la gare et de l&rsquo;arr\u00eat de tram. L&rsquo;entr\u00e9e se trouve sur la Vredelaan. (carte) Par les transports publics Le train \/ SNCB Oubliez les probl\u00e8mes de [&hellip;]<\/p>\n","protected":false},"author":2,"featured_media":734,"parent":583,"menu_order":0,"comment_status":"closed","ping_status":"closed","template":"templates\/template-cover.php","meta":{"footnotes":""},"class_list":["post-585","page","type-page","status-publish","has-post-thumbnail","hentry"],"_links":{"self":[{"href":"https:\/\/www.2daagse.be\/fr\/wp-json\/wp\/v2\/pages\/585","targetHints":{"allow":["GET"]}}],"collection":[{"href":"https:\/\/www.2daagse.be\/fr\/wp-json\/wp\/v2\/pages"}],"about":[{"href":"https:\/\/www.2daagse.be\/fr\/wp-json\/wp\/v2\/types\/page"}],"author":[{"embeddable":true,"href":"https:\/\/www.2daagse.be\/fr\/wp-json\/wp\/v2\/users\/2"}],"replies":[{"embeddable":true,"href":"https:\/\/www.2daagse.be\/fr\/wp-json\/wp\/v2\/comments?post=585"}],"version-history":[{"count":10,"href":"https:\/\/www.2daagse.be\/fr\/wp-json\/wp\/v2\/pages\/585\/revisions"}],"predecessor-version":[{"id":7374,"href":"https:\/\/www.2daagse.be\/fr\/wp-json\/wp\/v2\/pages\/585\/revisions\/7374"}],"up":[{"embeddable":true,"href":"https:\/\/www.2daagse.be\/fr\/wp-json\/wp\/v2\/pages\/583"}],"wp:featuredmedia":[{"embeddable":true,"href":"https:\/\/www.2daagse.be\/fr\/wp-json\/wp\/v2\/media\/734"}],"wp:attachment":[{"href":"https:\/\/www.2daagse.be\/fr\/wp-json\/wp\/v2\/media?parent=585"}],"curies":[{"name":"wp","href":"https:\/\/api.w.org\/{rel}","templated":true}]}}