{"id":3224,"date":"2024-02-08T23:00:57","date_gmt":"2024-02-08T22:00:57","guid":{"rendered":"https:\/\/www.2daagse.be\/infos-pratiques\/passer-la-nuit\/hotel-du-commerce\/"},"modified":"2026-01-25T12:24:57","modified_gmt":"2026-01-25T11:24:57","slug":"hotel-du-commerce","status":"publish","type":"page","link":"https:\/\/www.2daagse.be\/fr\/infos-pratiques\/passer-la-nuit\/hotel-du-commerce\/","title":{"rendered":"Hotel Du Commerce***"},"content":{"rendered":"\n<div class=\"wp-block-envira-envira-gallery\"><div id=\"envira-gallery-wrap-3016\" class=\"envira-gallery-wrap envira-gallery-theme-base envira-lightbox-theme-base\" itemscope itemtype=\"https:\/\/schema.org\/ImageGallery\"><div data-row-height=\"150\" data-gallery-theme=\"normal\" id=\"envira-gallery-3016\" class=\"envira-gallery-public envira-gallery-justified-public envira-gallery-0-columns envira-clear enviratope envira-gallery-css-animations\" data-envira-columns=\"0\"><div id=\"envira-gallery-item-3029\" class=\"envira-gallery-item enviratope-item envira-gallery-item-1 envira-lazy-load\" style=\"padding-left: 1px; padding-bottom: 1px; padding-right: 1px;\"  itemscope itemtype=\"https:\/\/schema.org\/ImageObject\"><div class=\"envira-gallery-item-inner\"><div class=\"envira-gallery-position-overlay  envira-gallery-top-left\"><\/div><div class=\"envira-gallery-position-overlay  envira-gallery-top-right\"><\/div><div class=\"envira-gallery-position-overlay  envira-gallery-bottom-left\"><\/div><div class=\"envira-gallery-position-overlay  envira-gallery-bottom-right\"><\/div><a href=\"https:\/\/i0.wp.com\/www.2daagse.be\/wp-content\/uploads\/2024\/02\/hotel_du_commerce_2.jpg?ssl=1\" class=\"envira-gallery-3016 envira-gallery-link\" rel=\"enviragallery3016\" title=\"Hotel Du Commerce***\" data-envira-caption=\"Hotel Du Commerce***\" data-envira-retina=\"\" data-thumbnail=\"\"  itemprop=\"contentUrl\"><img decoding=\"async\" id=\"envira-gallery-image-3029\" class=\"envira-gallery-image envira-gallery-image-1 envira-normal envira-lazy\" data-envira-index=\"1\" src=\"https:\/\/i0.wp.com\/www.2daagse.be\/wp-content\/uploads\/2024\/02\/hotel_du_commerce_2.jpg?fit=580%2C435&#038;ssl=1\" data-envira-src=\"https:\/\/i0.wp.com\/www.2daagse.be\/wp-content\/uploads\/2024\/02\/hotel_du_commerce_2.jpg?fit=580%2C435&#038;ssl=1\" data-envira-gallery-id=\"3016\" data-envira-item-id=\"3029\" data-envira-caption=\"Hotel Du Commerce***\" alt=\"Hotel Du Commerce*** - Blankenberge - https:\/\/www.hotel-du-commerce.be\/\" title=\"Hotel Du Commerce***\"  itemprop=\"thumbnailUrl\" data-envira-srcset=\"https:\/\/i0.wp.com\/www.2daagse.be\/wp-content\/uploads\/2024\/02\/hotel_du_commerce_2.jpg?fit=580%2C435&#038;ssl=1 400w,https:\/\/i0.wp.com\/www.2daagse.be\/wp-content\/uploads\/2024\/02\/hotel_du_commerce_2.jpg?fit=580%2C435&#038;ssl=1 2x\" data-envira-width=\"640\" data-envira-height=\"480\" srcset=\"data:image\/gif;base64,R0lGODlhAQABAIAAAP\/\/\/\/\/\/\/yH5BAEKAAEALAAAAAABAAEAAAICTAEAOw==\" data-safe-src=\"data:image\/gif;base64,R0lGODlhAQABAIAAAP\/\/\/\/\/\/\/yH5BAEKAAEALAAAAAABAAEAAAICTAEAOw==\" \/><\/a><\/div><\/div><div id=\"envira-gallery-item-3017\" class=\"envira-gallery-item enviratope-item envira-gallery-item-2 envira-lazy-load\" style=\"padding-left: 1px; padding-bottom: 1px; padding-right: 1px;\"  itemscope itemtype=\"https:\/\/schema.org\/ImageObject\"><div class=\"envira-gallery-item-inner\"><div class=\"envira-gallery-position-overlay  envira-gallery-top-left\"><\/div><div class=\"envira-gallery-position-overlay  envira-gallery-top-right\"><\/div><div class=\"envira-gallery-position-overlay  envira-gallery-bottom-left\"><\/div><div class=\"envira-gallery-position-overlay  envira-gallery-bottom-right\"><\/div><a href=\"https:\/\/i0.wp.com\/www.2daagse.be\/wp-content\/uploads\/2024\/02\/hotel_du_commerce_6.jpg?ssl=1\" class=\"envira-gallery-3016 envira-gallery-link\" rel=\"enviragallery3016\" title=\"Hotel Du Commerce***\" data-envira-caption=\"Hotel Du Commerce***\" data-envira-retina=\"\" data-thumbnail=\"\"  itemprop=\"contentUrl\"><img decoding=\"async\" id=\"envira-gallery-image-3017\" class=\"envira-gallery-image envira-gallery-image-2 envira-normal envira-lazy\" data-envira-index=\"2\" src=\"https:\/\/i0.wp.com\/www.2daagse.be\/wp-content\/uploads\/2024\/02\/hotel_du_commerce_6.jpg?fit=580%2C435&#038;ssl=1\" data-envira-src=\"https:\/\/i0.wp.com\/www.2daagse.be\/wp-content\/uploads\/2024\/02\/hotel_du_commerce_6.jpg?fit=580%2C435&#038;ssl=1\" data-envira-gallery-id=\"3016\" data-envira-item-id=\"3017\" data-envira-caption=\"Hotel Du Commerce***\" alt=\"Hotel Du Commerce*** - Blankenberge - https:\/\/www.hotel-du-commerce.be\/\" title=\"Hotel Du Commerce***\"  itemprop=\"thumbnailUrl\" data-envira-srcset=\"https:\/\/i0.wp.com\/www.2daagse.be\/wp-content\/uploads\/2024\/02\/hotel_du_commerce_6.jpg?fit=580%2C435&#038;ssl=1 400w,https:\/\/i0.wp.com\/www.2daagse.be\/wp-content\/uploads\/2024\/02\/hotel_du_commerce_6.jpg?fit=580%2C435&#038;ssl=1 2x\" data-envira-width=\"640\" data-envira-height=\"480\" srcset=\"data:image\/gif;base64,R0lGODlhAQABAIAAAP\/\/\/\/\/\/\/yH5BAEKAAEALAAAAAABAAEAAAICTAEAOw==\" data-safe-src=\"data:image\/gif;base64,R0lGODlhAQABAIAAAP\/\/\/\/\/\/\/yH5BAEKAAEALAAAAAABAAEAAAICTAEAOw==\" \/><\/a><\/div><\/div><div id=\"envira-gallery-item-3020\" class=\"envira-gallery-item enviratope-item envira-gallery-item-3 envira-lazy-load\" style=\"padding-left: 1px; padding-bottom: 1px; padding-right: 1px;\"  itemscope itemtype=\"https:\/\/schema.org\/ImageObject\"><div class=\"envira-gallery-item-inner\"><div class=\"envira-gallery-position-overlay  envira-gallery-top-left\"><\/div><div class=\"envira-gallery-position-overlay  envira-gallery-top-right\"><\/div><div class=\"envira-gallery-position-overlay  envira-gallery-bottom-left\"><\/div><div class=\"envira-gallery-position-overlay  envira-gallery-bottom-right\"><\/div><a href=\"https:\/\/i0.wp.com\/www.2daagse.be\/wp-content\/uploads\/2024\/02\/hotel_du_commerce_5.jpg?ssl=1\" class=\"envira-gallery-3016 envira-gallery-link\" rel=\"enviragallery3016\" title=\"Hotel Du Commerce***\" data-envira-caption=\"Hotel Du Commerce***\" data-envira-retina=\"\" data-thumbnail=\"\"  itemprop=\"contentUrl\"><img decoding=\"async\" id=\"envira-gallery-image-3020\" class=\"envira-gallery-image envira-gallery-image-3 envira-normal envira-lazy\" data-envira-index=\"3\" src=\"https:\/\/i0.wp.com\/www.2daagse.be\/wp-content\/uploads\/2024\/02\/hotel_du_commerce_5.jpg?fit=580%2C387&#038;ssl=1\" data-envira-src=\"https:\/\/i0.wp.com\/www.2daagse.be\/wp-content\/uploads\/2024\/02\/hotel_du_commerce_5.jpg?fit=580%2C387&#038;ssl=1\" data-envira-gallery-id=\"3016\" data-envira-item-id=\"3020\" data-envira-caption=\"Hotel Du Commerce***\" alt=\"Hotel Du Commerce*** - Blankenberge - https:\/\/www.hotel-du-commerce.be\/\" title=\"Hotel Du Commerce***\"  itemprop=\"thumbnailUrl\" data-envira-srcset=\"https:\/\/i0.wp.com\/www.2daagse.be\/wp-content\/uploads\/2024\/02\/hotel_du_commerce_5.jpg?fit=580%2C387&#038;ssl=1 400w,https:\/\/i0.wp.com\/www.2daagse.be\/wp-content\/uploads\/2024\/02\/hotel_du_commerce_5.jpg?fit=580%2C387&#038;ssl=1 2x\" data-envira-width=\"640\" data-envira-height=\"480\" srcset=\"data:image\/gif;base64,R0lGODlhAQABAIAAAP\/\/\/\/\/\/\/yH5BAEKAAEALAAAAAABAAEAAAICTAEAOw==\" data-safe-src=\"data:image\/gif;base64,R0lGODlhAQABAIAAAP\/\/\/\/\/\/\/yH5BAEKAAEALAAAAAABAAEAAAICTAEAOw==\" \/><\/a><\/div><\/div><div id=\"envira-gallery-item-3023\" class=\"envira-gallery-item enviratope-item envira-gallery-item-4 envira-lazy-load\" style=\"padding-left: 1px; padding-bottom: 1px; padding-right: 1px;\"  itemscope itemtype=\"https:\/\/schema.org\/ImageObject\"><div class=\"envira-gallery-item-inner\"><div class=\"envira-gallery-position-overlay  envira-gallery-top-left\"><\/div><div class=\"envira-gallery-position-overlay  envira-gallery-top-right\"><\/div><div class=\"envira-gallery-position-overlay  envira-gallery-bottom-left\"><\/div><div class=\"envira-gallery-position-overlay  envira-gallery-bottom-right\"><\/div><a href=\"https:\/\/i0.wp.com\/www.2daagse.be\/wp-content\/uploads\/2024\/02\/hotel_du_commerce_4.jpg?ssl=1\" class=\"envira-gallery-3016 envira-gallery-link\" rel=\"enviragallery3016\" title=\"Hotel Du Commerce***\" data-envira-caption=\"Hotel Du Commerce***\" data-envira-retina=\"\" data-thumbnail=\"\"  itemprop=\"contentUrl\"><img decoding=\"async\" id=\"envira-gallery-image-3023\" class=\"envira-gallery-image envira-gallery-image-4 envira-normal envira-lazy\" data-envira-index=\"4\" src=\"https:\/\/i0.wp.com\/www.2daagse.be\/wp-content\/uploads\/2024\/02\/hotel_du_commerce_4.jpg?fit=580%2C387&#038;ssl=1\" data-envira-src=\"https:\/\/i0.wp.com\/www.2daagse.be\/wp-content\/uploads\/2024\/02\/hotel_du_commerce_4.jpg?fit=580%2C387&#038;ssl=1\" data-envira-gallery-id=\"3016\" data-envira-item-id=\"3023\" data-envira-caption=\"Hotel Du Commerce***\" alt=\"Hotel Du Commerce*** - Blankenberge - https:\/\/www.hotel-du-commerce.be\/\" title=\"Hotel Du Commerce***\"  itemprop=\"thumbnailUrl\" data-envira-srcset=\"https:\/\/i0.wp.com\/www.2daagse.be\/wp-content\/uploads\/2024\/02\/hotel_du_commerce_4.jpg?fit=580%2C387&#038;ssl=1 400w,https:\/\/i0.wp.com\/www.2daagse.be\/wp-content\/uploads\/2024\/02\/hotel_du_commerce_4.jpg?fit=580%2C387&#038;ssl=1 2x\" data-envira-width=\"640\" data-envira-height=\"480\" srcset=\"data:image\/gif;base64,R0lGODlhAQABAIAAAP\/\/\/\/\/\/\/yH5BAEKAAEALAAAAAABAAEAAAICTAEAOw==\" data-safe-src=\"data:image\/gif;base64,R0lGODlhAQABAIAAAP\/\/\/\/\/\/\/yH5BAEKAAEALAAAAAABAAEAAAICTAEAOw==\" \/><\/a><\/div><\/div><div id=\"envira-gallery-item-3026\" class=\"envira-gallery-item enviratope-item envira-gallery-item-5 envira-lazy-load\" style=\"padding-left: 1px; padding-bottom: 1px; padding-right: 1px;\"  itemscope itemtype=\"https:\/\/schema.org\/ImageObject\"><div class=\"envira-gallery-item-inner\"><div class=\"envira-gallery-position-overlay  envira-gallery-top-left\"><\/div><div class=\"envira-gallery-position-overlay  envira-gallery-top-right\"><\/div><div class=\"envira-gallery-position-overlay  envira-gallery-bottom-left\"><\/div><div class=\"envira-gallery-position-overlay  envira-gallery-bottom-right\"><\/div><a href=\"https:\/\/i0.wp.com\/www.2daagse.be\/wp-content\/uploads\/2024\/02\/hotel_du_commerce_3.jpg?ssl=1\" class=\"envira-gallery-3016 envira-gallery-link\" rel=\"enviragallery3016\" title=\"Hotel Du Commerce***\" data-envira-caption=\"Hotel Du Commerce***\" data-envira-retina=\"\" data-thumbnail=\"\"  itemprop=\"contentUrl\"><img decoding=\"async\" id=\"envira-gallery-image-3026\" class=\"envira-gallery-image envira-gallery-image-5 envira-normal envira-lazy\" data-envira-index=\"5\" src=\"https:\/\/i0.wp.com\/www.2daagse.be\/wp-content\/uploads\/2024\/02\/hotel_du_commerce_3.jpg?fit=580%2C873&#038;ssl=1\" data-envira-src=\"https:\/\/i0.wp.com\/www.2daagse.be\/wp-content\/uploads\/2024\/02\/hotel_du_commerce_3.jpg?fit=580%2C873&#038;ssl=1\" data-envira-gallery-id=\"3016\" data-envira-item-id=\"3026\" data-envira-caption=\"Hotel Du Commerce***\" alt=\"Hotel Du Commerce*** - Blankenberge - https:\/\/www.hotel-du-commerce.be\/\" title=\"Hotel Du Commerce***\"  itemprop=\"thumbnailUrl\" data-envira-srcset=\"https:\/\/i0.wp.com\/www.2daagse.be\/wp-content\/uploads\/2024\/02\/hotel_du_commerce_3.jpg?fit=580%2C873&#038;ssl=1 400w,https:\/\/i0.wp.com\/www.2daagse.be\/wp-content\/uploads\/2024\/02\/hotel_du_commerce_3.jpg?fit=580%2C873&#038;ssl=1 2x\" data-envira-width=\"640\" data-envira-height=\"480\" srcset=\"data:image\/gif;base64,R0lGODlhAQABAIAAAP\/\/\/\/\/\/\/yH5BAEKAAEALAAAAAABAAEAAAICTAEAOw==\" data-safe-src=\"data:image\/gif;base64,R0lGODlhAQABAIAAAP\/\/\/\/\/\/\/yH5BAEKAAEALAAAAAABAAEAAAICTAEAOw==\" \/><\/a><\/div><\/div><div id=\"envira-gallery-item-3032\" class=\"envira-gallery-item enviratope-item envira-gallery-item-6 envira-lazy-load\" style=\"padding-left: 1px; padding-bottom: 1px; padding-right: 1px;\"  itemscope itemtype=\"https:\/\/schema.org\/ImageObject\"><div class=\"envira-gallery-item-inner\"><div class=\"envira-gallery-position-overlay  envira-gallery-top-left\"><\/div><div class=\"envira-gallery-position-overlay  envira-gallery-top-right\"><\/div><div class=\"envira-gallery-position-overlay  envira-gallery-bottom-left\"><\/div><div class=\"envira-gallery-position-overlay  envira-gallery-bottom-right\"><\/div><a href=\"https:\/\/i0.wp.com\/www.2daagse.be\/wp-content\/uploads\/2024\/02\/hotel_du_commerce_1.jpg?ssl=1\" class=\"envira-gallery-3016 envira-gallery-link\" rel=\"enviragallery3016\" title=\"Hotel Du Commerce***\" data-envira-caption=\"Hotel Du Commerce***\" data-envira-retina=\"\" data-thumbnail=\"\"  itemprop=\"contentUrl\"><img decoding=\"async\" id=\"envira-gallery-image-3032\" class=\"envira-gallery-image envira-gallery-image-6 envira-normal envira-lazy\" data-envira-index=\"6\" src=\"https:\/\/i0.wp.com\/www.2daagse.be\/wp-content\/uploads\/2024\/02\/hotel_du_commerce_1.jpg?fit=580%2C387&#038;ssl=1\" data-envira-src=\"https:\/\/i0.wp.com\/www.2daagse.be\/wp-content\/uploads\/2024\/02\/hotel_du_commerce_1.jpg?fit=580%2C387&#038;ssl=1\" data-envira-gallery-id=\"3016\" data-envira-item-id=\"3032\" data-envira-caption=\"Hotel Du Commerce***\" alt=\"Hotel Du Commerce*** - Blankenberge - https:\/\/www.hotel-du-commerce.be\/\" title=\"Hotel Du Commerce***\"  itemprop=\"thumbnailUrl\" data-envira-srcset=\"https:\/\/i0.wp.com\/www.2daagse.be\/wp-content\/uploads\/2024\/02\/hotel_du_commerce_1.jpg?fit=580%2C387&#038;ssl=1 400w,https:\/\/i0.wp.com\/www.2daagse.be\/wp-content\/uploads\/2024\/02\/hotel_du_commerce_1.jpg?fit=580%2C387&#038;ssl=1 2x\" data-envira-width=\"640\" data-envira-height=\"480\" srcset=\"data:image\/gif;base64,R0lGODlhAQABAIAAAP\/\/\/\/\/\/\/yH5BAEKAAEALAAAAAABAAEAAAICTAEAOw==\" data-safe-src=\"data:image\/gif;base64,R0lGODlhAQABAIAAAP\/\/\/\/\/\/\/yH5BAEKAAEALAAAAAABAAEAAAICTAEAOw==\" \/><\/a><\/div><\/div><\/div><\/div><noscript><img decoding=\"async\" src=\"https:\/\/i0.wp.com\/www.2daagse.be\/wp-content\/uploads\/2024\/02\/hotel_du_commerce_2.jpg?fit=1440%2C1080&#038;ssl=1\" alt=\"Hotel Du Commerce*** - Blankenberge - https:\/\/www.hotel-du-commerce.be\/\" \/><img decoding=\"async\" src=\"https:\/\/i0.wp.com\/www.2daagse.be\/wp-content\/uploads\/2024\/02\/hotel_du_commerce_6.jpg?fit=1440%2C1080&#038;ssl=1\" alt=\"Hotel Du Commerce*** - Blankenberge - https:\/\/www.hotel-du-commerce.be\/\" \/><img decoding=\"async\" src=\"https:\/\/i0.wp.com\/www.2daagse.be\/wp-content\/uploads\/2024\/02\/hotel_du_commerce_5.jpg?fit=1618%2C1080&#038;ssl=1\" alt=\"Hotel Du Commerce*** - Blankenberge - https:\/\/www.hotel-du-commerce.be\/\" \/><img decoding=\"async\" src=\"https:\/\/i0.wp.com\/www.2daagse.be\/wp-content\/uploads\/2024\/02\/hotel_du_commerce_4.jpg?fit=1619%2C1080&#038;ssl=1\" alt=\"Hotel Du Commerce*** - Blankenberge - https:\/\/www.hotel-du-commerce.be\/\" \/><img decoding=\"async\" src=\"https:\/\/i0.wp.com\/www.2daagse.be\/wp-content\/uploads\/2024\/02\/hotel_du_commerce_3.jpg?fit=717%2C1080&#038;ssl=1\" alt=\"Hotel Du Commerce*** - Blankenberge - https:\/\/www.hotel-du-commerce.be\/\" \/><img decoding=\"async\" src=\"https:\/\/i0.wp.com\/www.2daagse.be\/wp-content\/uploads\/2024\/02\/hotel_du_commerce_1.jpg?fit=1618%2C1080&#038;ssl=1\" alt=\"Hotel Du Commerce*** - Blankenberge - https:\/\/www.hotel-du-commerce.be\/\" \/><\/noscript><\/div>\n\n<p>L&rsquo;h\u00f4tel Du Commerce est un h\u00f4tel familial g\u00e9r\u00e9 par la 4<sup>i\u00e8me<\/sup> g\u00e9n\u00e9ration de la m\u00eame famille.<\/p>\n\n<p>L&rsquo;h\u00f4tel est une combinaison unique de charme historique et de confort contemporain. Toutes les chambres ont \u00e9t\u00e9 r\u00e9nov\u00e9es selon des normes contemporaines et disposent d&rsquo;une t\u00e9l\u00e9vision \u00e0 \u00e9cran plat, d&rsquo;une belle salle de bains, d&rsquo;un t\u00e9l\u00e9phone et d&rsquo;un petit r\u00e9frig\u00e9rateur.<\/p>\n\n<p>L&rsquo;h\u00f4tel propose un petit d\u00e9jeuner frais et agr\u00e9able avec un service personnalis\u00e9.<\/p>\n\n<p>Apr\u00e8s une promenade revigorante \u00e0 pied ou \u00e0 v\u00e9lo, vous pouvez \u00e9galement profiter du bain de vapeur\/hamman.<\/p>\n\n<figure class=\"wp-block-pullquote alignwide\"><blockquote><p>Une consommation gratuite vous sera offerte dans le salon apr\u00e8s la marche.<\/p><\/blockquote><\/figure>\n\n<h3 class=\"wp-block-heading\">Contact<\/h3>\n\n<p><strong>Hotel Du Commerce<\/strong><br\/>Weststraat 64; Blankenberge (<a href=\"https:\/\/maps.app.goo.gl\/fcNq8uXoK4y96iABA\" target=\"_blank\" rel=\"noopener\" title=\"\">kaart<\/a>)<\/p>\n\n<p>Tel +32 050 42 95 35<\/p>\n\n<p><a href=\"mailto:info@hotel-du-commerce.be\" target=\"_blank\" rel=\"noopener\" title=\"\">info@hotel-du-commerce.be<\/a><br\/><a href=\"https:\/\/www.hotel-du-commerce.be\" target=\"_blank\" rel=\"noopener\" title=\"\">https:\/\/www.hotel-du-commerce.be<\/a><\/p>\n\n<p><\/p>\n","protected":false},"excerpt":{"rendered":"<p>L&rsquo;h\u00f4tel Du Commerce est un h\u00f4tel familial g\u00e9r\u00e9 par la 4i\u00e8me g\u00e9n\u00e9ration de la m\u00eame famille. L&rsquo;h\u00f4tel est une combinaison unique de charme historique et de confort contemporain. Toutes les chambres ont \u00e9t\u00e9 r\u00e9nov\u00e9es selon des normes contemporaines et disposent d&rsquo;une t\u00e9l\u00e9vision \u00e0 \u00e9cran plat, d&rsquo;une belle salle de bains, d&rsquo;un t\u00e9l\u00e9phone et d&rsquo;un petit [&hellip;]<\/p>\n","protected":false},"author":2,"featured_media":3031,"parent":587,"menu_order":0,"comment_status":"closed","ping_status":"closed","template":"templates\/template-cover.php","meta":{"footnotes":""},"class_list":["post-3224","page","type-page","status-publish","has-post-thumbnail","hentry"],"_links":{"self":[{"href":"https:\/\/www.2daagse.be\/fr\/wp-json\/wp\/v2\/pages\/3224","targetHints":{"allow":["GET"]}}],"collection":[{"href":"https:\/\/www.2daagse.be\/fr\/wp-json\/wp\/v2\/pages"}],"about":[{"href":"https:\/\/www.2daagse.be\/fr\/wp-json\/wp\/v2\/types\/page"}],"author":[{"embeddable":true,"href":"https:\/\/www.2daagse.be\/fr\/wp-json\/wp\/v2\/users\/2"}],"replies":[{"embeddable":true,"href":"https:\/\/www.2daagse.be\/fr\/wp-json\/wp\/v2\/comments?post=3224"}],"version-history":[{"count":4,"href":"https:\/\/www.2daagse.be\/fr\/wp-json\/wp\/v2\/pages\/3224\/revisions"}],"predecessor-version":[{"id":7124,"href":"https:\/\/www.2daagse.be\/fr\/wp-json\/wp\/v2\/pages\/3224\/revisions\/7124"}],"up":[{"embeddable":true,"href":"https:\/\/www.2daagse.be\/fr\/wp-json\/wp\/v2\/pages\/587"}],"wp:featuredmedia":[{"embeddable":true,"href":"https:\/\/www.2daagse.be\/fr\/wp-json\/wp\/v2\/media\/3031"}],"wp:attachment":[{"href":"https:\/\/www.2daagse.be\/fr\/wp-json\/wp\/v2\/media?parent=3224"}],"curies":[{"name":"wp","href":"https:\/\/api.w.org\/{rel}","templated":true}]}}