{"id":3214,"date":"2024-02-09T22:40:51","date_gmt":"2024-02-09T21:40:51","guid":{"rendered":"https:\/\/www.2daagse.be\/infos-pratiques\/passer-la-nuit\/hotel-cavalli\/"},"modified":"2024-02-10T17:36:30","modified_gmt":"2024-02-10T16:36:30","slug":"hotel-cavalli","status":"publish","type":"page","link":"https:\/\/www.2daagse.be\/fr\/infos-pratiques\/passer-la-nuit\/hotel-cavalli\/","title":{"rendered":"Hotel Cavalli***"},"content":{"rendered":"\n<div class=\"wp-block-envira-envira-gallery\"><div id=\"envira-gallery-wrap-3106\" class=\"envira-gallery-wrap envira-gallery-theme-base envira-lightbox-theme-base\" itemscope itemtype=\"https:\/\/schema.org\/ImageGallery\"><div data-row-height=\"150\" data-gallery-theme=\"normal\" id=\"envira-gallery-3106\" class=\"envira-gallery-public envira-gallery-justified-public envira-gallery-0-columns envira-clear enviratope envira-gallery-css-animations\" data-envira-columns=\"0\"><div id=\"envira-gallery-item-3097\" class=\"envira-gallery-item enviratope-item envira-gallery-item-1 envira-lazy-load\" style=\"padding-left: 1px; padding-bottom: 1px; padding-right: 1px;\"  itemscope itemtype=\"https:\/\/schema.org\/ImageObject\"><div class=\"envira-gallery-item-inner\"><div class=\"envira-gallery-position-overlay  envira-gallery-top-left\"><\/div><div class=\"envira-gallery-position-overlay  envira-gallery-top-right\"><\/div><div class=\"envira-gallery-position-overlay  envira-gallery-bottom-left\"><\/div><div class=\"envira-gallery-position-overlay  envira-gallery-bottom-right\"><\/div><a href=\"https:\/\/i0.wp.com\/www.2daagse.be\/wp-content\/uploads\/2024\/02\/cavalli_3.jpg?ssl=1\" class=\"envira-gallery-3106 envira-gallery-link\" rel=\"enviragallery3106\" title=\"Hotel Cavalli***\" data-envira-caption=\"Hotel Cavalli***\" data-envira-retina=\"\" data-thumbnail=\"\"  itemprop=\"contentUrl\"><img decoding=\"async\" id=\"envira-gallery-image-3097\" class=\"envira-gallery-image envira-gallery-image-1 envira-normal envira-lazy\" data-envira-index=\"1\" src=\"https:\/\/i0.wp.com\/www.2daagse.be\/wp-content\/uploads\/2024\/02\/cavalli_3.jpg?fit=580%2C349&#038;ssl=1\" data-envira-src=\"https:\/\/i0.wp.com\/www.2daagse.be\/wp-content\/uploads\/2024\/02\/cavalli_3.jpg?fit=580%2C349&#038;ssl=1\" data-envira-gallery-id=\"3106\" data-envira-item-id=\"3097\" data-envira-caption=\"Hotel Cavalli***\" alt=\"Hotel Cavalli*** - Blankenberge - https:\/\/www.hotelcavalli.be\/\" title=\"Hotel Cavalli***\"  itemprop=\"thumbnailUrl\" data-envira-srcset=\"https:\/\/i0.wp.com\/www.2daagse.be\/wp-content\/uploads\/2024\/02\/cavalli_3.jpg?fit=580%2C349&#038;ssl=1 400w,https:\/\/i0.wp.com\/www.2daagse.be\/wp-content\/uploads\/2024\/02\/cavalli_3.jpg?fit=580%2C349&#038;ssl=1 2x\" data-envira-width=\"640\" data-envira-height=\"480\" srcset=\"data:image\/gif;base64,R0lGODlhAQABAIAAAP\/\/\/\/\/\/\/yH5BAEKAAEALAAAAAABAAEAAAICTAEAOw==\" data-safe-src=\"data:image\/gif;base64,R0lGODlhAQABAIAAAP\/\/\/\/\/\/\/yH5BAEKAAEALAAAAAABAAEAAAICTAEAOw==\" \/><\/a><\/div><\/div><div id=\"envira-gallery-item-3091\" class=\"envira-gallery-item enviratope-item envira-gallery-item-2 envira-lazy-load\" style=\"padding-left: 1px; padding-bottom: 1px; padding-right: 1px;\"  itemscope itemtype=\"https:\/\/schema.org\/ImageObject\"><div class=\"envira-gallery-item-inner\"><div class=\"envira-gallery-position-overlay  envira-gallery-top-left\"><\/div><div class=\"envira-gallery-position-overlay  envira-gallery-top-right\"><\/div><div class=\"envira-gallery-position-overlay  envira-gallery-bottom-left\"><\/div><div class=\"envira-gallery-position-overlay  envira-gallery-bottom-right\"><\/div><a href=\"https:\/\/i0.wp.com\/www.2daagse.be\/wp-content\/uploads\/2024\/02\/cavalli_1.jpg?ssl=1\" class=\"envira-gallery-3106 envira-gallery-link\" rel=\"enviragallery3106\" title=\"Hotel Cavalli***\" data-envira-caption=\"Hotel Cavalli***\" data-envira-retina=\"\" data-thumbnail=\"\"  itemprop=\"contentUrl\"><img decoding=\"async\" id=\"envira-gallery-image-3091\" class=\"envira-gallery-image envira-gallery-image-2 envira-normal envira-lazy\" data-envira-index=\"2\" src=\"https:\/\/i0.wp.com\/www.2daagse.be\/wp-content\/uploads\/2024\/02\/cavalli_1.jpg?fit=580%2C362&#038;ssl=1\" data-envira-src=\"https:\/\/i0.wp.com\/www.2daagse.be\/wp-content\/uploads\/2024\/02\/cavalli_1.jpg?fit=580%2C362&#038;ssl=1\" data-envira-gallery-id=\"3106\" data-envira-item-id=\"3091\" data-envira-caption=\"Hotel Cavalli***\" alt=\"Hotel Cavalli*** - Blankenberge - https:\/\/www.hotelcavalli.be\/\" title=\"Hotel Cavalli***\"  itemprop=\"thumbnailUrl\" data-envira-srcset=\"https:\/\/i0.wp.com\/www.2daagse.be\/wp-content\/uploads\/2024\/02\/cavalli_1.jpg?fit=580%2C362&#038;ssl=1 400w,https:\/\/i0.wp.com\/www.2daagse.be\/wp-content\/uploads\/2024\/02\/cavalli_1.jpg?fit=580%2C362&#038;ssl=1 2x\" data-envira-width=\"640\" data-envira-height=\"480\" srcset=\"data:image\/gif;base64,R0lGODlhAQABAIAAAP\/\/\/\/\/\/\/yH5BAEKAAEALAAAAAABAAEAAAICTAEAOw==\" data-safe-src=\"data:image\/gif;base64,R0lGODlhAQABAIAAAP\/\/\/\/\/\/\/yH5BAEKAAEALAAAAAABAAEAAAICTAEAOw==\" \/><\/a><\/div><\/div><div id=\"envira-gallery-item-3094\" class=\"envira-gallery-item enviratope-item envira-gallery-item-3 envira-lazy-load\" style=\"padding-left: 1px; padding-bottom: 1px; padding-right: 1px;\"  itemscope itemtype=\"https:\/\/schema.org\/ImageObject\"><div class=\"envira-gallery-item-inner\"><div class=\"envira-gallery-position-overlay  envira-gallery-top-left\"><\/div><div class=\"envira-gallery-position-overlay  envira-gallery-top-right\"><\/div><div class=\"envira-gallery-position-overlay  envira-gallery-bottom-left\"><\/div><div class=\"envira-gallery-position-overlay  envira-gallery-bottom-right\"><\/div><a href=\"https:\/\/i0.wp.com\/www.2daagse.be\/wp-content\/uploads\/2024\/02\/cavalli_2.jpg?ssl=1\" class=\"envira-gallery-3106 envira-gallery-link\" rel=\"enviragallery3106\" title=\"Hotel Cavalli***\" data-envira-caption=\"Hotel Cavalli***\" data-envira-retina=\"\" data-thumbnail=\"\"  itemprop=\"contentUrl\"><img decoding=\"async\" id=\"envira-gallery-image-3094\" class=\"envira-gallery-image envira-gallery-image-3 envira-normal envira-lazy\" data-envira-index=\"3\" src=\"https:\/\/i0.wp.com\/www.2daagse.be\/wp-content\/uploads\/2024\/02\/cavalli_2.jpg?fit=580%2C350&#038;ssl=1\" data-envira-src=\"https:\/\/i0.wp.com\/www.2daagse.be\/wp-content\/uploads\/2024\/02\/cavalli_2.jpg?fit=580%2C350&#038;ssl=1\" data-envira-gallery-id=\"3106\" data-envira-item-id=\"3094\" data-envira-caption=\"Hotel Cavalli***\" alt=\"Hotel Cavalli*** - Blankenberge - https:\/\/www.hotelcavalli.be\/\" title=\"Hotel Cavalli***\"  itemprop=\"thumbnailUrl\" data-envira-srcset=\"https:\/\/i0.wp.com\/www.2daagse.be\/wp-content\/uploads\/2024\/02\/cavalli_2.jpg?fit=580%2C350&#038;ssl=1 400w,https:\/\/i0.wp.com\/www.2daagse.be\/wp-content\/uploads\/2024\/02\/cavalli_2.jpg?fit=580%2C350&#038;ssl=1 2x\" data-envira-width=\"640\" data-envira-height=\"480\" srcset=\"data:image\/gif;base64,R0lGODlhAQABAIAAAP\/\/\/\/\/\/\/yH5BAEKAAEALAAAAAABAAEAAAICTAEAOw==\" data-safe-src=\"data:image\/gif;base64,R0lGODlhAQABAIAAAP\/\/\/\/\/\/\/yH5BAEKAAEALAAAAAABAAEAAAICTAEAOw==\" \/><\/a><\/div><\/div><div id=\"envira-gallery-item-3100\" class=\"envira-gallery-item enviratope-item envira-gallery-item-4 envira-lazy-load\" style=\"padding-left: 1px; padding-bottom: 1px; padding-right: 1px;\"  itemscope itemtype=\"https:\/\/schema.org\/ImageObject\"><div class=\"envira-gallery-item-inner\"><div class=\"envira-gallery-position-overlay  envira-gallery-top-left\"><\/div><div class=\"envira-gallery-position-overlay  envira-gallery-top-right\"><\/div><div class=\"envira-gallery-position-overlay  envira-gallery-bottom-left\"><\/div><div class=\"envira-gallery-position-overlay  envira-gallery-bottom-right\"><\/div><a href=\"https:\/\/i0.wp.com\/www.2daagse.be\/wp-content\/uploads\/2024\/02\/cavalli_4.jpg?ssl=1\" class=\"envira-gallery-3106 envira-gallery-link\" rel=\"enviragallery3106\" title=\"Hotel Cavalli***\" data-envira-caption=\"Hotel Cavalli***\" data-envira-retina=\"\" data-thumbnail=\"\"  itemprop=\"contentUrl\"><img decoding=\"async\" id=\"envira-gallery-image-3100\" class=\"envira-gallery-image envira-gallery-image-4 envira-normal envira-lazy\" data-envira-index=\"4\" src=\"https:\/\/i0.wp.com\/www.2daagse.be\/wp-content\/uploads\/2024\/02\/cavalli_4.jpg?fit=580%2C329&#038;ssl=1\" data-envira-src=\"https:\/\/i0.wp.com\/www.2daagse.be\/wp-content\/uploads\/2024\/02\/cavalli_4.jpg?fit=580%2C329&#038;ssl=1\" data-envira-gallery-id=\"3106\" data-envira-item-id=\"3100\" data-envira-caption=\"Hotel Cavalli***\" alt=\"Hotel Cavalli*** - Blankenberge - https:\/\/www.hotelcavalli.be\/\" title=\"Hotel Cavalli***\"  itemprop=\"thumbnailUrl\" data-envira-srcset=\"https:\/\/i0.wp.com\/www.2daagse.be\/wp-content\/uploads\/2024\/02\/cavalli_4.jpg?fit=580%2C329&#038;ssl=1 400w,https:\/\/i0.wp.com\/www.2daagse.be\/wp-content\/uploads\/2024\/02\/cavalli_4.jpg?fit=580%2C329&#038;ssl=1 2x\" data-envira-width=\"640\" data-envira-height=\"480\" srcset=\"data:image\/gif;base64,R0lGODlhAQABAIAAAP\/\/\/\/\/\/\/yH5BAEKAAEALAAAAAABAAEAAAICTAEAOw==\" data-safe-src=\"data:image\/gif;base64,R0lGODlhAQABAIAAAP\/\/\/\/\/\/\/yH5BAEKAAEALAAAAAABAAEAAAICTAEAOw==\" \/><\/a><\/div><\/div><div id=\"envira-gallery-item-3103\" class=\"envira-gallery-item enviratope-item envira-gallery-item-5 envira-lazy-load\" style=\"padding-left: 1px; padding-bottom: 1px; padding-right: 1px;\"  itemscope itemtype=\"https:\/\/schema.org\/ImageObject\"><div class=\"envira-gallery-item-inner\"><div class=\"envira-gallery-position-overlay  envira-gallery-top-left\"><\/div><div class=\"envira-gallery-position-overlay  envira-gallery-top-right\"><\/div><div class=\"envira-gallery-position-overlay  envira-gallery-bottom-left\"><\/div><div class=\"envira-gallery-position-overlay  envira-gallery-bottom-right\"><\/div><a href=\"https:\/\/i0.wp.com\/www.2daagse.be\/wp-content\/uploads\/2024\/02\/cavalli_5.jpg?ssl=1\" class=\"envira-gallery-3106 envira-gallery-link\" rel=\"enviragallery3106\" title=\"Hotel Cavalli***\" data-envira-caption=\"Hotel Cavalli***\" data-envira-retina=\"\" data-thumbnail=\"\"  itemprop=\"contentUrl\"><img decoding=\"async\" id=\"envira-gallery-image-3103\" class=\"envira-gallery-image envira-gallery-image-5 envira-normal envira-lazy\" data-envira-index=\"5\" src=\"https:\/\/i0.wp.com\/www.2daagse.be\/wp-content\/uploads\/2024\/02\/cavalli_5.jpg?fit=580%2C387&#038;ssl=1\" data-envira-src=\"https:\/\/i0.wp.com\/www.2daagse.be\/wp-content\/uploads\/2024\/02\/cavalli_5.jpg?fit=580%2C387&#038;ssl=1\" data-envira-gallery-id=\"3106\" data-envira-item-id=\"3103\" data-envira-caption=\"Hotel Cavalli***\" alt=\"Hotel Cavalli*** - Blankenberge - https:\/\/www.hotelcavalli.be\/\" title=\"Hotel Cavalli***\"  itemprop=\"thumbnailUrl\" data-envira-srcset=\"https:\/\/i0.wp.com\/www.2daagse.be\/wp-content\/uploads\/2024\/02\/cavalli_5.jpg?fit=580%2C387&#038;ssl=1 400w,https:\/\/i0.wp.com\/www.2daagse.be\/wp-content\/uploads\/2024\/02\/cavalli_5.jpg?fit=580%2C387&#038;ssl=1 2x\" data-envira-width=\"640\" data-envira-height=\"480\" srcset=\"data:image\/gif;base64,R0lGODlhAQABAIAAAP\/\/\/\/\/\/\/yH5BAEKAAEALAAAAAABAAEAAAICTAEAOw==\" data-safe-src=\"data:image\/gif;base64,R0lGODlhAQABAIAAAP\/\/\/\/\/\/\/yH5BAEKAAEALAAAAAABAAEAAAICTAEAOw==\" \/><\/a><\/div><\/div><\/div><\/div><noscript><img decoding=\"async\" src=\"https:\/\/i0.wp.com\/www.2daagse.be\/wp-content\/uploads\/2024\/02\/cavalli_3.jpg?fit=1792%2C1080&#038;ssl=1\" alt=\"Hotel Cavalli*** - Blankenberge - https:\/\/www.hotelcavalli.be\/\" \/><img decoding=\"async\" src=\"https:\/\/i0.wp.com\/www.2daagse.be\/wp-content\/uploads\/2024\/02\/cavalli_1.jpg?fit=1732%2C1080&#038;ssl=1\" alt=\"Hotel Cavalli*** - Blankenberge - https:\/\/www.hotelcavalli.be\/\" \/><img decoding=\"async\" src=\"https:\/\/i0.wp.com\/www.2daagse.be\/wp-content\/uploads\/2024\/02\/cavalli_2.jpg?fit=1789%2C1080&#038;ssl=1\" alt=\"Hotel Cavalli*** - Blankenberge - https:\/\/www.hotelcavalli.be\/\" \/><img decoding=\"async\" src=\"https:\/\/i0.wp.com\/www.2daagse.be\/wp-content\/uploads\/2024\/02\/cavalli_4.jpg?fit=1905%2C1080&#038;ssl=1\" alt=\"Hotel Cavalli*** - Blankenberge - https:\/\/www.hotelcavalli.be\/\" \/><img decoding=\"async\" src=\"https:\/\/i0.wp.com\/www.2daagse.be\/wp-content\/uploads\/2024\/02\/cavalli_5.jpg?fit=1440%2C960&#038;ssl=1\" alt=\"Hotel Cavalli*** - Blankenberge - https:\/\/www.hotelcavalli.be\/\" \/><\/noscript><\/div>\n\n<p>Cet h\u00f4tel 3 \u00e9toiles r\u00e9cemment r\u00e9nov\u00e9, situ\u00e9 au centre du march\u00e9 principal de Blankenberge et \u00e0 distance de marche de la plage, offre tout le confort dont vous avez besoin pour votre voyage au bord de la mer.<\/p>\n\n<p>L&rsquo;h\u00f4tel dispose de 44 chambres, d&rsquo;un salon confortable et d&rsquo;un bar.<\/p>\n\n<p>Les chambres de l&rsquo;h\u00f4tel offrent tout ce dont vous avez besoin pour passer de merveilleuses vacances sur la c\u00f4te. Dans nos chambres, vous vous sentirez imm\u00e9diatement chez vous gr\u00e2ce \u00e0 la qualit\u00e9 des finitions et au confort. Chaque chambre est \u00e9quip\u00e9e d&rsquo;une salle de bains avec douche, d&rsquo;une t\u00e9l\u00e9vision \u00e0 \u00e9cran plat, d&rsquo;un coffre-fort et d&rsquo;une connexion Wi-Fi gratuite. Le d\u00e9part se fait avec un sentiment de satisfaction.<\/p>\n\n<p>D\u00e8s que vous quitterez le hall de l&rsquo;h\u00f4tel, vous sentirez l&rsquo;atmosph\u00e8re du centre-ville anim\u00e9. Pour des vacances \u00e0 la plage, vous \u00eates \u00e9galement au bon endroit, car la digue de mer et la plage sont \u00e0 proximit\u00e9.<\/p>\n\n<h3 class=\"wp-block-heading\">Contact<\/h3>\n\n<p><strong>Hotel Cavalli***<\/strong><\/p>\n\n<p>Notebaertstraat 2; Blankenberge (<a href=\"https:\/\/maps.app.goo.gl\/FMEzvVuA1qq7eT4T6\" target=\"_blank\" rel=\"noopener\" title=\"\">carte<\/a>)<\/p>\n\n<p>+32 50 42 99 54<\/p>\n\n<p><a href=\"mailto:info@hotelcavalli.be\" target=\"_blank\" rel=\"noopener\" title=\"\">info@hotelcavalli.be<\/a><br\/><a href=\"https:\/\/www.hotelcavalli.be\/\" target=\"_blank\" rel=\"noopener\" title=\"\">https:\/\/www.hotelcavalli.be\/<\/a><\/p>\n","protected":false},"excerpt":{"rendered":"<p>Cet h\u00f4tel 3 \u00e9toiles r\u00e9cemment r\u00e9nov\u00e9, situ\u00e9 au centre du march\u00e9 principal de Blankenberge et \u00e0 distance de marche de la plage, offre tout le confort dont vous avez besoin pour votre voyage au bord de la mer. L&rsquo;h\u00f4tel dispose de 44 chambres, d&rsquo;un salon confortable et d&rsquo;un bar. Les chambres de l&rsquo;h\u00f4tel offrent tout [&hellip;]<\/p>\n","protected":false},"author":2,"featured_media":3099,"parent":587,"menu_order":0,"comment_status":"closed","ping_status":"closed","template":"templates\/template-cover.php","meta":{"footnotes":""},"class_list":["post-3214","page","type-page","status-publish","has-post-thumbnail","hentry"],"_links":{"self":[{"href":"https:\/\/www.2daagse.be\/fr\/wp-json\/wp\/v2\/pages\/3214","targetHints":{"allow":["GET"]}}],"collection":[{"href":"https:\/\/www.2daagse.be\/fr\/wp-json\/wp\/v2\/pages"}],"about":[{"href":"https:\/\/www.2daagse.be\/fr\/wp-json\/wp\/v2\/types\/page"}],"author":[{"embeddable":true,"href":"https:\/\/www.2daagse.be\/fr\/wp-json\/wp\/v2\/users\/2"}],"replies":[{"embeddable":true,"href":"https:\/\/www.2daagse.be\/fr\/wp-json\/wp\/v2\/comments?post=3214"}],"version-history":[{"count":3,"href":"https:\/\/www.2daagse.be\/fr\/wp-json\/wp\/v2\/pages\/3214\/revisions"}],"predecessor-version":[{"id":3222,"href":"https:\/\/www.2daagse.be\/fr\/wp-json\/wp\/v2\/pages\/3214\/revisions\/3222"}],"up":[{"embeddable":true,"href":"https:\/\/www.2daagse.be\/fr\/wp-json\/wp\/v2\/pages\/587"}],"wp:featuredmedia":[{"embeddable":true,"href":"https:\/\/www.2daagse.be\/fr\/wp-json\/wp\/v2\/media\/3099"}],"wp:attachment":[{"href":"https:\/\/www.2daagse.be\/fr\/wp-json\/wp\/v2\/media?parent=3214"}],"curies":[{"name":"wp","href":"https:\/\/api.w.org\/{rel}","templated":true}]}}