{"id":3200,"date":"2024-02-09T21:02:31","date_gmt":"2024-02-09T20:02:31","guid":{"rendered":"https:\/\/www.2daagse.be\/infos-pratiques\/passer-la-nuit\/camping-bonanza1\/"},"modified":"2026-01-25T11:04:43","modified_gmt":"2026-01-25T10:04:43","slug":"camping-bonanza1","status":"publish","type":"page","link":"https:\/\/www.2daagse.be\/fr\/infos-pratiques\/passer-la-nuit\/camping-bonanza1\/","title":{"rendered":"Camping Bonanza1"},"content":{"rendered":"\n<div class=\"wp-block-envira-envira-gallery\"><div id=\"envira-gallery-wrap-7079\" class=\"envira-gallery-wrap envira-gallery-theme-base envira-lightbox-theme-base\" itemscope itemtype=\"https:\/\/schema.org\/ImageGallery\"><div data-row-height=\"150\" data-gallery-theme=\"normal\" id=\"envira-gallery-7079\" class=\"envira-gallery-public envira-gallery-justified-public envira-gallery-0-columns envira-clear enviratope envira-gallery-css-animations\" data-envira-columns=\"0\"><div id=\"envira-gallery-item-7080\" class=\"envira-gallery-item enviratope-item envira-gallery-item-1 envira-lazy-load\" style=\"padding-left: 1px; padding-bottom: 1px; padding-right: 1px;\"  itemscope itemtype=\"https:\/\/schema.org\/ImageObject\"><div class=\"envira-gallery-item-inner\"><div class=\"envira-gallery-position-overlay  envira-gallery-top-left\"><\/div><div class=\"envira-gallery-position-overlay  envira-gallery-top-right\"><\/div><div class=\"envira-gallery-position-overlay  envira-gallery-bottom-left\"><\/div><div class=\"envira-gallery-position-overlay  envira-gallery-bottom-right\"><\/div><a href=\"https:\/\/i0.wp.com\/www.2daagse.be\/wp-content\/uploads\/2026\/01\/camping_bonanza1_01.webp?ssl=1\" class=\"envira-gallery-7079 envira-gallery-link\" rel=\"enviragallery7079\" title=\"Camping Bonanza1\" data-envira-caption=\"Camping Bonanza1\" data-envira-retina=\"\" data-thumbnail=\"\"  itemprop=\"contentUrl\"><img decoding=\"async\" id=\"envira-gallery-image-7080\" class=\"envira-gallery-image envira-gallery-image-1 envira-normal envira-lazy\" data-envira-index=\"1\" src=\"https:\/\/i0.wp.com\/www.2daagse.be\/wp-content\/uploads\/2026\/01\/camping_bonanza1_01.webp?fit=580%2C435&#038;ssl=1\" data-envira-src=\"https:\/\/i0.wp.com\/www.2daagse.be\/wp-content\/uploads\/2026\/01\/camping_bonanza1_01.webp?fit=580%2C435&#038;ssl=1\" data-envira-gallery-id=\"7079\" data-envira-item-id=\"7080\" data-envira-caption=\"Camping Bonanza1\" alt=\"Camping Bonanza1 - Blankenberge - https:\/\/www.bonanza1.be\" title=\"Camping Bonanza1\"  itemprop=\"thumbnailUrl\" data-envira-srcset=\"https:\/\/i0.wp.com\/www.2daagse.be\/wp-content\/uploads\/2026\/01\/camping_bonanza1_01.webp?fit=580%2C435&#038;ssl=1 400w,https:\/\/i0.wp.com\/www.2daagse.be\/wp-content\/uploads\/2026\/01\/camping_bonanza1_01.webp?fit=580%2C435&#038;ssl=1 2x\" data-envira-width=\"640\" data-envira-height=\"480\" srcset=\"data:image\/gif;base64,R0lGODlhAQABAIAAAP\/\/\/\/\/\/\/yH5BAEKAAEALAAAAAABAAEAAAICTAEAOw==\" data-safe-src=\"data:image\/gif;base64,R0lGODlhAQABAIAAAP\/\/\/\/\/\/\/yH5BAEKAAEALAAAAAABAAEAAAICTAEAOw==\" \/><\/a><\/div><\/div><div id=\"envira-gallery-item-7082\" class=\"envira-gallery-item enviratope-item envira-gallery-item-2 envira-lazy-load\" style=\"padding-left: 1px; padding-bottom: 1px; padding-right: 1px;\"  itemscope itemtype=\"https:\/\/schema.org\/ImageObject\"><div class=\"envira-gallery-item-inner\"><div class=\"envira-gallery-position-overlay  envira-gallery-top-left\"><\/div><div class=\"envira-gallery-position-overlay  envira-gallery-top-right\"><\/div><div class=\"envira-gallery-position-overlay  envira-gallery-bottom-left\"><\/div><div class=\"envira-gallery-position-overlay  envira-gallery-bottom-right\"><\/div><a href=\"https:\/\/i0.wp.com\/www.2daagse.be\/wp-content\/uploads\/2026\/01\/camping_bonanza1_03.webp?ssl=1\" class=\"envira-gallery-7079 envira-gallery-link\" rel=\"enviragallery7079\" title=\"Camping Bonanza1\" data-envira-caption=\"Camping Bonanza1\" data-envira-retina=\"\" data-thumbnail=\"\"  itemprop=\"contentUrl\"><img decoding=\"async\" id=\"envira-gallery-image-7082\" class=\"envira-gallery-image envira-gallery-image-2 envira-normal envira-lazy\" data-envira-index=\"2\" src=\"https:\/\/i0.wp.com\/www.2daagse.be\/wp-content\/uploads\/2026\/01\/camping_bonanza1_03.webp?fit=580%2C435&#038;ssl=1\" data-envira-src=\"https:\/\/i0.wp.com\/www.2daagse.be\/wp-content\/uploads\/2026\/01\/camping_bonanza1_03.webp?fit=580%2C435&#038;ssl=1\" data-envira-gallery-id=\"7079\" data-envira-item-id=\"7082\" data-envira-caption=\"Camping Bonanza1\" alt=\"Camping Bonanza1 - Blankenberge - https:\/\/www.bonanza1.be\" title=\"Camping Bonanza1\"  itemprop=\"thumbnailUrl\" data-envira-srcset=\"https:\/\/i0.wp.com\/www.2daagse.be\/wp-content\/uploads\/2026\/01\/camping_bonanza1_03.webp?fit=580%2C435&#038;ssl=1 400w,https:\/\/i0.wp.com\/www.2daagse.be\/wp-content\/uploads\/2026\/01\/camping_bonanza1_03.webp?fit=580%2C435&#038;ssl=1 2x\" data-envira-width=\"640\" data-envira-height=\"480\" srcset=\"data:image\/gif;base64,R0lGODlhAQABAIAAAP\/\/\/\/\/\/\/yH5BAEKAAEALAAAAAABAAEAAAICTAEAOw==\" data-safe-src=\"data:image\/gif;base64,R0lGODlhAQABAIAAAP\/\/\/\/\/\/\/yH5BAEKAAEALAAAAAABAAEAAAICTAEAOw==\" \/><\/a><\/div><\/div><div id=\"envira-gallery-item-7081\" class=\"envira-gallery-item enviratope-item envira-gallery-item-3 envira-lazy-load\" style=\"padding-left: 1px; padding-bottom: 1px; padding-right: 1px;\"  itemscope itemtype=\"https:\/\/schema.org\/ImageObject\"><div class=\"envira-gallery-item-inner\"><div class=\"envira-gallery-position-overlay  envira-gallery-top-left\"><\/div><div class=\"envira-gallery-position-overlay  envira-gallery-top-right\"><\/div><div class=\"envira-gallery-position-overlay  envira-gallery-bottom-left\"><\/div><div class=\"envira-gallery-position-overlay  envira-gallery-bottom-right\"><\/div><a href=\"https:\/\/i0.wp.com\/www.2daagse.be\/wp-content\/uploads\/2026\/01\/camping_bonanza1_02.webp?ssl=1\" class=\"envira-gallery-7079 envira-gallery-link\" rel=\"enviragallery7079\" title=\"Camping Bonanza1\" data-envira-caption=\"Camping Bonanza1\" data-envira-retina=\"\" data-thumbnail=\"\"  itemprop=\"contentUrl\"><img decoding=\"async\" id=\"envira-gallery-image-7081\" class=\"envira-gallery-image envira-gallery-image-3 envira-normal envira-lazy\" data-envira-index=\"3\" src=\"https:\/\/i0.wp.com\/www.2daagse.be\/wp-content\/uploads\/2026\/01\/camping_bonanza1_02.webp?fit=580%2C435&#038;ssl=1\" data-envira-src=\"https:\/\/i0.wp.com\/www.2daagse.be\/wp-content\/uploads\/2026\/01\/camping_bonanza1_02.webp?fit=580%2C435&#038;ssl=1\" data-envira-gallery-id=\"7079\" data-envira-item-id=\"7081\" data-envira-caption=\"Camping Bonanza1\" alt=\"Camping Bonanza1 - Blankenberge - https:\/\/www.bonanza1.be\" title=\"Camping Bonanza1\"  itemprop=\"thumbnailUrl\" data-envira-srcset=\"https:\/\/i0.wp.com\/www.2daagse.be\/wp-content\/uploads\/2026\/01\/camping_bonanza1_02.webp?fit=580%2C435&#038;ssl=1 400w,https:\/\/i0.wp.com\/www.2daagse.be\/wp-content\/uploads\/2026\/01\/camping_bonanza1_02.webp?fit=580%2C435&#038;ssl=1 2x\" data-envira-width=\"640\" data-envira-height=\"480\" srcset=\"data:image\/gif;base64,R0lGODlhAQABAIAAAP\/\/\/\/\/\/\/yH5BAEKAAEALAAAAAABAAEAAAICTAEAOw==\" data-safe-src=\"data:image\/gif;base64,R0lGODlhAQABAIAAAP\/\/\/\/\/\/\/yH5BAEKAAEALAAAAAABAAEAAAICTAEAOw==\" \/><\/a><\/div><\/div><div id=\"envira-gallery-item-7083\" class=\"envira-gallery-item enviratope-item envira-gallery-item-4 envira-lazy-load\" style=\"padding-left: 1px; padding-bottom: 1px; padding-right: 1px;\"  itemscope itemtype=\"https:\/\/schema.org\/ImageObject\"><div class=\"envira-gallery-item-inner\"><div class=\"envira-gallery-position-overlay  envira-gallery-top-left\"><\/div><div class=\"envira-gallery-position-overlay  envira-gallery-top-right\"><\/div><div class=\"envira-gallery-position-overlay  envira-gallery-bottom-left\"><\/div><div class=\"envira-gallery-position-overlay  envira-gallery-bottom-right\"><\/div><a href=\"https:\/\/i0.wp.com\/www.2daagse.be\/wp-content\/uploads\/2026\/01\/camping_bonanza1_04.webp?ssl=1\" class=\"envira-gallery-7079 envira-gallery-link\" rel=\"enviragallery7079\" title=\"Camping Bonanza1\" data-envira-caption=\"Camping Bonanza1\" data-envira-retina=\"\" data-thumbnail=\"\"  itemprop=\"contentUrl\"><img decoding=\"async\" id=\"envira-gallery-image-7083\" class=\"envira-gallery-image envira-gallery-image-4 envira-normal envira-lazy\" data-envira-index=\"4\" src=\"https:\/\/i0.wp.com\/www.2daagse.be\/wp-content\/uploads\/2026\/01\/camping_bonanza1_04.webp?fit=580%2C435&#038;ssl=1\" data-envira-src=\"https:\/\/i0.wp.com\/www.2daagse.be\/wp-content\/uploads\/2026\/01\/camping_bonanza1_04.webp?fit=580%2C435&#038;ssl=1\" data-envira-gallery-id=\"7079\" data-envira-item-id=\"7083\" data-envira-caption=\"Camping Bonanza1\" alt=\"Camping Bonanza1 - Blankenberge - https:\/\/www.bonanza1.be\" title=\"Camping Bonanza1\"  itemprop=\"thumbnailUrl\" data-envira-srcset=\"https:\/\/i0.wp.com\/www.2daagse.be\/wp-content\/uploads\/2026\/01\/camping_bonanza1_04.webp?fit=580%2C435&#038;ssl=1 400w,https:\/\/i0.wp.com\/www.2daagse.be\/wp-content\/uploads\/2026\/01\/camping_bonanza1_04.webp?fit=580%2C435&#038;ssl=1 2x\" data-envira-width=\"640\" data-envira-height=\"480\" srcset=\"data:image\/gif;base64,R0lGODlhAQABAIAAAP\/\/\/\/\/\/\/yH5BAEKAAEALAAAAAABAAEAAAICTAEAOw==\" data-safe-src=\"data:image\/gif;base64,R0lGODlhAQABAIAAAP\/\/\/\/\/\/\/yH5BAEKAAEALAAAAAABAAEAAAICTAEAOw==\" \/><\/a><\/div><\/div><div id=\"envira-gallery-item-7084\" class=\"envira-gallery-item enviratope-item envira-gallery-item-5 envira-lazy-load\" style=\"padding-left: 1px; padding-bottom: 1px; padding-right: 1px;\"  itemscope itemtype=\"https:\/\/schema.org\/ImageObject\"><div class=\"envira-gallery-item-inner\"><div class=\"envira-gallery-position-overlay  envira-gallery-top-left\"><\/div><div class=\"envira-gallery-position-overlay  envira-gallery-top-right\"><\/div><div class=\"envira-gallery-position-overlay  envira-gallery-bottom-left\"><\/div><div class=\"envira-gallery-position-overlay  envira-gallery-bottom-right\"><\/div><a href=\"https:\/\/i0.wp.com\/www.2daagse.be\/wp-content\/uploads\/2026\/01\/camping_bonanza1_05.webp?ssl=1\" class=\"envira-gallery-7079 envira-gallery-link\" rel=\"enviragallery7079\" title=\"Camping Bonanza1\" data-envira-caption=\"Camping Bonanza1\" data-envira-retina=\"\" data-thumbnail=\"\"  itemprop=\"contentUrl\"><img decoding=\"async\" id=\"envira-gallery-image-7084\" class=\"envira-gallery-image envira-gallery-image-5 envira-normal envira-lazy\" data-envira-index=\"5\" src=\"https:\/\/i0.wp.com\/www.2daagse.be\/wp-content\/uploads\/2026\/01\/camping_bonanza1_05.webp?fit=580%2C773&#038;ssl=1\" data-envira-src=\"https:\/\/i0.wp.com\/www.2daagse.be\/wp-content\/uploads\/2026\/01\/camping_bonanza1_05.webp?fit=580%2C773&#038;ssl=1\" data-envira-gallery-id=\"7079\" data-envira-item-id=\"7084\" data-envira-caption=\"Camping Bonanza1\" alt=\"Camping Bonanza1 - Blankenberge - https:\/\/www.bonanza1.be\" title=\"Camping Bonanza1\"  itemprop=\"thumbnailUrl\" data-envira-srcset=\"https:\/\/i0.wp.com\/www.2daagse.be\/wp-content\/uploads\/2026\/01\/camping_bonanza1_05.webp?fit=580%2C773&#038;ssl=1 400w,https:\/\/i0.wp.com\/www.2daagse.be\/wp-content\/uploads\/2026\/01\/camping_bonanza1_05.webp?fit=580%2C773&#038;ssl=1 2x\" data-envira-width=\"640\" data-envira-height=\"480\" srcset=\"data:image\/gif;base64,R0lGODlhAQABAIAAAP\/\/\/\/\/\/\/yH5BAEKAAEALAAAAAABAAEAAAICTAEAOw==\" data-safe-src=\"data:image\/gif;base64,R0lGODlhAQABAIAAAP\/\/\/\/\/\/\/yH5BAEKAAEALAAAAAABAAEAAAICTAEAOw==\" \/><\/a><\/div><\/div><div id=\"envira-gallery-item-7085\" class=\"envira-gallery-item enviratope-item envira-gallery-item-6 envira-lazy-load\" style=\"padding-left: 1px; padding-bottom: 1px; padding-right: 1px;\"  itemscope itemtype=\"https:\/\/schema.org\/ImageObject\"><div class=\"envira-gallery-item-inner\"><div class=\"envira-gallery-position-overlay  envira-gallery-top-left\"><\/div><div class=\"envira-gallery-position-overlay  envira-gallery-top-right\"><\/div><div class=\"envira-gallery-position-overlay  envira-gallery-bottom-left\"><\/div><div class=\"envira-gallery-position-overlay  envira-gallery-bottom-right\"><\/div><a href=\"https:\/\/i0.wp.com\/www.2daagse.be\/wp-content\/uploads\/2026\/01\/camping_bonanza1_06.webp?ssl=1\" class=\"envira-gallery-7079 envira-gallery-link\" rel=\"enviragallery7079\" title=\"Camping Bonanza1\" data-envira-caption=\"Camping Bonanza1\" data-envira-retina=\"\" data-thumbnail=\"\"  itemprop=\"contentUrl\"><img decoding=\"async\" id=\"envira-gallery-image-7085\" class=\"envira-gallery-image envira-gallery-image-6 envira-normal envira-lazy\" data-envira-index=\"6\" src=\"https:\/\/i0.wp.com\/www.2daagse.be\/wp-content\/uploads\/2026\/01\/camping_bonanza1_06.webp?fit=580%2C433&#038;ssl=1\" data-envira-src=\"https:\/\/i0.wp.com\/www.2daagse.be\/wp-content\/uploads\/2026\/01\/camping_bonanza1_06.webp?fit=580%2C433&#038;ssl=1\" data-envira-gallery-id=\"7079\" data-envira-item-id=\"7085\" data-envira-caption=\"Camping Bonanza1\" alt=\"Camping Bonanza1 - Blankenberge - https:\/\/www.bonanza1.be\" title=\"Camping Bonanza1\"  itemprop=\"thumbnailUrl\" data-envira-srcset=\"https:\/\/i0.wp.com\/www.2daagse.be\/wp-content\/uploads\/2026\/01\/camping_bonanza1_06.webp?fit=580%2C433&#038;ssl=1 400w,https:\/\/i0.wp.com\/www.2daagse.be\/wp-content\/uploads\/2026\/01\/camping_bonanza1_06.webp?fit=580%2C433&#038;ssl=1 2x\" data-envira-width=\"640\" data-envira-height=\"480\" srcset=\"data:image\/gif;base64,R0lGODlhAQABAIAAAP\/\/\/\/\/\/\/yH5BAEKAAEALAAAAAABAAEAAAICTAEAOw==\" data-safe-src=\"data:image\/gif;base64,R0lGODlhAQABAIAAAP\/\/\/\/\/\/\/yH5BAEKAAEALAAAAAABAAEAAAICTAEAOw==\" \/><\/a><\/div><\/div><\/div><\/div><noscript><img decoding=\"async\" src=\"https:\/\/i0.wp.com\/www.2daagse.be\/wp-content\/uploads\/2026\/01\/camping_bonanza1_01.webp?fit=1920%2C1440&#038;ssl=1\" alt=\"Camping Bonanza1 - Blankenberge - https:\/\/www.bonanza1.be\" \/><img decoding=\"async\" src=\"https:\/\/i0.wp.com\/www.2daagse.be\/wp-content\/uploads\/2026\/01\/camping_bonanza1_03.webp?fit=1920%2C1440&#038;ssl=1\" alt=\"Camping Bonanza1 - Blankenberge - https:\/\/www.bonanza1.be\" \/><img decoding=\"async\" src=\"https:\/\/i0.wp.com\/www.2daagse.be\/wp-content\/uploads\/2026\/01\/camping_bonanza1_02.webp?fit=1920%2C1440&#038;ssl=1\" alt=\"Camping Bonanza1 - Blankenberge - https:\/\/www.bonanza1.be\" \/><img decoding=\"async\" src=\"https:\/\/i0.wp.com\/www.2daagse.be\/wp-content\/uploads\/2026\/01\/camping_bonanza1_04.webp?fit=1920%2C1440&#038;ssl=1\" alt=\"Camping Bonanza1 - Blankenberge - https:\/\/www.bonanza1.be\" \/><img decoding=\"async\" src=\"https:\/\/i0.wp.com\/www.2daagse.be\/wp-content\/uploads\/2026\/01\/camping_bonanza1_05.webp?fit=1440%2C1920&#038;ssl=1\" alt=\"Camping Bonanza1 - Blankenberge - https:\/\/www.bonanza1.be\" \/><img decoding=\"async\" src=\"https:\/\/i0.wp.com\/www.2daagse.be\/wp-content\/uploads\/2026\/01\/camping_bonanza1_06.webp?fit=1920%2C1433&#038;ssl=1\" alt=\"Camping Bonanza1 - Blankenberge - https:\/\/www.bonanza1.be\" \/><\/noscript><\/div>\n\n<p>Notre camping familial calme et soign\u00e9, situ\u00e9 \u00e0 la p\u00e9riph\u00e9rie de Blankenberge, est l&rsquo;endroit id\u00e9al pour se d\u00e9tendre.<\/p>\n\n<p>Vous y profiterez d&rsquo;une ambiance agr\u00e9able, d&rsquo;un terrain bien entretenu et d&rsquo;un accueil chaleureux et souriant.<\/p>\n\n<p>Parfait pour les familles qui appr\u00e9cient le calme, le confort et la convivialit\u00e9.<\/p>\n\n<h3 class=\"wp-block-heading\">Contact<\/h3>\n\n<p><strong>Camping Bonanza1<\/strong><\/p>\n\n<p>Zeebruggelaan 137; Blankenberge (<a href=\"https:\/\/maps.app.goo.gl\/ecpo88cyfNcmnrrG9\" target=\"_blank\" rel=\"noopener\" title=\"\">kaart<\/a>)<\/p>\n\n<p>Tel +32 50 41 66 58<\/p>\n\n<p><a href=\"mailto:info@bonanza1.be\" target=\"_blank\" rel=\"noopener\" title=\"\">info@bonanza1.be<\/a><br\/><a href=\"https:\/\/www.bonanza1.be\" target=\"_blank\" rel=\"noopener\" title=\"\">https:\/\/www.bonanza1.be<\/a><\/p>\n","protected":false},"excerpt":{"rendered":"<p>Notre camping familial calme et soign\u00e9, situ\u00e9 \u00e0 la p\u00e9riph\u00e9rie de Blankenberge, est l&rsquo;endroit id\u00e9al pour se d\u00e9tendre. Vous y profiterez d&rsquo;une ambiance agr\u00e9able, d&rsquo;un terrain bien entretenu et d&rsquo;un accueil chaleureux et souriant. Parfait pour les familles qui appr\u00e9cient le calme, le confort et la convivialit\u00e9. Contact Camping Bonanza1 Zeebruggelaan 137; Blankenberge (kaart) Tel [&hellip;]<\/p>\n","protected":false},"author":2,"featured_media":7089,"parent":587,"menu_order":0,"comment_status":"closed","ping_status":"closed","template":"templates\/template-cover.php","meta":{"footnotes":""},"class_list":["post-3200","page","type-page","status-publish","has-post-thumbnail","hentry"],"_links":{"self":[{"href":"https:\/\/www.2daagse.be\/fr\/wp-json\/wp\/v2\/pages\/3200","targetHints":{"allow":["GET"]}}],"collection":[{"href":"https:\/\/www.2daagse.be\/fr\/wp-json\/wp\/v2\/pages"}],"about":[{"href":"https:\/\/www.2daagse.be\/fr\/wp-json\/wp\/v2\/types\/page"}],"author":[{"embeddable":true,"href":"https:\/\/www.2daagse.be\/fr\/wp-json\/wp\/v2\/users\/2"}],"replies":[{"embeddable":true,"href":"https:\/\/www.2daagse.be\/fr\/wp-json\/wp\/v2\/comments?post=3200"}],"version-history":[{"count":3,"href":"https:\/\/www.2daagse.be\/fr\/wp-json\/wp\/v2\/pages\/3200\/revisions"}],"predecessor-version":[{"id":7092,"href":"https:\/\/www.2daagse.be\/fr\/wp-json\/wp\/v2\/pages\/3200\/revisions\/7092"}],"up":[{"embeddable":true,"href":"https:\/\/www.2daagse.be\/fr\/wp-json\/wp\/v2\/pages\/587"}],"wp:featuredmedia":[{"embeddable":true,"href":"https:\/\/www.2daagse.be\/fr\/wp-json\/wp\/v2\/media\/7089"}],"wp:attachment":[{"href":"https:\/\/www.2daagse.be\/fr\/wp-json\/wp\/v2\/media?parent=3200"}],"curies":[{"name":"wp","href":"https:\/\/api.w.org\/{rel}","templated":true}]}}