{"id":3186,"date":"2024-02-08T23:52:57","date_gmt":"2024-02-08T22:52:57","guid":{"rendered":"https:\/\/www.2daagse.be\/infos-pratiques\/passer-la-nuit\/beach-palace-hotel\/"},"modified":"2025-01-19T18:38:50","modified_gmt":"2025-01-19T17:38:50","slug":"beach-palace-hotel","status":"publish","type":"page","link":"https:\/\/www.2daagse.be\/fr\/infos-pratiques\/passer-la-nuit\/beach-palace-hotel\/","title":{"rendered":"Beach Palace Hotel****"},"content":{"rendered":"\n<div class=\"wp-block-envira-envira-gallery\"><div id=\"envira-gallery-wrap-3060\" class=\"envira-gallery-wrap envira-gallery-theme-base envira-lightbox-theme-base\" itemscope itemtype=\"https:\/\/schema.org\/ImageGallery\"><div data-row-height=\"150\" data-gallery-theme=\"normal\" id=\"envira-gallery-3060\" class=\"envira-gallery-public envira-gallery-justified-public envira-gallery-0-columns envira-clear enviratope envira-gallery-css-animations\" data-envira-columns=\"0\"><div id=\"envira-gallery-item-3064\" class=\"envira-gallery-item enviratope-item envira-gallery-item-1 envira-lazy-load\" style=\"padding-left: 1px; padding-bottom: 1px; padding-right: 1px;\"  itemscope itemtype=\"https:\/\/schema.org\/ImageObject\"><div class=\"envira-gallery-item-inner\"><div class=\"envira-gallery-position-overlay  envira-gallery-top-left\"><\/div><div class=\"envira-gallery-position-overlay  envira-gallery-top-right\"><\/div><div class=\"envira-gallery-position-overlay  envira-gallery-bottom-left\"><\/div><div class=\"envira-gallery-position-overlay  envira-gallery-bottom-right\"><\/div><a href=\"https:\/\/i0.wp.com\/www.2daagse.be\/wp-content\/uploads\/2024\/02\/beach_palace_2.jpg?ssl=1\" class=\"envira-gallery-3060 envira-gallery-link\" rel=\"enviragallery3060\" title=\"Beach Palace Hotel****\" data-envira-caption=\"Beach Palace Hotel****\" data-envira-retina=\"\" data-thumbnail=\"\"  itemprop=\"contentUrl\"><img decoding=\"async\" id=\"envira-gallery-image-3064\" class=\"envira-gallery-image envira-gallery-image-1 envira-normal envira-lazy\" data-envira-index=\"1\" src=\"https:\/\/i0.wp.com\/www.2daagse.be\/wp-content\/uploads\/2024\/02\/beach_palace_2.jpg?fit=580%2C435&#038;ssl=1\" data-envira-src=\"https:\/\/i0.wp.com\/www.2daagse.be\/wp-content\/uploads\/2024\/02\/beach_palace_2.jpg?fit=580%2C435&#038;ssl=1\" data-envira-gallery-id=\"3060\" data-envira-item-id=\"3064\" data-envira-caption=\"Beach Palace Hotel****\" alt=\"Beach Palace Hotel**** - Blankenberge - https:\/\/www.beach-palace.com\/\" title=\"Beach Palace Hotel****\"  itemprop=\"thumbnailUrl\" data-envira-srcset=\"https:\/\/i0.wp.com\/www.2daagse.be\/wp-content\/uploads\/2024\/02\/beach_palace_2.jpg?fit=580%2C435&#038;ssl=1 400w,https:\/\/i0.wp.com\/www.2daagse.be\/wp-content\/uploads\/2024\/02\/beach_palace_2.jpg?fit=580%2C435&#038;ssl=1 2x\" data-envira-width=\"640\" data-envira-height=\"480\" srcset=\"data:image\/gif;base64,R0lGODlhAQABAIAAAP\/\/\/\/\/\/\/yH5BAEKAAEALAAAAAABAAEAAAICTAEAOw==\" data-safe-src=\"data:image\/gif;base64,R0lGODlhAQABAIAAAP\/\/\/\/\/\/\/yH5BAEKAAEALAAAAAABAAEAAAICTAEAOw==\" \/><\/a><\/div><\/div><div id=\"envira-gallery-item-3061\" class=\"envira-gallery-item enviratope-item envira-gallery-item-2 envira-lazy-load\" style=\"padding-left: 1px; padding-bottom: 1px; padding-right: 1px;\"  itemscope itemtype=\"https:\/\/schema.org\/ImageObject\"><div class=\"envira-gallery-item-inner\"><div class=\"envira-gallery-position-overlay  envira-gallery-top-left\"><\/div><div class=\"envira-gallery-position-overlay  envira-gallery-top-right\"><\/div><div class=\"envira-gallery-position-overlay  envira-gallery-bottom-left\"><\/div><div class=\"envira-gallery-position-overlay  envira-gallery-bottom-right\"><\/div><a href=\"https:\/\/i0.wp.com\/www.2daagse.be\/wp-content\/uploads\/2024\/02\/beach_palace_1.jpg?ssl=1\" class=\"envira-gallery-3060 envira-gallery-link\" rel=\"enviragallery3060\" title=\"Beach Palace Hotel****\" data-envira-caption=\"Beach Palace Hotel****\" data-envira-retina=\"\" data-thumbnail=\"\"  itemprop=\"contentUrl\"><img decoding=\"async\" id=\"envira-gallery-image-3061\" class=\"envira-gallery-image envira-gallery-image-2 envira-normal envira-lazy\" data-envira-index=\"2\" src=\"https:\/\/i0.wp.com\/www.2daagse.be\/wp-content\/uploads\/2024\/02\/beach_palace_1.jpg?fit=580%2C435&#038;ssl=1\" data-envira-src=\"https:\/\/i0.wp.com\/www.2daagse.be\/wp-content\/uploads\/2024\/02\/beach_palace_1.jpg?fit=580%2C435&#038;ssl=1\" data-envira-gallery-id=\"3060\" data-envira-item-id=\"3061\" data-envira-caption=\"Beach Palace Hotel****\" alt=\"Beach Palace Hotel**** - Blankenberge - https:\/\/www.beach-palace.com\/\" title=\"Beach Palace Hotel****\"  itemprop=\"thumbnailUrl\" data-envira-srcset=\"https:\/\/i0.wp.com\/www.2daagse.be\/wp-content\/uploads\/2024\/02\/beach_palace_1.jpg?fit=580%2C435&#038;ssl=1 400w,https:\/\/i0.wp.com\/www.2daagse.be\/wp-content\/uploads\/2024\/02\/beach_palace_1.jpg?fit=580%2C435&#038;ssl=1 2x\" data-envira-width=\"640\" data-envira-height=\"480\" srcset=\"data:image\/gif;base64,R0lGODlhAQABAIAAAP\/\/\/\/\/\/\/yH5BAEKAAEALAAAAAABAAEAAAICTAEAOw==\" data-safe-src=\"data:image\/gif;base64,R0lGODlhAQABAIAAAP\/\/\/\/\/\/\/yH5BAEKAAEALAAAAAABAAEAAAICTAEAOw==\" \/><\/a><\/div><\/div><div id=\"envira-gallery-item-3067\" class=\"envira-gallery-item enviratope-item envira-gallery-item-3 envira-lazy-load\" style=\"padding-left: 1px; padding-bottom: 1px; padding-right: 1px;\"  itemscope itemtype=\"https:\/\/schema.org\/ImageObject\"><div class=\"envira-gallery-item-inner\"><div class=\"envira-gallery-position-overlay  envira-gallery-top-left\"><\/div><div class=\"envira-gallery-position-overlay  envira-gallery-top-right\"><\/div><div class=\"envira-gallery-position-overlay  envira-gallery-bottom-left\"><\/div><div class=\"envira-gallery-position-overlay  envira-gallery-bottom-right\"><\/div><a href=\"https:\/\/i0.wp.com\/www.2daagse.be\/wp-content\/uploads\/2024\/02\/beach_palace_3.jpg?ssl=1\" class=\"envira-gallery-3060 envira-gallery-link\" rel=\"enviragallery3060\" title=\"Beach Palace Hotel****\" data-envira-caption=\"Beach Palace Hotel****\" data-envira-retina=\"\" data-thumbnail=\"\"  itemprop=\"contentUrl\"><img decoding=\"async\" id=\"envira-gallery-image-3067\" class=\"envira-gallery-image envira-gallery-image-3 envira-normal envira-lazy\" data-envira-index=\"3\" src=\"https:\/\/i0.wp.com\/www.2daagse.be\/wp-content\/uploads\/2024\/02\/beach_palace_3.jpg?fit=580%2C387&#038;ssl=1\" data-envira-src=\"https:\/\/i0.wp.com\/www.2daagse.be\/wp-content\/uploads\/2024\/02\/beach_palace_3.jpg?fit=580%2C387&#038;ssl=1\" data-envira-gallery-id=\"3060\" data-envira-item-id=\"3067\" data-envira-caption=\"Beach Palace Hotel****\" alt=\"Beach Palace Hotel**** - Blankenberge - https:\/\/www.beach-palace.com\/\" title=\"Beach Palace Hotel****\"  itemprop=\"thumbnailUrl\" data-envira-srcset=\"https:\/\/i0.wp.com\/www.2daagse.be\/wp-content\/uploads\/2024\/02\/beach_palace_3.jpg?fit=580%2C387&#038;ssl=1 400w,https:\/\/i0.wp.com\/www.2daagse.be\/wp-content\/uploads\/2024\/02\/beach_palace_3.jpg?fit=580%2C387&#038;ssl=1 2x\" data-envira-width=\"640\" data-envira-height=\"480\" srcset=\"data:image\/gif;base64,R0lGODlhAQABAIAAAP\/\/\/\/\/\/\/yH5BAEKAAEALAAAAAABAAEAAAICTAEAOw==\" data-safe-src=\"data:image\/gif;base64,R0lGODlhAQABAIAAAP\/\/\/\/\/\/\/yH5BAEKAAEALAAAAAABAAEAAAICTAEAOw==\" \/><\/a><\/div><\/div><div id=\"envira-gallery-item-3070\" class=\"envira-gallery-item enviratope-item envira-gallery-item-4 envira-lazy-load\" style=\"padding-left: 1px; padding-bottom: 1px; padding-right: 1px;\"  itemscope itemtype=\"https:\/\/schema.org\/ImageObject\"><div class=\"envira-gallery-item-inner\"><div class=\"envira-gallery-position-overlay  envira-gallery-top-left\"><\/div><div class=\"envira-gallery-position-overlay  envira-gallery-top-right\"><\/div><div class=\"envira-gallery-position-overlay  envira-gallery-bottom-left\"><\/div><div class=\"envira-gallery-position-overlay  envira-gallery-bottom-right\"><\/div><a href=\"https:\/\/i0.wp.com\/www.2daagse.be\/wp-content\/uploads\/2024\/02\/beach_palace_4.jpg?ssl=1\" class=\"envira-gallery-3060 envira-gallery-link\" rel=\"enviragallery3060\" title=\"Beach Palace Hotel****\" data-envira-caption=\"Beach Palace Hotel****\" data-envira-retina=\"\" data-thumbnail=\"\"  itemprop=\"contentUrl\"><img decoding=\"async\" id=\"envira-gallery-image-3070\" class=\"envira-gallery-image envira-gallery-image-4 envira-normal envira-lazy\" data-envira-index=\"4\" src=\"https:\/\/i0.wp.com\/www.2daagse.be\/wp-content\/uploads\/2024\/02\/beach_palace_4.jpg?fit=540%2C768&#038;ssl=1\" data-envira-src=\"https:\/\/i0.wp.com\/www.2daagse.be\/wp-content\/uploads\/2024\/02\/beach_palace_4.jpg?fit=540%2C768&#038;ssl=1\" data-envira-gallery-id=\"3060\" data-envira-item-id=\"3070\" data-envira-caption=\"Beach Palace Hotel****\" alt=\"Beach Palace Hotel**** - Blankenberge - https:\/\/www.beach-palace.com\/\" title=\"Beach Palace Hotel****\"  itemprop=\"thumbnailUrl\" data-envira-srcset=\"https:\/\/i0.wp.com\/www.2daagse.be\/wp-content\/uploads\/2024\/02\/beach_palace_4.jpg?fit=540%2C768&#038;ssl=1 400w,https:\/\/i0.wp.com\/www.2daagse.be\/wp-content\/uploads\/2024\/02\/beach_palace_4.jpg?fit=540%2C768&#038;ssl=1 2x\" data-envira-width=\"640\" data-envira-height=\"480\" srcset=\"data:image\/gif;base64,R0lGODlhAQABAIAAAP\/\/\/\/\/\/\/yH5BAEKAAEALAAAAAABAAEAAAICTAEAOw==\" data-safe-src=\"data:image\/gif;base64,R0lGODlhAQABAIAAAP\/\/\/\/\/\/\/yH5BAEKAAEALAAAAAABAAEAAAICTAEAOw==\" \/><\/a><\/div><\/div><div id=\"envira-gallery-item-3073\" class=\"envira-gallery-item enviratope-item envira-gallery-item-5 envira-lazy-load\" style=\"padding-left: 1px; padding-bottom: 1px; padding-right: 1px;\"  itemscope itemtype=\"https:\/\/schema.org\/ImageObject\"><div class=\"envira-gallery-item-inner\"><div class=\"envira-gallery-position-overlay  envira-gallery-top-left\"><\/div><div class=\"envira-gallery-position-overlay  envira-gallery-top-right\"><\/div><div class=\"envira-gallery-position-overlay  envira-gallery-bottom-left\"><\/div><div class=\"envira-gallery-position-overlay  envira-gallery-bottom-right\"><\/div><a href=\"https:\/\/i0.wp.com\/www.2daagse.be\/wp-content\/uploads\/2024\/02\/beach_palace_5.jpg?ssl=1\" class=\"envira-gallery-3060 envira-gallery-link\" rel=\"enviragallery3060\" title=\"Beach Palace Hotel****\" data-envira-caption=\"Beach Palace Hotel****\" data-envira-retina=\"\" data-thumbnail=\"\"  itemprop=\"contentUrl\"><img decoding=\"async\" id=\"envira-gallery-image-3073\" class=\"envira-gallery-image envira-gallery-image-5 envira-normal envira-lazy\" data-envira-index=\"5\" src=\"https:\/\/i0.wp.com\/www.2daagse.be\/wp-content\/uploads\/2024\/02\/beach_palace_5.jpg?fit=576%2C768&#038;ssl=1\" data-envira-src=\"https:\/\/i0.wp.com\/www.2daagse.be\/wp-content\/uploads\/2024\/02\/beach_palace_5.jpg?fit=576%2C768&#038;ssl=1\" data-envira-gallery-id=\"3060\" data-envira-item-id=\"3073\" data-envira-caption=\"Beach Palace Hotel****\" alt=\"Beach Palace Hotel**** - Blankenberge - https:\/\/www.beach-palace.com\/\" title=\"Beach Palace Hotel****\"  itemprop=\"thumbnailUrl\" data-envira-srcset=\"https:\/\/i0.wp.com\/www.2daagse.be\/wp-content\/uploads\/2024\/02\/beach_palace_5.jpg?fit=576%2C768&#038;ssl=1 400w,https:\/\/i0.wp.com\/www.2daagse.be\/wp-content\/uploads\/2024\/02\/beach_palace_5.jpg?fit=576%2C768&#038;ssl=1 2x\" data-envira-width=\"640\" data-envira-height=\"480\" srcset=\"data:image\/gif;base64,R0lGODlhAQABAIAAAP\/\/\/\/\/\/\/yH5BAEKAAEALAAAAAABAAEAAAICTAEAOw==\" data-safe-src=\"data:image\/gif;base64,R0lGODlhAQABAIAAAP\/\/\/\/\/\/\/yH5BAEKAAEALAAAAAABAAEAAAICTAEAOw==\" \/><\/a><\/div><\/div><div id=\"envira-gallery-item-3076\" class=\"envira-gallery-item enviratope-item envira-gallery-item-6 envira-lazy-load\" style=\"padding-left: 1px; padding-bottom: 1px; padding-right: 1px;\"  itemscope itemtype=\"https:\/\/schema.org\/ImageObject\"><div class=\"envira-gallery-item-inner\"><div class=\"envira-gallery-position-overlay  envira-gallery-top-left\"><\/div><div class=\"envira-gallery-position-overlay  envira-gallery-top-right\"><\/div><div class=\"envira-gallery-position-overlay  envira-gallery-bottom-left\"><\/div><div class=\"envira-gallery-position-overlay  envira-gallery-bottom-right\"><\/div><a href=\"https:\/\/i0.wp.com\/www.2daagse.be\/wp-content\/uploads\/2024\/02\/beach_palace_6.jpg?ssl=1\" class=\"envira-gallery-3060 envira-gallery-link\" rel=\"enviragallery3060\" title=\"Beach Palace Hotel****\" data-envira-caption=\"Beach Palace Hotel****\" data-envira-retina=\"\" data-thumbnail=\"\"  itemprop=\"contentUrl\"><img decoding=\"async\" id=\"envira-gallery-image-3076\" class=\"envira-gallery-image envira-gallery-image-6 envira-normal envira-lazy\" data-envira-index=\"6\" src=\"https:\/\/i0.wp.com\/www.2daagse.be\/wp-content\/uploads\/2024\/02\/beach_palace_6.jpg?fit=580%2C435&#038;ssl=1\" data-envira-src=\"https:\/\/i0.wp.com\/www.2daagse.be\/wp-content\/uploads\/2024\/02\/beach_palace_6.jpg?fit=580%2C435&#038;ssl=1\" data-envira-gallery-id=\"3060\" data-envira-item-id=\"3076\" data-envira-caption=\"Beach Palace Hotel****\" alt=\"Beach Palace Hotel**** - Blankenberge - https:\/\/www.beach-palace.com\/\" title=\"Beach Palace Hotel****\"  itemprop=\"thumbnailUrl\" data-envira-srcset=\"https:\/\/i0.wp.com\/www.2daagse.be\/wp-content\/uploads\/2024\/02\/beach_palace_6.jpg?fit=580%2C435&#038;ssl=1 400w,https:\/\/i0.wp.com\/www.2daagse.be\/wp-content\/uploads\/2024\/02\/beach_palace_6.jpg?fit=580%2C435&#038;ssl=1 2x\" data-envira-width=\"640\" data-envira-height=\"480\" srcset=\"data:image\/gif;base64,R0lGODlhAQABAIAAAP\/\/\/\/\/\/\/yH5BAEKAAEALAAAAAABAAEAAAICTAEAOw==\" data-safe-src=\"data:image\/gif;base64,R0lGODlhAQABAIAAAP\/\/\/\/\/\/\/yH5BAEKAAEALAAAAAABAAEAAAICTAEAOw==\" \/><\/a><\/div><\/div><\/div><\/div><noscript><img decoding=\"async\" src=\"https:\/\/i0.wp.com\/www.2daagse.be\/wp-content\/uploads\/2024\/02\/beach_palace_2.jpg?fit=1024%2C768&#038;ssl=1\" alt=\"Beach Palace Hotel**** - Blankenberge - https:\/\/www.beach-palace.com\/\" \/><img decoding=\"async\" src=\"https:\/\/i0.wp.com\/www.2daagse.be\/wp-content\/uploads\/2024\/02\/beach_palace_1.jpg?fit=1024%2C768&#038;ssl=1\" alt=\"Beach Palace Hotel**** - Blankenberge - https:\/\/www.beach-palace.com\/\" \/><img decoding=\"async\" src=\"https:\/\/i0.wp.com\/www.2daagse.be\/wp-content\/uploads\/2024\/02\/beach_palace_3.jpg?fit=1024%2C683&#038;ssl=1\" alt=\"Beach Palace Hotel**** - Blankenberge - https:\/\/www.beach-palace.com\/\" \/><img decoding=\"async\" src=\"https:\/\/i0.wp.com\/www.2daagse.be\/wp-content\/uploads\/2024\/02\/beach_palace_4.jpg?fit=540%2C768&#038;ssl=1\" alt=\"Beach Palace Hotel**** - Blankenberge - https:\/\/www.beach-palace.com\/\" \/><img decoding=\"async\" src=\"https:\/\/i0.wp.com\/www.2daagse.be\/wp-content\/uploads\/2024\/02\/beach_palace_5.jpg?fit=576%2C768&#038;ssl=1\" alt=\"Beach Palace Hotel**** - Blankenberge - https:\/\/www.beach-palace.com\/\" \/><img decoding=\"async\" src=\"https:\/\/i0.wp.com\/www.2daagse.be\/wp-content\/uploads\/2024\/02\/beach_palace_6.jpg?fit=1024%2C768&#038;ssl=1\" alt=\"Beach Palace Hotel**** - Blankenberge - https:\/\/www.beach-palace.com\/\" \/><\/noscript><\/div>\n\n<p>L&rsquo;h\u00f4tel Beach Palace, situ\u00e9 sur le front de mer et surplombant la mer, \u00e0 seulement 5 minutes de marche de la rue commer\u00e7ante, est le lieu id\u00e9al pour profiter d&rsquo;un moment d&rsquo;\u00e9vasion.<\/p>\n\n<p>Gr\u00e2ce aux chambres r\u00e9cemment r\u00e9nov\u00e9es et dot\u00e9es de tous les \u00e9quipements n\u00e9cessaires, vous pourrez profiter de tout le confort.<\/p>\n\n<p>Apr\u00e8s une marche rapide, d\u00e9tendez-vous dans notre piscine int\u00e9rieure chauff\u00e9e et notre bain \u00e0 remous \u00e0 jetstream ou d\u00e9gustez une collation et une boisson dans notre bar \/ brasserie L&rsquo;Apero.<\/p>\n\n<p>Le matin, nous aimons vous choyer avec un petit d\u00e9jeuner buffet copieux donnant sur la mer, afin que vous puissiez commencer votre journ\u00e9e en pleine forme.<\/p>\n\n<p>Si vous souhaitez vous rendre dans une ville baln\u00e9aire proche, n&rsquo;h\u00e9sitez pas \u00e0 prendre le tramway qui s&rsquo;arr\u00eate le long de la c\u00f4te flamande, notamment \u00e0 Knokke et \u00e0 Ostende.<\/p>\n\n<h3 class=\"wp-block-heading\">Contact<\/h3>\n\n<p><strong>Beach Palace Hotel****<\/strong><\/p>\n\n<p>Zeedijk 77-79; Blankenberge (<a href=\"https:\/\/maps.app.goo.gl\/pVkvruq8dYervCY39\" target=\"_blank\" rel=\"noopener\" title=\"\">carte<\/a>)<\/p>\n\n<p>Tel +32 50 42 96 64<\/p>\n\n<p><a href=\"mailto:info@beach-palace.com\" target=\"_blank\" rel=\"noopener\" title=\"\">info@beach-palace.com<\/a><br\/><a href=\"https:\/\/www.beach-palace.com\/\" target=\"_blank\" rel=\"noopener\" title=\"\">https:\/\/www.beach-palace.com\/<\/a><\/p>\n\n<p><\/p>\n","protected":false},"excerpt":{"rendered":"<p>L&rsquo;h\u00f4tel Beach Palace, situ\u00e9 sur le front de mer et surplombant la mer, \u00e0 seulement 5 minutes de marche de la rue commer\u00e7ante, est le lieu id\u00e9al pour profiter d&rsquo;un moment d&rsquo;\u00e9vasion. Gr\u00e2ce aux chambres r\u00e9cemment r\u00e9nov\u00e9es et dot\u00e9es de tous les \u00e9quipements n\u00e9cessaires, vous pourrez profiter de tout le confort. Apr\u00e8s une marche rapide, [&hellip;]<\/p>\n","protected":false},"author":2,"featured_media":3066,"parent":587,"menu_order":0,"comment_status":"closed","ping_status":"closed","template":"templates\/template-cover.php","meta":{"footnotes":""},"class_list":["post-3186","page","type-page","status-publish","has-post-thumbnail","hentry"],"_links":{"self":[{"href":"https:\/\/www.2daagse.be\/fr\/wp-json\/wp\/v2\/pages\/3186","targetHints":{"allow":["GET"]}}],"collection":[{"href":"https:\/\/www.2daagse.be\/fr\/wp-json\/wp\/v2\/pages"}],"about":[{"href":"https:\/\/www.2daagse.be\/fr\/wp-json\/wp\/v2\/types\/page"}],"author":[{"embeddable":true,"href":"https:\/\/www.2daagse.be\/fr\/wp-json\/wp\/v2\/users\/2"}],"replies":[{"embeddable":true,"href":"https:\/\/www.2daagse.be\/fr\/wp-json\/wp\/v2\/comments?post=3186"}],"version-history":[{"count":4,"href":"https:\/\/www.2daagse.be\/fr\/wp-json\/wp\/v2\/pages\/3186\/revisions"}],"predecessor-version":[{"id":3195,"href":"https:\/\/www.2daagse.be\/fr\/wp-json\/wp\/v2\/pages\/3186\/revisions\/3195"}],"up":[{"embeddable":true,"href":"https:\/\/www.2daagse.be\/fr\/wp-json\/wp\/v2\/pages\/587"}],"wp:featuredmedia":[{"embeddable":true,"href":"https:\/\/www.2daagse.be\/fr\/wp-json\/wp\/v2\/media\/3066"}],"wp:attachment":[{"href":"https:\/\/www.2daagse.be\/fr\/wp-json\/wp\/v2\/media?parent=3186"}],"curies":[{"name":"wp","href":"https:\/\/api.w.org\/{rel}","templated":true}]}}