{"id":2806,"date":"2024-01-21T13:44:00","date_gmt":"2024-01-21T12:44:00","guid":{"rendered":"https:\/\/www.2daagse.be\/tshirt\/"},"modified":"2025-12-28T15:57:49","modified_gmt":"2025-12-28T14:57:49","slug":"tshirt","status":"publish","type":"page","link":"https:\/\/www.2daagse.be\/fr\/infos-pratiques\/tshirt\/","title":{"rendered":"Deux-Jours T-Shirt 2026"},"content":{"rendered":"\n<p>Cette ann\u00e9e, nous avons \u00e0 nouveau con\u00e7u un superbe t-shirt de sport.<\/p>\n<div class=\"wp-block-image\">\n<figure class=\"aligncenter size-full\"><img data-recalc-dims=\"1\" loading=\"lazy\" decoding=\"async\" width=\"474\" height=\"474\" src=\"https:\/\/i0.wp.com\/www.2daagse.be\/wp-content\/uploads\/2024\/01\/demo-t-shirt.jpg?resize=474%2C474&#038;ssl=1\" alt=\"2daagse 2024 T-Shirt\" class=\"wp-image-2752\" srcset=\"https:\/\/i0.wp.com\/www.2daagse.be\/wp-content\/uploads\/2024\/01\/demo-t-shirt.jpg?w=474&amp;ssl=1 474w, https:\/\/i0.wp.com\/www.2daagse.be\/wp-content\/uploads\/2024\/01\/demo-t-shirt.jpg?resize=300%2C300&amp;ssl=1 300w, https:\/\/i0.wp.com\/www.2daagse.be\/wp-content\/uploads\/2024\/01\/demo-t-shirt.jpg?resize=150%2C150&amp;ssl=1 150w\" sizes=\"auto, (max-width: 474px) 100vw, 474px\" \/><\/figure>\n<\/div>\n<p>Montrez que vous avez particip\u00e9 \u00e0 la Randonn\u00e9e de Deux Jours \u00e0 Blankenberge et commandez votre T-shirt d\u00e8s maintenant, en m\u00eame temps que votre inscription et pour seulement \u20ac 15.<\/p>\n\n<p><\/p>\n\n<p>Vous \u00eates d\u00e9j\u00e0 abonn\u00e9 et vous voulez toujours commander le T-shirt ? C&rsquo;est possible. Pour cela, contactez-nous en nous indiquant la taille exacte que vous souhaitez. Nous vous enverrons bient\u00f4t les informations n\u00e9cessaires.<\/p>\n\n<h2 class=\"wp-block-heading\"><br\/>Tailles<\/h2>\n\n<p>Les tailles disponibles sont<\/p>\n\n<figure class=\"wp-block-table is-style-stripes\"><table class=\"has-fixed-layout\"><thead><tr><th>Femme<\/th><th>Homme<\/th><\/tr><\/thead><tbody><tr><td>XS &#8211; Extra Small<\/td><td>S &#8211; Small<\/td><\/tr><tr><td>S &#8211; Small<\/td><td>M &#8211; Medium<\/td><\/tr><tr><td>M &#8211; Medium<\/td><td>L &#8211; Large<\/td><\/tr><tr><td>L &#8211; Large<\/td><td>XL &#8211; Extra Large<\/td><\/tr><tr><td>XL &#8211; Extra Large<\/td><td>XXL &#8211; Extra Extra Large<\/td><\/tr><tr><td><\/td><td>XXXL &#8211; Extra Extra Extra Large<\/td><\/tr><\/tbody><\/table><\/figure>\n\n<p><em>Note : Les personnes qui commandent \u00e0 l&rsquo;avance peuvent venir chercher le t-shirt au d\u00e9part. Plus vous commandez t\u00f4t, plus vous \u00eates s\u00fbr que la taille que vous avez command\u00e9e sera disponible au moment du lancement.<\/em><br\/><\/p>\n","protected":false},"excerpt":{"rendered":"<p>Cette ann\u00e9e, nous avons \u00e0 nouveau con\u00e7u un superbe t-shirt de sport. Montrez que vous avez particip\u00e9 \u00e0 la Randonn\u00e9e de Deux Jours \u00e0 Blankenberge et commandez votre T-shirt d\u00e8s maintenant, en m\u00eame temps que votre inscription et pour seulement \u20ac 15. Vous \u00eates d\u00e9j\u00e0 abonn\u00e9 et vous voulez toujours commander le T-shirt ? C&rsquo;est [&hellip;]<\/p>\n","protected":false},"author":2,"featured_media":0,"parent":583,"menu_order":0,"comment_status":"closed","ping_status":"closed","template":"","meta":{"footnotes":""},"class_list":["post-2806","page","type-page","status-publish","hentry"],"_links":{"self":[{"href":"https:\/\/www.2daagse.be\/fr\/wp-json\/wp\/v2\/pages\/2806","targetHints":{"allow":["GET"]}}],"collection":[{"href":"https:\/\/www.2daagse.be\/fr\/wp-json\/wp\/v2\/pages"}],"about":[{"href":"https:\/\/www.2daagse.be\/fr\/wp-json\/wp\/v2\/types\/page"}],"author":[{"embeddable":true,"href":"https:\/\/www.2daagse.be\/fr\/wp-json\/wp\/v2\/users\/2"}],"replies":[{"embeddable":true,"href":"https:\/\/www.2daagse.be\/fr\/wp-json\/wp\/v2\/comments?post=2806"}],"version-history":[{"count":6,"href":"https:\/\/www.2daagse.be\/fr\/wp-json\/wp\/v2\/pages\/2806\/revisions"}],"predecessor-version":[{"id":6872,"href":"https:\/\/www.2daagse.be\/fr\/wp-json\/wp\/v2\/pages\/2806\/revisions\/6872"}],"up":[{"embeddable":true,"href":"https:\/\/www.2daagse.be\/fr\/wp-json\/wp\/v2\/pages\/583"}],"wp:attachment":[{"href":"https:\/\/www.2daagse.be\/fr\/wp-json\/wp\/v2\/media?parent=2806"}],"curies":[{"name":"wp","href":"https:\/\/api.w.org\/{rel}","templated":true}]}}