{"id":1846,"date":"2023-01-14T16:31:39","date_gmt":"2023-01-14T15:31:39","guid":{"rendered":"https:\/\/www.2daagse.be\/sinscrire\/je-bent-ingeschreven-wat-nu\/"},"modified":"2026-04-26T16:31:54","modified_gmt":"2026-04-26T15:31:54","slug":"je-bent-ingeschreven-wat-nu","status":"publish","type":"page","link":"https:\/\/www.2daagse.be\/fr\/sinscrire\/je-bent-ingeschreven-wat-nu\/","title":{"rendered":"Vous \u00eates inscrit. Et maintenant ?"},"content":{"rendered":"\n<h2 class=\"wp-block-heading\">Distribution des cartes de d\u00e9part et des t-shirts<\/h2>\n\n<p>N&rsquo;oublie pas d&rsquo;apporter ton e-mail contenant le code QR et les options \u00e9ventuelles (nuit\u00e9e + petit-d\u00e9jeuner, t-shirt, transport en bus) au point de d\u00e9part (imprim\u00e9 ou sur ton smartphone).<br\/>Assurez-vous que le code QR soit bien lisible.<\/p>\n\n<p>Si vous ne l&rsquo;avez plus, nous le chercherons sur place.<\/p>\n\n<h3 class=\"wp-block-heading\">Le vendredi 1er mai<\/h3>\n\n<p>De 15 h \u00e0 19 h au <a href=\"https:\/\/www.2daagse.be\/fr\/infos-pratiques\/comment-sy-rendre\/#startplaats_maerlant\" data-type=\"page\" data-id=\"301\">point de d\u00e9part Maerlant \u00e0 Blankenberge<\/a>.<\/p>\n\n<h3 class=\"wp-block-heading\">Les samedi 2 et dimanche 3 mai<\/h3>\n\n<h4 class=\"wp-block-heading\">Blankenberge: 7, 15, 24 &amp; 32 KM<\/h4>\n\n<p>\u00c0 partir de 7 heures au <a href=\"https:\/\/www.2daagse.be\/fr\/infos-pratiques\/comment-sy-rendre\/#startplaats_maerlant\" data-type=\"page\" data-id=\"301\">point de d\u00e9part de Maerlant \u00e0 Blankenberge<\/a> (7, 15, 24 et 32 km).<\/p>\n\n<h4 class=\"wp-block-heading\">Knokke : 50 km<\/h4>\n\n<p>\u00c0 partir de 6 h 30 au <a href=\"https:\/\/www.2daagse.be\/fr\/infos-pratiques\/comment-sy-rendre\/#startplaats_zaterdag_50\" data-type=\"page\" data-id=\"301\">point de d\u00e9part \u00e0 Knokke<\/a> (50 km, uniquement le samedi).<\/p>\n\n<p><strong>T-shirt <\/strong>: vous pouvez r\u00e9cup\u00e9rer votre t-shirt vendredi \u00e0 Blankenberge ou \u00e0 l&rsquo;arriv\u00e9e de la randonn\u00e9e. <\/p>\n\n<p><strong>Bagages<\/strong> : vous pouvez laisser vos bagages \u00e0 Knokke. Nous nous occupons de les transporter jusqu&rsquo;\u00e0 Blankenberge. <\/p>\n\n<p><\/p>\n\n<h3 class=\"wp-block-heading\">Transport en bus de Blankenberge \u00e0 Knokke<\/h3>\n\n<p>Le bus pour le Deux Jours part \u00e0 6 h 30 de la mairie de Blankenberge, J.F. Kennedyplein 1, Blankenberge (<a href=\"https:\/\/maps.app.goo.gl\/SKEjBtZG9bLnrP8X7\" target=\"_blank\" rel=\"noreferrer noopener\">carte<\/a>).<\/p>\n\n<p>N&rsquo;oublie surtout pas d&rsquo;apporter la confirmation de ton inscription.<\/p>\n\n<p class=\"has-text-align-right\"><a href=\"https:\/\/www.2daagse.be\/fr\/infos-pratiques\/comment-sy-rendre\/#tweedaagse_bus\" data-type=\"page\" data-id=\"301\">Plus d&rsquo;informations<\/a><\/p>\n\n<h2 class=\"wp-block-heading\">Passer la nuit<\/h2>\n\n<p>Le lieu d&rsquo;h\u00e9bergement se trouve dans les installations sportives de \u00ab Sint-Jozef Sint-Pieter Blankenberge \u00bb, \u00e0 moins de 500 m\u00e8tres du d\u00e9part et de l&rsquo;arriv\u00e9e. (Weststraat 86, <a href=\"https:\/\/maps.app.goo.gl\/ZKwxRWJXMHhTrTqPA\" target=\"_blank\" rel=\"noreferrer noopener\">carte<\/a>). <\/p>\n\n<p>Veuillez noter que vous devez apporter votre propre sac de couchage et votre lit de camp !<\/p>\n\n<p>Le h\u00e9bergement est ouvert<\/p>\n\n<ul class=\"wp-block-list\">\n<li>du vendredi 1er mai \u00e0 17 h au samedi \u00e0 9 h 30.<\/li>\n\n\n\n<li>du samedi 2 mai \u00e0 17 h au dimanche \u00e0 9 h 30.<\/li>\n<\/ul>\n\n<p>NB<\/p>\n\n<ul class=\"wp-block-list\">\n<li>Des douches sont disponibles pendant ces horaires.<\/li>\n\n\n\n<li>Il n&rsquo;y a pas de possibilit\u00e9 de garer la voiture.<\/li>\n\n\n\n<li>Il est interdit de fumer sur ce site, tant \u00e0 l&rsquo;int\u00e9rieur qu&rsquo;\u00e0 l&rsquo;ext\u00e9rieur.<\/li>\n<\/ul>\n\n<p>Le petit-d\u00e9jeuner et un panier-repas sont compris. Vous pouvez pr\u00e9parer ce dernier \u00e0 l&rsquo;\u00e9cole primaire \u00ab Sint-Jozef Sint-Pieter \u00bb de Blankenberge, situ\u00e9e \u00e0 proximit\u00e9 du lieu d&rsquo;h\u00e9bergement. <\/p>\n\n<ul class=\"wp-block-list\">\n<li>Samedi 2 mai\n<ul class=\"wp-block-list\">\n<li>5 h 30 pour ceux qui participent \u00e0 la marche de 50 km<\/li>\n\n\n\n<li>6 h 30 pour tous les randonneurs<\/li>\n<\/ul>\n<\/li>\n\n\n\n<li>Dimanche 3 mai\n<ul class=\"wp-block-list\">\n<li>7 heures pour tous les randonneurs<\/li>\n<\/ul>\n<\/li>\n<\/ul>\n\n<p>NB<\/p>\n\n<ul class=\"wp-block-list\">\n<li>Er geld een algemeen rookverbod op deze locatie, zowel binnen als buiten.<\/li>\n<\/ul>\n\n<p><\/p>\n\n<h6 class=\"wp-block-heading\">Vous \u00eates toujours \u00e0 la recherche d&rsquo;un logement ?<\/h6>\n\n<p>Vous n&rsquo;avez pas r\u00e9serv\u00e9 de nuit\u00e9e mais vous souhaitez tout de m\u00eame s\u00e9journer \u00e0 Blankenberge ? Jetez un coup d&rsquo;\u0153il rapide \u00e0 <a href=\"https:\/\/www.2daagse.be\/fr\/infos-pratiques\/passer-la-nuit\/\" data-type=\"page\" data-id=\"285\">Passer la nuit<\/a> pour conna\u00eetre les options possibles.<\/p>\n\n<h2 class=\"wp-block-heading\">\u00c0 quelle heure le d\u00e9part et l&rsquo;arriv\u00e9e ?<\/h2>\n\n<p>Vous pouvez <strong>commencer<\/strong> par<\/p>\n\n<ul class=\"wp-block-list\">\n<li>50 KM: 7 \u00e0 8.30 heures <em>(uniquement le samedi)<\/em><\/li>\n\n\n\n<li>32 KM : 8 \u00e0 10 heures <em>(uniquement le dimanche)<\/em><\/li>\n\n\n\n<li>24 KM : 8 \u00e0 12 heures<\/li>\n\n\n\n<li>15 et 7 KM : 9 \u00e0 15 heures<\/li>\n<\/ul>\n\n<p>Vous pouvez <strong>arriver<\/strong> entre 10 et 18 heures. Samedi, l&rsquo;arriv\u00e9e restera ouverte jusqu&rsquo;\u00e0 19 heures pour le 50 KM.<\/p>\n\n<blockquote class=\"wp-block-quote is-layout-flow wp-block-quote-is-layout-flow\">\n<p><em>Note<\/em> : Les diff\u00e9rentes aires de repos, les points de contr\u00f4le et les ravitaillements n&rsquo;ouvrent sur ces distances qu&rsquo;\u00e0 partir de 9 heures. Ceux-ci ferment en fonction de l&rsquo;heure d&rsquo;arriv\u00e9e de 18 heures (ou 19 heures pour le 50 KM).<\/p>\n\n\n<\/blockquote>\n\n<h2 class=\"wp-block-heading\">Plan du parcours<\/h2>\n\n<p>Le lien vers le plan du parcours vous sera envoy\u00e9 le 29 avril, accompagn\u00e9 des derni\u00e8res informations pratiques.<\/p>\n\n<p>Il est format\u00e9 avec <a href=\"https:\/\/www.routeyou.com\/\" target=\"_blank\" rel=\"noreferrer noopener\">RouteYou<\/a> et vous pouvez \u00e9galement le t\u00e9l\u00e9charger sur votre smartphone ou installer l&rsquo;application RouteYou.<\/p>\n\n<div class=\"wp-block-group is-content-justification-right is-nowrap is-layout-flex wp-container-core-group-is-layout-fd526d70 wp-block-group-is-layout-flex\">\n<figure class=\"wp-block-image is-resized\"><a href=\"https:\/\/play.google.com\/store\/apps\/details?id=com.routeyou.www.twa\" target=\"_blank\" rel=\"noreferrer noopener\"><img data-recalc-dims=\"1\" decoding=\"async\" src=\"https:\/\/i0.wp.com\/media.routeyou.com\/app\/google-play-nl.png?w=580&#038;ssl=1\" alt=\"https:\/\/play.google.com\/store\/apps\/details?id=com.routeyou.www.twa\" style=\"width:120px\"\/><\/a><\/figure>\n\n\n\n<figure class=\"wp-block-image is-resized\"><a href=\"https:\/\/apps.apple.com\/us\/app\/routeyou\/id942989228\" target=\"_blank\" rel=\"noreferrer noopener\"><img decoding=\"async\" src=\"https:\/\/media.routeyou.com\/app\/app-store-nl.svg\" alt=\"https:\/\/apps.apple.com\/us\/app\/routeyou\/id942989228\" style=\"aspect-ratio:2.992052360916316;object-fit:cover;width:120px\"\/><\/a><\/figure>\n<\/div>\n\n<h2 class=\"wp-block-heading\">Des questions ?<\/h2>\n\n<p>N&rsquo;h\u00e9sitez pas \u00e0 jeter un \u0153il \u00e0 <\/p>\n\n<ul class=\"wp-block-list\">\n<li><a href=\"https:\/\/www.2daagse.be\/fr\/infos-pratiques\/comment-sy-rendre\/\" data-type=\"page\" data-id=\"301\">Comment s&rsquo;y rendre ?<\/a><\/li>\n\n\n\n<li><a href=\"https:\/\/www.2daagse.be\/fr\/infos-pratiques\/parcours\/\" data-type=\"page\" data-id=\"169\">Parcours<\/a><\/li>\n\n\n\n<li><a href=\"https:\/\/www.2daagse.be\/fr\/infos-pratiques\/passer-la-nuit\/\" data-type=\"page\" data-id=\"285\">Passer la nuit<\/a><\/li>\n\n\n\n<li>et bien s\u00fbr la <a href=\"https:\/\/www.2daagse.be\/fr\/faq\/\" data-type=\"page\" data-id=\"171\">FAQ<\/a><\/li>\n<\/ul>\n\n<p><\/p>\n","protected":false},"excerpt":{"rendered":"<p>Distribution des cartes de d\u00e9part et des t-shirts N&rsquo;oublie pas d&rsquo;apporter ton e-mail contenant le code QR et les options \u00e9ventuelles (nuit\u00e9e + petit-d\u00e9jeuner, t-shirt, transport en bus) au point de d\u00e9part (imprim\u00e9 ou sur ton smartphone).Assurez-vous que le code QR soit bien lisible. Si vous ne l&rsquo;avez plus, nous le chercherons sur place. Le [&hellip;]<\/p>\n","protected":false},"author":2,"featured_media":1252,"parent":6859,"menu_order":0,"comment_status":"closed","ping_status":"closed","template":"templates\/template-cover.php","meta":{"footnotes":""},"class_list":["post-1846","page","type-page","status-publish","has-post-thumbnail","hentry"],"_links":{"self":[{"href":"https:\/\/www.2daagse.be\/fr\/wp-json\/wp\/v2\/pages\/1846","targetHints":{"allow":["GET"]}}],"collection":[{"href":"https:\/\/www.2daagse.be\/fr\/wp-json\/wp\/v2\/pages"}],"about":[{"href":"https:\/\/www.2daagse.be\/fr\/wp-json\/wp\/v2\/types\/page"}],"author":[{"embeddable":true,"href":"https:\/\/www.2daagse.be\/fr\/wp-json\/wp\/v2\/users\/2"}],"replies":[{"embeddable":true,"href":"https:\/\/www.2daagse.be\/fr\/wp-json\/wp\/v2\/comments?post=1846"}],"version-history":[{"count":10,"href":"https:\/\/www.2daagse.be\/fr\/wp-json\/wp\/v2\/pages\/1846\/revisions"}],"predecessor-version":[{"id":7634,"href":"https:\/\/www.2daagse.be\/fr\/wp-json\/wp\/v2\/pages\/1846\/revisions\/7634"}],"up":[{"embeddable":true,"href":"https:\/\/www.2daagse.be\/fr\/wp-json\/wp\/v2\/pages\/6859"}],"wp:featuredmedia":[{"embeddable":true,"href":"https:\/\/www.2daagse.be\/fr\/wp-json\/wp\/v2\/media\/1252"}],"wp:attachment":[{"href":"https:\/\/www.2daagse.be\/fr\/wp-json\/wp\/v2\/media?parent=1846"}],"curies":[{"name":"wp","href":"https:\/\/api.w.org\/{rel}","templated":true}]}}