{"id":1348,"date":"2023-03-27T18:32:02","date_gmt":"2023-03-27T17:32:02","guid":{"rendered":"https:\/\/www.2daagse.be\/infos-pratiques\/passer-la-nuit\/hotel-saint-sauveur\/"},"modified":"2024-02-09T21:17:12","modified_gmt":"2024-02-09T20:17:12","slug":"hotel-saint-sauveur","status":"publish","type":"page","link":"https:\/\/www.2daagse.be\/fr\/infos-pratiques\/passer-la-nuit\/hotel-saint-sauveur\/","title":{"rendered":"Hotel Saint Sauveur****"},"content":{"rendered":"\n<div class=\"wp-block-envira-envira-gallery\"><div id=\"envira-gallery-wrap-2517\" class=\"envira-gallery-wrap envira-gallery-theme-base envira-lightbox-theme-base\" itemscope itemtype=\"https:\/\/schema.org\/ImageGallery\"><div data-row-height=\"150\" data-gallery-theme=\"normal\" id=\"envira-gallery-2517\" class=\"envira-gallery-public envira-gallery-justified-public envira-gallery-0-columns envira-clear enviratope envira-gallery-css-animations\" data-envira-columns=\"0\"><div id=\"envira-gallery-item-1303\" class=\"envira-gallery-item enviratope-item envira-gallery-item-1 envira-lazy-load\" style=\"padding-left: 3px; padding-bottom: 5px; padding-right: 3px;\"  itemscope itemtype=\"https:\/\/schema.org\/ImageObject\"><div class=\"envira-gallery-item-inner\"><div class=\"envira-gallery-position-overlay  envira-gallery-top-left\"><\/div><div class=\"envira-gallery-position-overlay  envira-gallery-top-right\"><\/div><div class=\"envira-gallery-position-overlay  envira-gallery-bottom-left\"><\/div><div class=\"envira-gallery-position-overlay  envira-gallery-bottom-right\"><\/div><a href=\"https:\/\/i0.wp.com\/www.2daagse.be\/wp-content\/uploads\/2023\/03\/saintsauveur1.webp?ssl=1\" class=\"envira-gallery-2517 envira-gallery-link\" rel=\"enviragallery2517\" title=\"Hotel Saint Sauveur****\" data-envira-caption=\"Hotel Saint Sauveur****\" data-envira-retina=\"\" data-thumbnail=\"\"  itemprop=\"contentUrl\"><img decoding=\"async\" id=\"envira-gallery-image-1303\" class=\"envira-gallery-image envira-gallery-image-1 envira-normal envira-lazy\" data-envira-index=\"1\" src=\"https:\/\/i0.wp.com\/www.2daagse.be\/wp-content\/uploads\/2023\/03\/saintsauveur1.webp?fit=580%2C326&#038;ssl=1\" data-envira-src=\"https:\/\/i0.wp.com\/www.2daagse.be\/wp-content\/uploads\/2023\/03\/saintsauveur1.webp?fit=580%2C326&#038;ssl=1\" data-envira-gallery-id=\"2517\" data-envira-item-id=\"1303\" data-envira-caption=\"Hotel Saint Sauveur****\" alt=\"Hotel Saint Sauveur**** - Blankenberge - https:\/\/www.saintsauveur.be\/\" title=\"Hotel Saint Sauveur****\"  itemprop=\"thumbnailUrl\" data-envira-srcset=\"https:\/\/i0.wp.com\/www.2daagse.be\/wp-content\/uploads\/2023\/03\/saintsauveur1.webp?fit=580%2C326&#038;ssl=1 400w,https:\/\/i0.wp.com\/www.2daagse.be\/wp-content\/uploads\/2023\/03\/saintsauveur1.webp?fit=580%2C326&#038;ssl=1 2x\" data-envira-width=\"640\" data-envira-height=\"480\" srcset=\"data:image\/gif;base64,R0lGODlhAQABAIAAAP\/\/\/\/\/\/\/yH5BAEKAAEALAAAAAABAAEAAAICTAEAOw==\" data-safe-src=\"data:image\/gif;base64,R0lGODlhAQABAIAAAP\/\/\/\/\/\/\/yH5BAEKAAEALAAAAAABAAEAAAICTAEAOw==\" \/><\/a><\/div><\/div><div id=\"envira-gallery-item-1306\" class=\"envira-gallery-item enviratope-item envira-gallery-item-2 envira-lazy-load\" style=\"padding-left: 3px; padding-bottom: 5px; padding-right: 3px;\"  itemscope itemtype=\"https:\/\/schema.org\/ImageObject\"><div class=\"envira-gallery-item-inner\"><div class=\"envira-gallery-position-overlay  envira-gallery-top-left\"><\/div><div class=\"envira-gallery-position-overlay  envira-gallery-top-right\"><\/div><div class=\"envira-gallery-position-overlay  envira-gallery-bottom-left\"><\/div><div class=\"envira-gallery-position-overlay  envira-gallery-bottom-right\"><\/div><a href=\"https:\/\/i0.wp.com\/www.2daagse.be\/wp-content\/uploads\/2023\/03\/saintsauveur2.webp?ssl=1\" class=\"envira-gallery-2517 envira-gallery-link\" rel=\"enviragallery2517\" title=\"Hotel Saint Sauveur****\" data-envira-caption=\"Hotel Saint Sauveur****\" data-envira-retina=\"\" data-thumbnail=\"\"  itemprop=\"contentUrl\"><img decoding=\"async\" id=\"envira-gallery-image-1306\" class=\"envira-gallery-image envira-gallery-image-2 envira-normal envira-lazy\" data-envira-index=\"2\" src=\"https:\/\/i0.wp.com\/www.2daagse.be\/wp-content\/uploads\/2023\/03\/saintsauveur2.webp?fit=580%2C386&#038;ssl=1\" data-envira-src=\"https:\/\/i0.wp.com\/www.2daagse.be\/wp-content\/uploads\/2023\/03\/saintsauveur2.webp?fit=580%2C386&#038;ssl=1\" data-envira-gallery-id=\"2517\" data-envira-item-id=\"1306\" data-envira-caption=\"Hotel Saint Sauveur****\" alt=\"Hotel Saint Sauveur**** - Blankenberge - https:\/\/www.saintsauveur.be\/\" title=\"Hotel Saint Sauveur****\"  itemprop=\"thumbnailUrl\" data-envira-srcset=\"https:\/\/i0.wp.com\/www.2daagse.be\/wp-content\/uploads\/2023\/03\/saintsauveur2.webp?fit=580%2C386&#038;ssl=1 400w,https:\/\/i0.wp.com\/www.2daagse.be\/wp-content\/uploads\/2023\/03\/saintsauveur2.webp?fit=580%2C386&#038;ssl=1 2x\" data-envira-width=\"640\" data-envira-height=\"480\" srcset=\"data:image\/gif;base64,R0lGODlhAQABAIAAAP\/\/\/\/\/\/\/yH5BAEKAAEALAAAAAABAAEAAAICTAEAOw==\" data-safe-src=\"data:image\/gif;base64,R0lGODlhAQABAIAAAP\/\/\/\/\/\/\/yH5BAEKAAEALAAAAAABAAEAAAICTAEAOw==\" \/><\/a><\/div><\/div><div id=\"envira-gallery-item-1309\" class=\"envira-gallery-item enviratope-item envira-gallery-item-3 envira-lazy-load\" style=\"padding-left: 3px; padding-bottom: 5px; padding-right: 3px;\"  itemscope itemtype=\"https:\/\/schema.org\/ImageObject\"><div class=\"envira-gallery-item-inner\"><div class=\"envira-gallery-position-overlay  envira-gallery-top-left\"><\/div><div class=\"envira-gallery-position-overlay  envira-gallery-top-right\"><\/div><div class=\"envira-gallery-position-overlay  envira-gallery-bottom-left\"><\/div><div class=\"envira-gallery-position-overlay  envira-gallery-bottom-right\"><\/div><a href=\"https:\/\/i0.wp.com\/www.2daagse.be\/wp-content\/uploads\/2023\/03\/saintsauveur3.webp?ssl=1\" class=\"envira-gallery-2517 envira-gallery-link\" rel=\"enviragallery2517\" title=\"Hotel Saint Sauveur****\" data-envira-caption=\"Hotel Saint Sauveur****\" data-envira-retina=\"\" data-thumbnail=\"\"  itemprop=\"contentUrl\"><img decoding=\"async\" id=\"envira-gallery-image-1309\" class=\"envira-gallery-image envira-gallery-image-3 envira-normal envira-lazy\" data-envira-index=\"3\" src=\"https:\/\/i0.wp.com\/www.2daagse.be\/wp-content\/uploads\/2023\/03\/saintsauveur3.webp?fit=580%2C387&#038;ssl=1\" data-envira-src=\"https:\/\/i0.wp.com\/www.2daagse.be\/wp-content\/uploads\/2023\/03\/saintsauveur3.webp?fit=580%2C387&#038;ssl=1\" data-envira-gallery-id=\"2517\" data-envira-item-id=\"1309\" data-envira-caption=\"Hotel Saint Sauveur****\" alt=\"Hotel Saint Sauveur**** - Blankenberge - https:\/\/www.saintsauveur.be\/\" title=\"Hotel Saint Sauveur****\"  itemprop=\"thumbnailUrl\" data-envira-srcset=\"https:\/\/i0.wp.com\/www.2daagse.be\/wp-content\/uploads\/2023\/03\/saintsauveur3.webp?fit=580%2C387&#038;ssl=1 400w,https:\/\/i0.wp.com\/www.2daagse.be\/wp-content\/uploads\/2023\/03\/saintsauveur3.webp?fit=580%2C387&#038;ssl=1 2x\" data-envira-width=\"640\" data-envira-height=\"480\" srcset=\"data:image\/gif;base64,R0lGODlhAQABAIAAAP\/\/\/\/\/\/\/yH5BAEKAAEALAAAAAABAAEAAAICTAEAOw==\" data-safe-src=\"data:image\/gif;base64,R0lGODlhAQABAIAAAP\/\/\/\/\/\/\/yH5BAEKAAEALAAAAAABAAEAAAICTAEAOw==\" \/><\/a><\/div><\/div><div id=\"envira-gallery-item-1312\" class=\"envira-gallery-item enviratope-item envira-gallery-item-4 envira-lazy-load\" style=\"padding-left: 3px; padding-bottom: 5px; padding-right: 3px;\"  itemscope itemtype=\"https:\/\/schema.org\/ImageObject\"><div class=\"envira-gallery-item-inner\"><div class=\"envira-gallery-position-overlay  envira-gallery-top-left\"><\/div><div class=\"envira-gallery-position-overlay  envira-gallery-top-right\"><\/div><div class=\"envira-gallery-position-overlay  envira-gallery-bottom-left\"><\/div><div class=\"envira-gallery-position-overlay  envira-gallery-bottom-right\"><\/div><a href=\"https:\/\/i0.wp.com\/www.2daagse.be\/wp-content\/uploads\/2023\/03\/saintsauveur4.webp?ssl=1\" class=\"envira-gallery-2517 envira-gallery-link\" rel=\"enviragallery2517\" title=\"Hotel Saint Sauveur****\" data-envira-caption=\"Hotel Saint Sauveur****\" data-envira-retina=\"\" data-thumbnail=\"\"  itemprop=\"contentUrl\"><img decoding=\"async\" id=\"envira-gallery-image-1312\" class=\"envira-gallery-image envira-gallery-image-4 envira-normal envira-lazy\" data-envira-index=\"4\" src=\"https:\/\/i0.wp.com\/www.2daagse.be\/wp-content\/uploads\/2023\/03\/saintsauveur4.webp?fit=580%2C386&#038;ssl=1\" data-envira-src=\"https:\/\/i0.wp.com\/www.2daagse.be\/wp-content\/uploads\/2023\/03\/saintsauveur4.webp?fit=580%2C386&#038;ssl=1\" data-envira-gallery-id=\"2517\" data-envira-item-id=\"1312\" data-envira-caption=\"Hotel Saint Sauveur****\" alt=\"Hotel Saint Sauveur**** - Blankenberge - https:\/\/www.saintsauveur.be\/\" title=\"Hotel Saint Sauveur****\"  itemprop=\"thumbnailUrl\" data-envira-srcset=\"https:\/\/i0.wp.com\/www.2daagse.be\/wp-content\/uploads\/2023\/03\/saintsauveur4.webp?fit=580%2C386&#038;ssl=1 400w,https:\/\/i0.wp.com\/www.2daagse.be\/wp-content\/uploads\/2023\/03\/saintsauveur4.webp?fit=580%2C386&#038;ssl=1 2x\" data-envira-width=\"640\" data-envira-height=\"480\" srcset=\"data:image\/gif;base64,R0lGODlhAQABAIAAAP\/\/\/\/\/\/\/yH5BAEKAAEALAAAAAABAAEAAAICTAEAOw==\" data-safe-src=\"data:image\/gif;base64,R0lGODlhAQABAIAAAP\/\/\/\/\/\/\/yH5BAEKAAEALAAAAAABAAEAAAICTAEAOw==\" \/><\/a><\/div><\/div><div id=\"envira-gallery-item-1315\" class=\"envira-gallery-item enviratope-item envira-gallery-item-5 envira-lazy-load\" style=\"padding-left: 3px; padding-bottom: 5px; padding-right: 3px;\"  itemscope itemtype=\"https:\/\/schema.org\/ImageObject\"><div class=\"envira-gallery-item-inner\"><div class=\"envira-gallery-position-overlay  envira-gallery-top-left\"><\/div><div class=\"envira-gallery-position-overlay  envira-gallery-top-right\"><\/div><div class=\"envira-gallery-position-overlay  envira-gallery-bottom-left\"><\/div><div class=\"envira-gallery-position-overlay  envira-gallery-bottom-right\"><\/div><a href=\"https:\/\/i0.wp.com\/www.2daagse.be\/wp-content\/uploads\/2023\/03\/saintsauveur5.webp?ssl=1\" class=\"envira-gallery-2517 envira-gallery-link\" rel=\"enviragallery2517\" title=\"Hotel Saint Sauveur****\" data-envira-caption=\"Hotel Saint Sauveur****\" data-envira-retina=\"\" data-thumbnail=\"\"  itemprop=\"contentUrl\"><img decoding=\"async\" id=\"envira-gallery-image-1315\" class=\"envira-gallery-image envira-gallery-image-5 envira-normal envira-lazy\" data-envira-index=\"5\" src=\"https:\/\/i0.wp.com\/www.2daagse.be\/wp-content\/uploads\/2023\/03\/saintsauveur5.webp?fit=580%2C387&#038;ssl=1\" data-envira-src=\"https:\/\/i0.wp.com\/www.2daagse.be\/wp-content\/uploads\/2023\/03\/saintsauveur5.webp?fit=580%2C387&#038;ssl=1\" data-envira-gallery-id=\"2517\" data-envira-item-id=\"1315\" data-envira-caption=\"Hotel Saint Sauveur****\" alt=\"Hotel Saint Sauveur**** - Blankenberge - https:\/\/www.saintsauveur.be\/\" title=\"Hotel Saint Sauveur****\"  itemprop=\"thumbnailUrl\" data-envira-srcset=\"https:\/\/i0.wp.com\/www.2daagse.be\/wp-content\/uploads\/2023\/03\/saintsauveur5.webp?fit=580%2C387&#038;ssl=1 400w,https:\/\/i0.wp.com\/www.2daagse.be\/wp-content\/uploads\/2023\/03\/saintsauveur5.webp?fit=580%2C387&#038;ssl=1 2x\" data-envira-width=\"640\" data-envira-height=\"480\" srcset=\"data:image\/gif;base64,R0lGODlhAQABAIAAAP\/\/\/\/\/\/\/yH5BAEKAAEALAAAAAABAAEAAAICTAEAOw==\" data-safe-src=\"data:image\/gif;base64,R0lGODlhAQABAIAAAP\/\/\/\/\/\/\/yH5BAEKAAEALAAAAAABAAEAAAICTAEAOw==\" \/><\/a><\/div><\/div><div id=\"envira-gallery-item-1318\" class=\"envira-gallery-item enviratope-item envira-gallery-item-6 envira-lazy-load\" style=\"padding-left: 3px; padding-bottom: 5px; padding-right: 3px;\"  itemscope itemtype=\"https:\/\/schema.org\/ImageObject\"><div class=\"envira-gallery-item-inner\"><div class=\"envira-gallery-position-overlay  envira-gallery-top-left\"><\/div><div class=\"envira-gallery-position-overlay  envira-gallery-top-right\"><\/div><div class=\"envira-gallery-position-overlay  envira-gallery-bottom-left\"><\/div><div class=\"envira-gallery-position-overlay  envira-gallery-bottom-right\"><\/div><a href=\"https:\/\/i0.wp.com\/www.2daagse.be\/wp-content\/uploads\/2023\/03\/saintsauveur6.webp?ssl=1\" class=\"envira-gallery-2517 envira-gallery-link\" rel=\"enviragallery2517\" title=\"Hotel Saint Sauveur****\" data-envira-caption=\"Hotel Saint Sauveur****\" data-envira-retina=\"\" data-thumbnail=\"\"  itemprop=\"contentUrl\"><img decoding=\"async\" id=\"envira-gallery-image-1318\" class=\"envira-gallery-image envira-gallery-image-6 envira-normal envira-lazy\" data-envira-index=\"6\" src=\"https:\/\/i0.wp.com\/www.2daagse.be\/wp-content\/uploads\/2023\/03\/saintsauveur6.webp?fit=580%2C312&#038;ssl=1\" data-envira-src=\"https:\/\/i0.wp.com\/www.2daagse.be\/wp-content\/uploads\/2023\/03\/saintsauveur6.webp?fit=580%2C312&#038;ssl=1\" data-envira-gallery-id=\"2517\" data-envira-item-id=\"1318\" data-envira-caption=\"Hotel Saint Sauveur****\" alt=\"Hotel Saint Sauveur**** - Blankenberge - https:\/\/www.saintsauveur.be\/\" title=\"Hotel Saint Sauveur****\"  itemprop=\"thumbnailUrl\" data-envira-srcset=\"https:\/\/i0.wp.com\/www.2daagse.be\/wp-content\/uploads\/2023\/03\/saintsauveur6.webp?fit=580%2C312&#038;ssl=1 400w,https:\/\/i0.wp.com\/www.2daagse.be\/wp-content\/uploads\/2023\/03\/saintsauveur6.webp?fit=580%2C312&#038;ssl=1 2x\" data-envira-width=\"640\" data-envira-height=\"480\" srcset=\"data:image\/gif;base64,R0lGODlhAQABAIAAAP\/\/\/\/\/\/\/yH5BAEKAAEALAAAAAABAAEAAAICTAEAOw==\" data-safe-src=\"data:image\/gif;base64,R0lGODlhAQABAIAAAP\/\/\/\/\/\/\/yH5BAEKAAEALAAAAAABAAEAAAICTAEAOw==\" \/><\/a><\/div><\/div><\/div><\/div><noscript><img decoding=\"async\" src=\"https:\/\/i0.wp.com\/www.2daagse.be\/wp-content\/uploads\/2023\/03\/saintsauveur1.webp?fit=1920%2C1080&#038;ssl=1\" alt=\"Hotel Saint Sauveur**** - Blankenberge - https:\/\/www.saintsauveur.be\/\" \/><img decoding=\"async\" src=\"https:\/\/i0.wp.com\/www.2daagse.be\/wp-content\/uploads\/2023\/03\/saintsauveur2.webp?fit=1920%2C1279&#038;ssl=1\" alt=\"Hotel Saint Sauveur**** - Blankenberge - https:\/\/www.saintsauveur.be\/\" \/><img decoding=\"async\" src=\"https:\/\/i0.wp.com\/www.2daagse.be\/wp-content\/uploads\/2023\/03\/saintsauveur3.webp?fit=1920%2C1280&#038;ssl=1\" alt=\"Hotel Saint Sauveur**** - Blankenberge - https:\/\/www.saintsauveur.be\/\" \/><img decoding=\"async\" src=\"https:\/\/i0.wp.com\/www.2daagse.be\/wp-content\/uploads\/2023\/03\/saintsauveur4.webp?fit=1920%2C1279&#038;ssl=1\" alt=\"Hotel Saint Sauveur**** - Blankenberge - https:\/\/www.saintsauveur.be\/\" \/><img decoding=\"async\" src=\"https:\/\/i0.wp.com\/www.2daagse.be\/wp-content\/uploads\/2023\/03\/saintsauveur5.webp?fit=1920%2C1280&#038;ssl=1\" alt=\"Hotel Saint Sauveur**** - Blankenberge - https:\/\/www.saintsauveur.be\/\" \/><img decoding=\"async\" src=\"https:\/\/i0.wp.com\/www.2daagse.be\/wp-content\/uploads\/2023\/03\/saintsauveur6.webp?fit=1920%2C1032&#038;ssl=1\" alt=\"Hotel Saint Sauveur**** - Blankenberge - https:\/\/www.saintsauveur.be\/\" \/><\/noscript><\/div>\n\n<p>L&rsquo;h\u00f4tel design Saint Sauveur vous accueille dans une atmosph\u00e8re de pure d\u00e9tente.<\/p>\n\n<p>Une oasis de luxe dans un cadre moderne vous attend ici, en plein centre de Blankenberge et \u00e0 quelques pas de la plage.<\/p>\n\n<p>Quoi qu&rsquo;il en soit, nos 46 chambres \u00e9l\u00e9gantes vous offrent le confort dont vous avez besoin pour faire de votre s\u00e9jour en bord de mer une exp\u00e9rience luxueuse.<\/p>\n\n<h3 class=\"wp-block-heading\">Contact<\/h3>\n\n<p><strong>Hotel Saint Sauveur<\/strong>****<\/p>\n\n<p>Langestraat 50, Blankenberge (<a href=\"https:\/\/goo.gl\/maps\/6gM48TMxjXXAeEef8\">carte<\/a>)<\/p>\n\n<p>T\u00e9l: +32 50 42 70 00<\/p>\n\n<p><a href=\"mailto:info@saintsauveur.be\">info@saintsauveur.be<\/a><br\/><a href=\"https:\/\/www.saintsauveur.be\/\" target=\"_blank\" rel=\"noreferrer noopener\">www.saintsauveur.be<\/a><\/p>\n","protected":false},"excerpt":{"rendered":"<p>L&rsquo;h\u00f4tel design Saint Sauveur vous accueille dans une atmosph\u00e8re de pure d\u00e9tente. Une oasis de luxe dans un cadre moderne vous attend ici, en plein centre de Blankenberge et \u00e0 quelques pas de la plage. Quoi qu&rsquo;il en soit, nos 46 chambres \u00e9l\u00e9gantes vous offrent le confort dont vous avez besoin pour faire de votre [&hellip;]<\/p>\n","protected":false},"author":2,"featured_media":1308,"parent":587,"menu_order":0,"comment_status":"closed","ping_status":"closed","template":"templates\/template-cover.php","meta":{"footnotes":""},"class_list":["post-1348","page","type-page","status-publish","has-post-thumbnail","hentry"],"_links":{"self":[{"href":"https:\/\/www.2daagse.be\/fr\/wp-json\/wp\/v2\/pages\/1348","targetHints":{"allow":["GET"]}}],"collection":[{"href":"https:\/\/www.2daagse.be\/fr\/wp-json\/wp\/v2\/pages"}],"about":[{"href":"https:\/\/www.2daagse.be\/fr\/wp-json\/wp\/v2\/types\/page"}],"author":[{"embeddable":true,"href":"https:\/\/www.2daagse.be\/fr\/wp-json\/wp\/v2\/users\/2"}],"replies":[{"embeddable":true,"href":"https:\/\/www.2daagse.be\/fr\/wp-json\/wp\/v2\/comments?post=1348"}],"version-history":[{"count":6,"href":"https:\/\/www.2daagse.be\/fr\/wp-json\/wp\/v2\/pages\/1348\/revisions"}],"predecessor-version":[{"id":2528,"href":"https:\/\/www.2daagse.be\/fr\/wp-json\/wp\/v2\/pages\/1348\/revisions\/2528"}],"up":[{"embeddable":true,"href":"https:\/\/www.2daagse.be\/fr\/wp-json\/wp\/v2\/pages\/587"}],"wp:featuredmedia":[{"embeddable":true,"href":"https:\/\/www.2daagse.be\/fr\/wp-json\/wp\/v2\/media\/1308"}],"wp:attachment":[{"href":"https:\/\/www.2daagse.be\/fr\/wp-json\/wp\/v2\/media?parent=1348"}],"curies":[{"name":"wp","href":"https:\/\/api.w.org\/{rel}","templated":true}]}}