{"id":1162,"date":"2023-02-20T22:18:01","date_gmt":"2023-02-20T21:18:01","guid":{"rendered":"https:\/\/tweedaagse.be\/infos-pratiques\/passer-la-nuit\/ibis-budget-blankenberge\/"},"modified":"2024-02-10T00:07:45","modified_gmt":"2024-02-09T23:07:45","slug":"ibis-budget-blankenberge","status":"publish","type":"page","link":"https:\/\/www.2daagse.be\/fr\/infos-pratiques\/passer-la-nuit\/ibis-budget-blankenberge\/","title":{"rendered":"ibis Budget Blankenberge**"},"content":{"rendered":"\n<div class=\"wp-block-envira-envira-gallery\"><div id=\"envira-gallery-wrap-2529\" class=\"envira-gallery-wrap envira-gallery-theme-base envira-lightbox-theme-base\" itemscope itemtype=\"https:\/\/schema.org\/ImageGallery\"><div data-row-height=\"150\" data-gallery-theme=\"normal\" id=\"envira-gallery-2529\" class=\"envira-gallery-public envira-gallery-justified-public envira-gallery-0-columns envira-clear enviratope envira-gallery-css-animations\" data-envira-columns=\"0\"><div id=\"envira-gallery-item-1084\" class=\"envira-gallery-item enviratope-item envira-gallery-item-1 envira-lazy-load\" style=\"padding-left: 3px; padding-bottom: 5px; padding-right: 3px;\"  itemscope itemtype=\"https:\/\/schema.org\/ImageObject\"><div class=\"envira-gallery-item-inner\"><div class=\"envira-gallery-position-overlay  envira-gallery-top-left\"><\/div><div class=\"envira-gallery-position-overlay  envira-gallery-top-right\"><\/div><div class=\"envira-gallery-position-overlay  envira-gallery-bottom-left\"><\/div><div class=\"envira-gallery-position-overlay  envira-gallery-bottom-right\"><\/div><a href=\"https:\/\/i0.wp.com\/www.2daagse.be\/wp-content\/uploads\/2023\/02\/ibis1.webp?ssl=1\" class=\"envira-gallery-2529 envira-gallery-link\" rel=\"enviragallery2529\" title=\"ibis Budget Blankenberge**\" data-envira-caption=\"ibis Budget Blankenberge**\" data-envira-retina=\"\" data-thumbnail=\"\"  itemprop=\"contentUrl\"><img decoding=\"async\" id=\"envira-gallery-image-1084\" class=\"envira-gallery-image envira-gallery-image-1 envira-normal envira-lazy\" data-envira-index=\"1\" src=\"https:\/\/i0.wp.com\/www.2daagse.be\/wp-content\/uploads\/2023\/02\/ibis1.webp?fit=580%2C580&#038;ssl=1\" data-envira-src=\"https:\/\/i0.wp.com\/www.2daagse.be\/wp-content\/uploads\/2023\/02\/ibis1.webp?fit=580%2C580&#038;ssl=1\" data-envira-gallery-id=\"2529\" data-envira-item-id=\"1084\" data-envira-caption=\"ibis Budget Blankenberge**\" alt=\"ibis Budget Blankenberge** - https:\/\/ibisbudgetblankenberge.be\" title=\"ibis Budget Blankenberge**\"  itemprop=\"thumbnailUrl\" data-envira-srcset=\"https:\/\/i0.wp.com\/www.2daagse.be\/wp-content\/uploads\/2023\/02\/ibis1.webp?fit=580%2C580&#038;ssl=1 400w,https:\/\/i0.wp.com\/www.2daagse.be\/wp-content\/uploads\/2023\/02\/ibis1.webp?fit=580%2C580&#038;ssl=1 2x\" data-envira-width=\"320\" data-envira-height=\"320\" srcset=\"data:image\/gif;base64,R0lGODlhAQABAIAAAP\/\/\/\/\/\/\/yH5BAEKAAEALAAAAAABAAEAAAICTAEAOw==\" data-safe-src=\"data:image\/gif;base64,R0lGODlhAQABAIAAAP\/\/\/\/\/\/\/yH5BAEKAAEALAAAAAABAAEAAAICTAEAOw==\" \/><\/a><\/div><\/div><div id=\"envira-gallery-item-1087\" class=\"envira-gallery-item enviratope-item envira-gallery-item-2 envira-lazy-load\" style=\"padding-left: 3px; padding-bottom: 5px; padding-right: 3px;\"  itemscope itemtype=\"https:\/\/schema.org\/ImageObject\"><div class=\"envira-gallery-item-inner\"><div class=\"envira-gallery-position-overlay  envira-gallery-top-left\"><\/div><div class=\"envira-gallery-position-overlay  envira-gallery-top-right\"><\/div><div class=\"envira-gallery-position-overlay  envira-gallery-bottom-left\"><\/div><div class=\"envira-gallery-position-overlay  envira-gallery-bottom-right\"><\/div><a href=\"https:\/\/i0.wp.com\/www.2daagse.be\/wp-content\/uploads\/2023\/02\/ibis2.webp?ssl=1\" class=\"envira-gallery-2529 envira-gallery-link\" rel=\"enviragallery2529\" title=\"ibis2\" data-envira-caption=\"ibis2\" data-envira-retina=\"\" data-thumbnail=\"\"  itemprop=\"contentUrl\"><img decoding=\"async\" id=\"envira-gallery-image-1087\" class=\"envira-gallery-image envira-gallery-image-2 envira-normal envira-lazy\" data-envira-index=\"2\" src=\"https:\/\/i0.wp.com\/www.2daagse.be\/wp-content\/uploads\/2023\/02\/ibis2.webp?fit=580%2C580&#038;ssl=1\" data-envira-src=\"https:\/\/i0.wp.com\/www.2daagse.be\/wp-content\/uploads\/2023\/02\/ibis2.webp?fit=580%2C580&#038;ssl=1\" data-envira-gallery-id=\"2529\" data-envira-item-id=\"1087\" data-envira-caption=\"ibis2\" alt=\"ibis Budget Blankenberge** - https:\/\/ibisbudgetblankenberge.be\" title=\"ibis2\"  itemprop=\"thumbnailUrl\" data-envira-srcset=\"https:\/\/i0.wp.com\/www.2daagse.be\/wp-content\/uploads\/2023\/02\/ibis2.webp?fit=580%2C580&#038;ssl=1 400w,https:\/\/i0.wp.com\/www.2daagse.be\/wp-content\/uploads\/2023\/02\/ibis2.webp?fit=580%2C580&#038;ssl=1 2x\" data-envira-width=\"320\" data-envira-height=\"320\" srcset=\"data:image\/gif;base64,R0lGODlhAQABAIAAAP\/\/\/\/\/\/\/yH5BAEKAAEALAAAAAABAAEAAAICTAEAOw==\" data-safe-src=\"data:image\/gif;base64,R0lGODlhAQABAIAAAP\/\/\/\/\/\/\/yH5BAEKAAEALAAAAAABAAEAAAICTAEAOw==\" \/><\/a><\/div><\/div><div id=\"envira-gallery-item-1090\" class=\"envira-gallery-item enviratope-item envira-gallery-item-3 envira-lazy-load\" style=\"padding-left: 3px; padding-bottom: 5px; padding-right: 3px;\"  itemscope itemtype=\"https:\/\/schema.org\/ImageObject\"><div class=\"envira-gallery-item-inner\"><div class=\"envira-gallery-position-overlay  envira-gallery-top-left\"><\/div><div class=\"envira-gallery-position-overlay  envira-gallery-top-right\"><\/div><div class=\"envira-gallery-position-overlay  envira-gallery-bottom-left\"><\/div><div class=\"envira-gallery-position-overlay  envira-gallery-bottom-right\"><\/div><a href=\"https:\/\/i0.wp.com\/www.2daagse.be\/wp-content\/uploads\/2023\/02\/ibis3.webp?ssl=1\" class=\"envira-gallery-2529 envira-gallery-link\" rel=\"enviragallery2529\" title=\"ibis3\" data-envira-caption=\"ibis3\" data-envira-retina=\"\" data-thumbnail=\"\"  itemprop=\"contentUrl\"><img decoding=\"async\" id=\"envira-gallery-image-1090\" class=\"envira-gallery-image envira-gallery-image-3 envira-normal envira-lazy\" data-envira-index=\"3\" src=\"https:\/\/i0.wp.com\/www.2daagse.be\/wp-content\/uploads\/2023\/02\/ibis3.webp?fit=580%2C580&#038;ssl=1\" data-envira-src=\"https:\/\/i0.wp.com\/www.2daagse.be\/wp-content\/uploads\/2023\/02\/ibis3.webp?fit=580%2C580&#038;ssl=1\" data-envira-gallery-id=\"2529\" data-envira-item-id=\"1090\" data-envira-caption=\"ibis3\" alt=\"ibis Budget Blankenberge** - https:\/\/ibisbudgetblankenberge.be\" title=\"ibis3\"  itemprop=\"thumbnailUrl\" data-envira-srcset=\"https:\/\/i0.wp.com\/www.2daagse.be\/wp-content\/uploads\/2023\/02\/ibis3.webp?fit=580%2C580&#038;ssl=1 400w,https:\/\/i0.wp.com\/www.2daagse.be\/wp-content\/uploads\/2023\/02\/ibis3.webp?fit=580%2C580&#038;ssl=1 2x\" data-envira-width=\"320\" data-envira-height=\"320\" srcset=\"data:image\/gif;base64,R0lGODlhAQABAIAAAP\/\/\/\/\/\/\/yH5BAEKAAEALAAAAAABAAEAAAICTAEAOw==\" data-safe-src=\"data:image\/gif;base64,R0lGODlhAQABAIAAAP\/\/\/\/\/\/\/yH5BAEKAAEALAAAAAABAAEAAAICTAEAOw==\" \/><\/a><\/div><\/div><div id=\"envira-gallery-item-1093\" class=\"envira-gallery-item enviratope-item envira-gallery-item-4 envira-lazy-load\" style=\"padding-left: 3px; padding-bottom: 5px; padding-right: 3px;\"  itemscope itemtype=\"https:\/\/schema.org\/ImageObject\"><div class=\"envira-gallery-item-inner\"><div class=\"envira-gallery-position-overlay  envira-gallery-top-left\"><\/div><div class=\"envira-gallery-position-overlay  envira-gallery-top-right\"><\/div><div class=\"envira-gallery-position-overlay  envira-gallery-bottom-left\"><\/div><div class=\"envira-gallery-position-overlay  envira-gallery-bottom-right\"><\/div><a href=\"https:\/\/i0.wp.com\/www.2daagse.be\/wp-content\/uploads\/2023\/02\/ibis4.webp?ssl=1\" class=\"envira-gallery-2529 envira-gallery-link\" rel=\"enviragallery2529\" title=\"ibis4\" data-envira-caption=\"ibis4\" data-envira-retina=\"\" data-thumbnail=\"\"  itemprop=\"contentUrl\"><img decoding=\"async\" id=\"envira-gallery-image-1093\" class=\"envira-gallery-image envira-gallery-image-4 envira-normal envira-lazy\" data-envira-index=\"4\" src=\"https:\/\/i0.wp.com\/www.2daagse.be\/wp-content\/uploads\/2023\/02\/ibis4.webp?fit=580%2C580&#038;ssl=1\" data-envira-src=\"https:\/\/i0.wp.com\/www.2daagse.be\/wp-content\/uploads\/2023\/02\/ibis4.webp?fit=580%2C580&#038;ssl=1\" data-envira-gallery-id=\"2529\" data-envira-item-id=\"1093\" data-envira-caption=\"ibis4\" alt=\"ibis Budget Blankenberge** - https:\/\/ibisbudgetblankenberge.be\" title=\"ibis4\"  itemprop=\"thumbnailUrl\" data-envira-srcset=\"https:\/\/i0.wp.com\/www.2daagse.be\/wp-content\/uploads\/2023\/02\/ibis4.webp?fit=580%2C580&#038;ssl=1 400w,https:\/\/i0.wp.com\/www.2daagse.be\/wp-content\/uploads\/2023\/02\/ibis4.webp?fit=580%2C580&#038;ssl=1 2x\" data-envira-width=\"320\" data-envira-height=\"320\" srcset=\"data:image\/gif;base64,R0lGODlhAQABAIAAAP\/\/\/\/\/\/\/yH5BAEKAAEALAAAAAABAAEAAAICTAEAOw==\" data-safe-src=\"data:image\/gif;base64,R0lGODlhAQABAIAAAP\/\/\/\/\/\/\/yH5BAEKAAEALAAAAAABAAEAAAICTAEAOw==\" \/><\/a><\/div><\/div><div id=\"envira-gallery-item-1096\" class=\"envira-gallery-item enviratope-item envira-gallery-item-5 envira-lazy-load\" style=\"padding-left: 3px; padding-bottom: 5px; padding-right: 3px;\"  itemscope itemtype=\"https:\/\/schema.org\/ImageObject\"><div class=\"envira-gallery-item-inner\"><div class=\"envira-gallery-position-overlay  envira-gallery-top-left\"><\/div><div class=\"envira-gallery-position-overlay  envira-gallery-top-right\"><\/div><div class=\"envira-gallery-position-overlay  envira-gallery-bottom-left\"><\/div><div class=\"envira-gallery-position-overlay  envira-gallery-bottom-right\"><\/div><a href=\"https:\/\/i0.wp.com\/www.2daagse.be\/wp-content\/uploads\/2023\/02\/ibis5.webp?ssl=1\" class=\"envira-gallery-2529 envira-gallery-link\" rel=\"enviragallery2529\" title=\"ibis5\" data-envira-caption=\"ibis5\" data-envira-retina=\"\" data-thumbnail=\"\"  itemprop=\"contentUrl\"><img decoding=\"async\" id=\"envira-gallery-image-1096\" class=\"envira-gallery-image envira-gallery-image-5 envira-normal envira-lazy\" data-envira-index=\"5\" src=\"https:\/\/i0.wp.com\/www.2daagse.be\/wp-content\/uploads\/2023\/02\/ibis5.webp?fit=580%2C580&#038;ssl=1\" data-envira-src=\"https:\/\/i0.wp.com\/www.2daagse.be\/wp-content\/uploads\/2023\/02\/ibis5.webp?fit=580%2C580&#038;ssl=1\" data-envira-gallery-id=\"2529\" data-envira-item-id=\"1096\" data-envira-caption=\"ibis5\" alt=\"ibis Budget Blankenberge** - https:\/\/ibisbudgetblankenberge.be\" title=\"ibis5\"  itemprop=\"thumbnailUrl\" data-envira-srcset=\"https:\/\/i0.wp.com\/www.2daagse.be\/wp-content\/uploads\/2023\/02\/ibis5.webp?fit=580%2C580&#038;ssl=1 400w,https:\/\/i0.wp.com\/www.2daagse.be\/wp-content\/uploads\/2023\/02\/ibis5.webp?fit=580%2C580&#038;ssl=1 2x\" data-envira-width=\"320\" data-envira-height=\"320\" srcset=\"data:image\/gif;base64,R0lGODlhAQABAIAAAP\/\/\/\/\/\/\/yH5BAEKAAEALAAAAAABAAEAAAICTAEAOw==\" data-safe-src=\"data:image\/gif;base64,R0lGODlhAQABAIAAAP\/\/\/\/\/\/\/yH5BAEKAAEALAAAAAABAAEAAAICTAEAOw==\" \/><\/a><\/div><\/div><div id=\"envira-gallery-item-1192\" class=\"envira-gallery-item enviratope-item envira-gallery-item-6 envira-lazy-load\" style=\"padding-left: 3px; padding-bottom: 5px; padding-right: 3px;\"  itemscope itemtype=\"https:\/\/schema.org\/ImageObject\"><div class=\"envira-gallery-item-inner\"><div class=\"envira-gallery-position-overlay  envira-gallery-top-left\"><\/div><div class=\"envira-gallery-position-overlay  envira-gallery-top-right\"><\/div><div class=\"envira-gallery-position-overlay  envira-gallery-bottom-left\"><\/div><div class=\"envira-gallery-position-overlay  envira-gallery-bottom-right\"><\/div><a href=\"https:\/\/i0.wp.com\/www.2daagse.be\/wp-content\/uploads\/2023\/02\/ibis7.webp?ssl=1\" class=\"envira-gallery-2529 envira-gallery-link\" rel=\"enviragallery2529\" title=\"ibis7\" data-envira-caption=\"ibis7\" data-envira-retina=\"\" data-thumbnail=\"\"  itemprop=\"contentUrl\"><img decoding=\"async\" id=\"envira-gallery-image-1192\" class=\"envira-gallery-image envira-gallery-image-6 envira-normal envira-lazy\" data-envira-index=\"6\" src=\"https:\/\/i0.wp.com\/www.2daagse.be\/wp-content\/uploads\/2023\/02\/ibis7.webp?fit=580%2C435&#038;ssl=1\" data-envira-src=\"https:\/\/i0.wp.com\/www.2daagse.be\/wp-content\/uploads\/2023\/02\/ibis7.webp?fit=580%2C435&#038;ssl=1\" data-envira-gallery-id=\"2529\" data-envira-item-id=\"1192\" data-envira-caption=\"ibis7\" alt=\"ibis Budget Blankenberge** - https:\/\/ibisbudgetblankenberge.be\" title=\"ibis7\"  itemprop=\"thumbnailUrl\" data-envira-srcset=\"https:\/\/i0.wp.com\/www.2daagse.be\/wp-content\/uploads\/2023\/02\/ibis7.webp?fit=580%2C435&#038;ssl=1 400w,https:\/\/i0.wp.com\/www.2daagse.be\/wp-content\/uploads\/2023\/02\/ibis7.webp?fit=580%2C435&#038;ssl=1 2x\" data-envira-width=\"320\" data-envira-height=\"320\" srcset=\"data:image\/gif;base64,R0lGODlhAQABAIAAAP\/\/\/\/\/\/\/yH5BAEKAAEALAAAAAABAAEAAAICTAEAOw==\" data-safe-src=\"data:image\/gif;base64,R0lGODlhAQABAIAAAP\/\/\/\/\/\/\/yH5BAEKAAEALAAAAAABAAEAAAICTAEAOw==\" \/><\/a><\/div><\/div><\/div><\/div><noscript><img decoding=\"async\" src=\"https:\/\/i0.wp.com\/www.2daagse.be\/wp-content\/uploads\/2023\/02\/ibis1.webp?fit=1920%2C1920&#038;ssl=1\" alt=\"ibis Budget Blankenberge** - https:\/\/ibisbudgetblankenberge.be\" \/><img decoding=\"async\" src=\"https:\/\/i0.wp.com\/www.2daagse.be\/wp-content\/uploads\/2023\/02\/ibis2.webp?fit=1920%2C1920&#038;ssl=1\" alt=\"ibis Budget Blankenberge** - https:\/\/ibisbudgetblankenberge.be\" \/><img decoding=\"async\" src=\"https:\/\/i0.wp.com\/www.2daagse.be\/wp-content\/uploads\/2023\/02\/ibis3.webp?fit=1920%2C1920&#038;ssl=1\" alt=\"ibis Budget Blankenberge** - https:\/\/ibisbudgetblankenberge.be\" \/><img decoding=\"async\" src=\"https:\/\/i0.wp.com\/www.2daagse.be\/wp-content\/uploads\/2023\/02\/ibis4.webp?fit=1920%2C1920&#038;ssl=1\" alt=\"ibis Budget Blankenberge** - https:\/\/ibisbudgetblankenberge.be\" \/><img decoding=\"async\" src=\"https:\/\/i0.wp.com\/www.2daagse.be\/wp-content\/uploads\/2023\/02\/ibis5.webp?fit=1920%2C1920&#038;ssl=1\" alt=\"ibis Budget Blankenberge** - https:\/\/ibisbudgetblankenberge.be\" \/><img decoding=\"async\" src=\"https:\/\/i0.wp.com\/www.2daagse.be\/wp-content\/uploads\/2023\/02\/ibis7.webp?fit=1920%2C1440&#038;ssl=1\" alt=\"ibis Budget Blankenberge** - https:\/\/ibisbudgetblankenberge.be\" \/><\/noscript><\/div>\n\n<p>H\u00f4tel 2 \u00e9toiles \u00e9conomique b\u00e9n\u00e9ficiant d&rsquo;un excellent emplacement \u00e0 c\u00f4t\u00e9 de la gare de Blankenberge, \u00e0 700 m\u00e8tres de la plage.<\/p>\n\n<figure class=\"wp-block-pullquote\"><blockquote><p><strong>Profitez d&rsquo;une r\u00e9duction de 20% avec le code IBBVOET20.<\/strong><\/p><\/blockquote><\/figure>\n\n<h3 class=\"wp-block-heading\">Contact<\/h3>\n\n<p><strong>ibis Budget Blankenberge**<\/strong><\/p>\n\n<p>Kerkstraat 120; Blankenberge (<a href=\"https:\/\/goo.gl\/maps\/R9PuMpjX98BLMk6u7\" target=\"_blank\" rel=\"noreferrer noopener\">carte<\/a>)<\/p>\n\n<p>T\u00e9l +32 50 71 20 07<\/p>\n\n<p><a rel=\"noreferrer noopener\" href=\"mailto:info@ibisbudgetblankenberge.be\" target=\"_blank\">info@ibisbudgetblankenberge.be<\/a><br\/><a rel=\"noreferrer noopener\" href=\"https:\/\/ibisbudgetblankenberge.be\/\" target=\"_blank\"> https:\/\/ibisbudgetblankenberge.be<\/a><\/p>\n","protected":false},"excerpt":{"rendered":"<p>ibis Budget Blankenberge** &#8211; H\u00f4tel 2 \u00e9toiles \u00e9conomique b\u00e9n\u00e9ficiant d&rsquo;un excellent emplacement \u00e0 c\u00f4t\u00e9 de la gare de Blankenberge, \u00e0 700 m\u00e8tres de la plage.<\/p>\n","protected":false},"author":2,"featured_media":1086,"parent":587,"menu_order":0,"comment_status":"closed","ping_status":"closed","template":"templates\/template-cover.php","meta":{"footnotes":""},"class_list":["post-1162","page","type-page","status-publish","has-post-thumbnail","hentry"],"_links":{"self":[{"href":"https:\/\/www.2daagse.be\/fr\/wp-json\/wp\/v2\/pages\/1162","targetHints":{"allow":["GET"]}}],"collection":[{"href":"https:\/\/www.2daagse.be\/fr\/wp-json\/wp\/v2\/pages"}],"about":[{"href":"https:\/\/www.2daagse.be\/fr\/wp-json\/wp\/v2\/types\/page"}],"author":[{"embeddable":true,"href":"https:\/\/www.2daagse.be\/fr\/wp-json\/wp\/v2\/users\/2"}],"replies":[{"embeddable":true,"href":"https:\/\/www.2daagse.be\/fr\/wp-json\/wp\/v2\/comments?post=1162"}],"version-history":[{"count":6,"href":"https:\/\/www.2daagse.be\/fr\/wp-json\/wp\/v2\/pages\/1162\/revisions"}],"predecessor-version":[{"id":2543,"href":"https:\/\/www.2daagse.be\/fr\/wp-json\/wp\/v2\/pages\/1162\/revisions\/2543"}],"up":[{"embeddable":true,"href":"https:\/\/www.2daagse.be\/fr\/wp-json\/wp\/v2\/pages\/587"}],"wp:featuredmedia":[{"embeddable":true,"href":"https:\/\/www.2daagse.be\/fr\/wp-json\/wp\/v2\/media\/1086"}],"wp:attachment":[{"href":"https:\/\/www.2daagse.be\/fr\/wp-json\/wp\/v2\/media?parent=1162"}],"curies":[{"name":"wp","href":"https:\/\/api.w.org\/{rel}","templated":true}]}}