{"id":1154,"date":"2023-02-16T21:36:08","date_gmt":"2023-02-16T20:36:08","guid":{"rendered":"https:\/\/tweedaagse.be\/infos-pratiques\/passer-la-nuit\/hotel-sabot-dor\/"},"modified":"2026-03-29T11:05:45","modified_gmt":"2026-03-29T10:05:45","slug":"hotel-sabot-dor-2","status":"publish","type":"page","link":"https:\/\/www.2daagse.be\/fr\/infos-pratiques\/passer-la-nuit\/hotel-sabot-dor-2\/","title":{"rendered":"Hotel Sabot d&rsquo;Or**"},"content":{"rendered":"\n<div class=\"wp-block-envira-envira-gallery\"><div id=\"envira-gallery-wrap-2505\" class=\"envira-gallery-wrap envira-gallery-theme-base envira-lightbox-theme-base\" itemscope itemtype=\"https:\/\/schema.org\/ImageGallery\"><div data-row-height=\"150\" data-gallery-theme=\"normal\" id=\"envira-gallery-2505\" class=\"envira-gallery-public envira-gallery-justified-public envira-gallery-0-columns envira-clear enviratope envira-gallery-css-animations\" data-envira-columns=\"0\"><div id=\"envira-gallery-item-7068\" class=\"envira-gallery-item enviratope-item envira-gallery-item-1 envira-lazy-load\" style=\"padding-left: 3px; padding-bottom: 5px; padding-right: 3px;\"  itemscope itemtype=\"https:\/\/schema.org\/ImageObject\"><div class=\"envira-gallery-item-inner\"><div class=\"envira-gallery-position-overlay  envira-gallery-top-left\"><\/div><div class=\"envira-gallery-position-overlay  envira-gallery-top-right\"><\/div><div class=\"envira-gallery-position-overlay  envira-gallery-bottom-left\"><\/div><div class=\"envira-gallery-position-overlay  envira-gallery-bottom-right\"><\/div><a href=\"https:\/\/i0.wp.com\/www.2daagse.be\/wp-content\/uploads\/2026\/01\/sabotdor_voorkant.webp?fit=2560%2C1700&#038;ssl=1\" class=\"envira-gallery-2505 envira-gallery-link\" rel=\"enviragallery2505\" title=\"Hotel Sabot d&amp;amp;#8217;Or**\" data-envira-caption=\"Hotel Sabot d&amp;amp;#8217;Or**\" data-envira-retina=\"\" data-thumbnail=\"\"  itemprop=\"contentUrl\"><img decoding=\"async\" id=\"envira-gallery-image-7068\" class=\"envira-gallery-image envira-gallery-image-1 envira-normal envira-lazy\" data-envira-index=\"1\" src=\"https:\/\/i0.wp.com\/www.2daagse.be\/wp-content\/uploads\/2026\/01\/sabotdor_voorkant.webp?fit=580%2C385&#038;ssl=1\" data-envira-src=\"https:\/\/i0.wp.com\/www.2daagse.be\/wp-content\/uploads\/2026\/01\/sabotdor_voorkant.webp?fit=580%2C385&#038;ssl=1\" data-envira-gallery-id=\"2505\" data-envira-item-id=\"7068\" data-envira-caption=\"Hotel Sabot d&amp;amp;#8217;Or**\" alt=\"Hotel Sabot d&#039;Or - Blankenberge - https:\/\/www.sabot-dor.be\/\" title=\"Hotel Sabot d&amp;#8217;Or**\"  itemprop=\"thumbnailUrl\" data-envira-srcset=\"https:\/\/i0.wp.com\/www.2daagse.be\/wp-content\/uploads\/2026\/01\/sabotdor_voorkant.webp?fit=580%2C385&#038;ssl=1 400w,https:\/\/i0.wp.com\/www.2daagse.be\/wp-content\/uploads\/2026\/01\/sabotdor_voorkant.webp?fit=580%2C385&#038;ssl=1 2x\" data-envira-width=\"320\" data-envira-height=\"320\" srcset=\"data:image\/gif;base64,R0lGODlhAQABAIAAAP\/\/\/\/\/\/\/yH5BAEKAAEALAAAAAABAAEAAAICTAEAOw==\" data-safe-src=\"data:image\/gif;base64,R0lGODlhAQABAIAAAP\/\/\/\/\/\/\/yH5BAEKAAEALAAAAAABAAEAAAICTAEAOw==\" \/><\/a><\/div><\/div><div id=\"envira-gallery-item-6352\" class=\"envira-gallery-item enviratope-item envira-gallery-item-2 envira-lazy-load\" style=\"padding-left: 3px; padding-bottom: 5px; padding-right: 3px;\"  itemscope itemtype=\"https:\/\/schema.org\/ImageObject\"><div class=\"envira-gallery-item-inner\"><div class=\"envira-gallery-position-overlay  envira-gallery-top-left\"><\/div><div class=\"envira-gallery-position-overlay  envira-gallery-top-right\"><\/div><div class=\"envira-gallery-position-overlay  envira-gallery-bottom-left\"><\/div><div class=\"envira-gallery-position-overlay  envira-gallery-bottom-right\"><\/div><a href=\"https:\/\/i0.wp.com\/www.2daagse.be\/wp-content\/uploads\/2025\/04\/sabotdor-01.jpg?ssl=1\" class=\"envira-gallery-2505 envira-gallery-link\" rel=\"enviragallery2505\" title=\"Hotel Sabot d&amp;#039;Or\" data-envira-caption=\"Hotel Sabot d&amp;#039;Or\" data-envira-retina=\"\" data-thumbnail=\"\"  itemprop=\"contentUrl\"><img decoding=\"async\" id=\"envira-gallery-image-6352\" class=\"envira-gallery-image envira-gallery-image-2 envira-normal envira-lazy\" data-envira-index=\"2\" src=\"https:\/\/i0.wp.com\/www.2daagse.be\/wp-content\/uploads\/2025\/04\/sabotdor-01.jpg?fit=580%2C387&#038;ssl=1\" data-envira-src=\"https:\/\/i0.wp.com\/www.2daagse.be\/wp-content\/uploads\/2025\/04\/sabotdor-01.jpg?fit=580%2C387&#038;ssl=1\" data-envira-gallery-id=\"2505\" data-envira-item-id=\"6352\" data-envira-caption=\"Hotel Sabot d&amp;#039;Or\" alt=\"Hotel Sabot d&#039;Or - Blankenberge - https:\/\/www.sabot-dor.be\/\" title=\"Hotel Sabot d&#039;Or\"  itemprop=\"thumbnailUrl\" data-envira-srcset=\"https:\/\/i0.wp.com\/www.2daagse.be\/wp-content\/uploads\/2025\/04\/sabotdor-01.jpg?fit=580%2C387&#038;ssl=1 400w,https:\/\/i0.wp.com\/www.2daagse.be\/wp-content\/uploads\/2025\/04\/sabotdor-01.jpg?fit=580%2C387&#038;ssl=1 2x\" data-envira-width=\"320\" data-envira-height=\"320\" srcset=\"data:image\/gif;base64,R0lGODlhAQABAIAAAP\/\/\/\/\/\/\/yH5BAEKAAEALAAAAAABAAEAAAICTAEAOw==\" data-safe-src=\"data:image\/gif;base64,R0lGODlhAQABAIAAAP\/\/\/\/\/\/\/yH5BAEKAAEALAAAAAABAAEAAAICTAEAOw==\" \/><\/a><\/div><\/div><div id=\"envira-gallery-item-6355\" class=\"envira-gallery-item enviratope-item envira-gallery-item-3 envira-lazy-load\" style=\"padding-left: 3px; padding-bottom: 5px; padding-right: 3px;\"  itemscope itemtype=\"https:\/\/schema.org\/ImageObject\"><div class=\"envira-gallery-item-inner\"><div class=\"envira-gallery-position-overlay  envira-gallery-top-left\"><\/div><div class=\"envira-gallery-position-overlay  envira-gallery-top-right\"><\/div><div class=\"envira-gallery-position-overlay  envira-gallery-bottom-left\"><\/div><div class=\"envira-gallery-position-overlay  envira-gallery-bottom-right\"><\/div><a href=\"https:\/\/i0.wp.com\/www.2daagse.be\/wp-content\/uploads\/2025\/04\/sabotdor-05.jpg?ssl=1\" class=\"envira-gallery-2505 envira-gallery-link\" rel=\"enviragallery2505\" title=\"Hotel Sabot d&amp;#039;Or\" data-envira-caption=\"Hotel Sabot d&amp;#039;Or\" data-envira-retina=\"\" data-thumbnail=\"\"  itemprop=\"contentUrl\"><img decoding=\"async\" id=\"envira-gallery-image-6355\" class=\"envira-gallery-image envira-gallery-image-3 envira-normal envira-lazy\" data-envira-index=\"3\" src=\"https:\/\/i0.wp.com\/www.2daagse.be\/wp-content\/uploads\/2025\/04\/sabotdor-05.jpg?fit=580%2C387&#038;ssl=1\" data-envira-src=\"https:\/\/i0.wp.com\/www.2daagse.be\/wp-content\/uploads\/2025\/04\/sabotdor-05.jpg?fit=580%2C387&#038;ssl=1\" data-envira-gallery-id=\"2505\" data-envira-item-id=\"6355\" data-envira-caption=\"Hotel Sabot d&amp;#039;Or\" alt=\"Hotel Sabot d&#039;Or - Blankenberge - https:\/\/www.sabot-dor.be\/\" title=\"Hotel Sabot d&#039;Or\"  itemprop=\"thumbnailUrl\" data-envira-srcset=\"https:\/\/i0.wp.com\/www.2daagse.be\/wp-content\/uploads\/2025\/04\/sabotdor-05.jpg?fit=580%2C387&#038;ssl=1 400w,https:\/\/i0.wp.com\/www.2daagse.be\/wp-content\/uploads\/2025\/04\/sabotdor-05.jpg?fit=580%2C387&#038;ssl=1 2x\" data-envira-width=\"320\" data-envira-height=\"320\" srcset=\"data:image\/gif;base64,R0lGODlhAQABAIAAAP\/\/\/\/\/\/\/yH5BAEKAAEALAAAAAABAAEAAAICTAEAOw==\" data-safe-src=\"data:image\/gif;base64,R0lGODlhAQABAIAAAP\/\/\/\/\/\/\/yH5BAEKAAEALAAAAAABAAEAAAICTAEAOw==\" \/><\/a><\/div><\/div><div id=\"envira-gallery-item-6364\" class=\"envira-gallery-item enviratope-item envira-gallery-item-4 envira-lazy-load\" style=\"padding-left: 3px; padding-bottom: 5px; padding-right: 3px;\"  itemscope itemtype=\"https:\/\/schema.org\/ImageObject\"><div class=\"envira-gallery-item-inner\"><div class=\"envira-gallery-position-overlay  envira-gallery-top-left\"><\/div><div class=\"envira-gallery-position-overlay  envira-gallery-top-right\"><\/div><div class=\"envira-gallery-position-overlay  envira-gallery-bottom-left\"><\/div><div class=\"envira-gallery-position-overlay  envira-gallery-bottom-right\"><\/div><a href=\"https:\/\/i0.wp.com\/www.2daagse.be\/wp-content\/uploads\/2025\/04\/sabotdor-03.jpg?ssl=1\" class=\"envira-gallery-2505 envira-gallery-link\" rel=\"enviragallery2505\" title=\"Hotel Sabot d&amp;#039;Or\" data-envira-caption=\"Hotel Sabot d&amp;#039;Or\" data-envira-retina=\"\" data-thumbnail=\"\"  itemprop=\"contentUrl\"><img decoding=\"async\" id=\"envira-gallery-image-6364\" class=\"envira-gallery-image envira-gallery-image-4 envira-normal envira-lazy\" data-envira-index=\"4\" src=\"https:\/\/i0.wp.com\/www.2daagse.be\/wp-content\/uploads\/2025\/04\/sabotdor-03.jpg?fit=580%2C387&#038;ssl=1\" data-envira-src=\"https:\/\/i0.wp.com\/www.2daagse.be\/wp-content\/uploads\/2025\/04\/sabotdor-03.jpg?fit=580%2C387&#038;ssl=1\" data-envira-gallery-id=\"2505\" data-envira-item-id=\"6364\" data-envira-caption=\"Hotel Sabot d&amp;#039;Or\" alt=\"Hotel Sabot d&#039;Or - Blankenberge - https:\/\/www.sabot-dor.be\/\" title=\"Hotel Sabot d&#039;Or\"  itemprop=\"thumbnailUrl\" data-envira-srcset=\"https:\/\/i0.wp.com\/www.2daagse.be\/wp-content\/uploads\/2025\/04\/sabotdor-03.jpg?fit=580%2C387&#038;ssl=1 400w,https:\/\/i0.wp.com\/www.2daagse.be\/wp-content\/uploads\/2025\/04\/sabotdor-03.jpg?fit=580%2C387&#038;ssl=1 2x\" data-envira-width=\"320\" data-envira-height=\"320\" srcset=\"data:image\/gif;base64,R0lGODlhAQABAIAAAP\/\/\/\/\/\/\/yH5BAEKAAEALAAAAAABAAEAAAICTAEAOw==\" data-safe-src=\"data:image\/gif;base64,R0lGODlhAQABAIAAAP\/\/\/\/\/\/\/yH5BAEKAAEALAAAAAABAAEAAAICTAEAOw==\" \/><\/a><\/div><\/div><div id=\"envira-gallery-item-6359\" class=\"envira-gallery-item enviratope-item envira-gallery-item-5 envira-lazy-load\" style=\"padding-left: 3px; padding-bottom: 5px; padding-right: 3px;\"  itemscope itemtype=\"https:\/\/schema.org\/ImageObject\"><div class=\"envira-gallery-item-inner\"><div class=\"envira-gallery-position-overlay  envira-gallery-top-left\"><\/div><div class=\"envira-gallery-position-overlay  envira-gallery-top-right\"><\/div><div class=\"envira-gallery-position-overlay  envira-gallery-bottom-left\"><\/div><div class=\"envira-gallery-position-overlay  envira-gallery-bottom-right\"><\/div><a href=\"https:\/\/i0.wp.com\/www.2daagse.be\/wp-content\/uploads\/2025\/04\/sabotdor-02.jpg?ssl=1\" class=\"envira-gallery-2505 envira-gallery-link\" rel=\"enviragallery2505\" title=\"Hotel Sabot d&amp;#039;Or\" data-envira-caption=\"Hotel Sabot d&amp;#039;Or\" data-envira-retina=\"\" data-thumbnail=\"\"  itemprop=\"contentUrl\"><img decoding=\"async\" id=\"envira-gallery-image-6359\" class=\"envira-gallery-image envira-gallery-image-5 envira-normal envira-lazy\" data-envira-index=\"5\" src=\"https:\/\/i0.wp.com\/www.2daagse.be\/wp-content\/uploads\/2025\/04\/sabotdor-02.jpg?fit=580%2C387&#038;ssl=1\" data-envira-src=\"https:\/\/i0.wp.com\/www.2daagse.be\/wp-content\/uploads\/2025\/04\/sabotdor-02.jpg?fit=580%2C387&#038;ssl=1\" data-envira-gallery-id=\"2505\" data-envira-item-id=\"6359\" data-envira-caption=\"Hotel Sabot d&amp;#039;Or\" alt=\"Hotel Sabot d&#039;Or - Blankenberge - https:\/\/www.sabot-dor.be\/\" title=\"Hotel Sabot d&#039;Or\"  itemprop=\"thumbnailUrl\" data-envira-srcset=\"https:\/\/i0.wp.com\/www.2daagse.be\/wp-content\/uploads\/2025\/04\/sabotdor-02.jpg?fit=580%2C387&#038;ssl=1 400w,https:\/\/i0.wp.com\/www.2daagse.be\/wp-content\/uploads\/2025\/04\/sabotdor-02.jpg?fit=580%2C387&#038;ssl=1 2x\" data-envira-width=\"320\" data-envira-height=\"320\" srcset=\"data:image\/gif;base64,R0lGODlhAQABAIAAAP\/\/\/\/\/\/\/yH5BAEKAAEALAAAAAABAAEAAAICTAEAOw==\" data-safe-src=\"data:image\/gif;base64,R0lGODlhAQABAIAAAP\/\/\/\/\/\/\/yH5BAEKAAEALAAAAAABAAEAAAICTAEAOw==\" \/><\/a><\/div><\/div><div id=\"envira-gallery-item-6358\" class=\"envira-gallery-item enviratope-item envira-gallery-item-6 envira-lazy-load\" style=\"padding-left: 3px; padding-bottom: 5px; padding-right: 3px;\"  itemscope itemtype=\"https:\/\/schema.org\/ImageObject\"><div class=\"envira-gallery-item-inner\"><div class=\"envira-gallery-position-overlay  envira-gallery-top-left\"><\/div><div class=\"envira-gallery-position-overlay  envira-gallery-top-right\"><\/div><div class=\"envira-gallery-position-overlay  envira-gallery-bottom-left\"><\/div><div class=\"envira-gallery-position-overlay  envira-gallery-bottom-right\"><\/div><a href=\"https:\/\/i0.wp.com\/www.2daagse.be\/wp-content\/uploads\/2025\/04\/sabotdor-04.jpg?ssl=1\" class=\"envira-gallery-2505 envira-gallery-link\" rel=\"enviragallery2505\" title=\"Hotel Sabot d&amp;#039;Or\" data-envira-caption=\"Hotel Sabot d&amp;#039;Or\" data-envira-retina=\"\" data-thumbnail=\"\"  itemprop=\"contentUrl\"><img decoding=\"async\" id=\"envira-gallery-image-6358\" class=\"envira-gallery-image envira-gallery-image-6 envira-normal envira-lazy\" data-envira-index=\"6\" src=\"https:\/\/i0.wp.com\/www.2daagse.be\/wp-content\/uploads\/2025\/04\/sabotdor-04.jpg?fit=580%2C387&#038;ssl=1\" data-envira-src=\"https:\/\/i0.wp.com\/www.2daagse.be\/wp-content\/uploads\/2025\/04\/sabotdor-04.jpg?fit=580%2C387&#038;ssl=1\" data-envira-gallery-id=\"2505\" data-envira-item-id=\"6358\" data-envira-caption=\"Hotel Sabot d&amp;#039;Or\" alt=\"Hotel Sabot d&#039;Or - Blankenberge - https:\/\/www.sabot-dor.be\/\" title=\"Hotel Sabot d&#039;Or\"  itemprop=\"thumbnailUrl\" data-envira-srcset=\"https:\/\/i0.wp.com\/www.2daagse.be\/wp-content\/uploads\/2025\/04\/sabotdor-04.jpg?fit=580%2C387&#038;ssl=1 400w,https:\/\/i0.wp.com\/www.2daagse.be\/wp-content\/uploads\/2025\/04\/sabotdor-04.jpg?fit=580%2C387&#038;ssl=1 2x\" data-envira-width=\"320\" data-envira-height=\"320\" srcset=\"data:image\/gif;base64,R0lGODlhAQABAIAAAP\/\/\/\/\/\/\/yH5BAEKAAEALAAAAAABAAEAAAICTAEAOw==\" data-safe-src=\"data:image\/gif;base64,R0lGODlhAQABAIAAAP\/\/\/\/\/\/\/yH5BAEKAAEALAAAAAABAAEAAAICTAEAOw==\" \/><\/a><\/div><\/div><\/div><\/div><noscript><img decoding=\"async\" src=\"https:\/\/i0.wp.com\/www.2daagse.be\/wp-content\/uploads\/2026\/01\/sabotdor_voorkant.webp?fit=2560%2C1700&#038;ssl=1\" alt=\"Hotel Sabot d&#039;Or - Blankenberge - https:\/\/www.sabot-dor.be\/\" \/><img decoding=\"async\" src=\"https:\/\/i0.wp.com\/www.2daagse.be\/wp-content\/uploads\/2025\/04\/sabotdor-01.jpg?fit=2560%2C1707&#038;ssl=1\" alt=\"Hotel Sabot d&#039;Or - Blankenberge - https:\/\/www.sabot-dor.be\/\" \/><img decoding=\"async\" src=\"https:\/\/i0.wp.com\/www.2daagse.be\/wp-content\/uploads\/2025\/04\/sabotdor-05.jpg?fit=2560%2C1707&#038;ssl=1\" alt=\"Hotel Sabot d&#039;Or - Blankenberge - https:\/\/www.sabot-dor.be\/\" \/><img decoding=\"async\" src=\"https:\/\/i0.wp.com\/www.2daagse.be\/wp-content\/uploads\/2025\/04\/sabotdor-03.jpg?fit=2560%2C1707&#038;ssl=1\" alt=\"Hotel Sabot d&#039;Or - Blankenberge - https:\/\/www.sabot-dor.be\/\" \/><img decoding=\"async\" src=\"https:\/\/i0.wp.com\/www.2daagse.be\/wp-content\/uploads\/2025\/04\/sabotdor-02.jpg?fit=2560%2C1707&#038;ssl=1\" alt=\"Hotel Sabot d&#039;Or - Blankenberge - https:\/\/www.sabot-dor.be\/\" \/><img decoding=\"async\" src=\"https:\/\/i0.wp.com\/www.2daagse.be\/wp-content\/uploads\/2025\/04\/sabotdor-04.jpg?fit=2560%2C1707&#038;ssl=1\" alt=\"Hotel Sabot d&#039;Or - Blankenberge - https:\/\/www.sabot-dor.be\/\" \/><\/noscript><\/div>\n\n<p>Nous vous souhaitons la bienvenue \u00e0 l&rsquo;h\u00f4tel Sabot d&rsquo;Or \u00e0 Blankenberge. L&rsquo;h\u00f4tel a \u00e9t\u00e9 fond\u00e9 en 1961 et est g\u00e9r\u00e9 par la m\u00eame famille depuis trois g\u00e9n\u00e9rations. Au fil des ans, l&rsquo;h\u00f4tel est devenu un h\u00f4tel familial moderne et contemporain.  <\/p>\n\n<p>Le caract\u00e8re familial est au c\u0153ur de nos pr\u00e9occupations. En tant que client, vous pouvez compter sur un accueil chaleureux et des attentions personnalis\u00e9es tout au long de votre s\u00e9jour \u00e0 l&rsquo;h\u00f4tel Sabot d&rsquo;Or. Notre \u00e9quipe est \u00e0 votre disposition chaque jour pour vous permettre de profiter pleinement de vos vacances.  <\/p>\n\n<p>Le matin, vous pourrez profiter d&rsquo;un d\u00e9licieux petit-d\u00e9jeuner buffet pour bien commencer la journ\u00e9e. Le soir, rendez-vous au restaurant pour d\u00e9guster un menu du jour all\u00e9chant. Nos menus sont pr\u00e9par\u00e9s chaque jour avec amour et soin. Une cuisine fra\u00eeche et de qualit\u00e9 est notre priorit\u00e9 absolue.   <\/p>\n\n<p>L&rsquo;h\u00f4tel est id\u00e9alement situ\u00e9. \u00c0 seulement 10 minutes \u00e0 pied de la grande rue commer\u00e7ante, vous arriverez \u00e0 la magnifique plage de Blankenberge. <\/p>\n\n<h3 class=\"wp-block-heading\">Contact<\/h3>\n\n<p><strong>Hotel Sabot d&rsquo;Or<\/strong>**<\/p>\n\n<p>Kerkstraat 181, Blankenberge (<a href=\"https:\/\/goo.gl\/maps\/aBQJ9oHX17H36n2c8\" target=\"_blank\" rel=\"noreferrer noopener\">carte<\/a>)<\/p>\n\n<p>T\u00e9l +32 50 43 34 00<\/p>\n\n<p><a href=\"mailto:info@sabot-dor.be\">info@sabot-dor.be<\/a><br\/><a href=\"https:\/\/www.sabot-dor.be\/\" target=\"_blank\" rel=\"noreferrer noopener\">www.sabot-dor.be<\/a><\/p>\n","protected":false},"excerpt":{"rendered":"<p>H\u00f4tel Sabot d&rsquo;Or** &#8211; L&rsquo;h\u00f4tel Sabot d&rsquo;Or est un h\u00f4tel familial confortable fond\u00e9 en 1961 et g\u00e9r\u00e9 par la 3\u00e8me g\u00e9n\u00e9ration. Nous vous assurons un s\u00e9jour agr\u00e9able et un service personnalis\u00e9.<br \/>\nNous proposons un agr\u00e9able petit-d\u00e9jeuner buffet le matin et si vous r\u00e9servez la demi-pension, vous pourrez d\u00e9guster un d\u00e9licieux repas le soir apr\u00e8s la randonn\u00e9e.<br \/>\nVous pouvez \u00e9galement commander des paniers-repas pour le samedi et le dimanche.<br \/>\nNous sommes situ\u00e9s pr\u00e8s de la gare ferroviaire et donc facilement accessibles en voiture et en transports publics. Si vous venez en train, vous pouvez profiter de billets bon march\u00e9 gr\u00e2ce \u00e0 \u00ab\u00a0Happy Trip\u00a0\u00bb.<\/p>\n","protected":false},"author":2,"featured_media":7071,"parent":587,"menu_order":0,"comment_status":"closed","ping_status":"closed","template":"templates\/template-cover.php","meta":{"footnotes":""},"class_list":["post-1154","page","type-page","status-publish","has-post-thumbnail","hentry"],"_links":{"self":[{"href":"https:\/\/www.2daagse.be\/fr\/wp-json\/wp\/v2\/pages\/1154","targetHints":{"allow":["GET"]}}],"collection":[{"href":"https:\/\/www.2daagse.be\/fr\/wp-json\/wp\/v2\/pages"}],"about":[{"href":"https:\/\/www.2daagse.be\/fr\/wp-json\/wp\/v2\/types\/page"}],"author":[{"embeddable":true,"href":"https:\/\/www.2daagse.be\/fr\/wp-json\/wp\/v2\/users\/2"}],"replies":[{"embeddable":true,"href":"https:\/\/www.2daagse.be\/fr\/wp-json\/wp\/v2\/comments?post=1154"}],"version-history":[{"count":10,"href":"https:\/\/www.2daagse.be\/fr\/wp-json\/wp\/v2\/pages\/1154\/revisions"}],"predecessor-version":[{"id":7302,"href":"https:\/\/www.2daagse.be\/fr\/wp-json\/wp\/v2\/pages\/1154\/revisions\/7302"}],"up":[{"embeddable":true,"href":"https:\/\/www.2daagse.be\/fr\/wp-json\/wp\/v2\/pages\/587"}],"wp:featuredmedia":[{"embeddable":true,"href":"https:\/\/www.2daagse.be\/fr\/wp-json\/wp\/v2\/media\/7071"}],"wp:attachment":[{"href":"https:\/\/www.2daagse.be\/fr\/wp-json\/wp\/v2\/media?parent=1154"}],"curies":[{"name":"wp","href":"https:\/\/api.w.org\/{rel}","templated":true}]}}