{"id":1141,"date":"2023-02-16T21:44:30","date_gmt":"2023-02-16T20:44:30","guid":{"rendered":"https:\/\/tweedaagse.be\/infos-pratiques\/passer-la-nuit\/floreal-blankenberge\/"},"modified":"2024-02-10T14:12:50","modified_gmt":"2024-02-10T13:12:50","slug":"floreal-blankenberge","status":"publish","type":"page","link":"https:\/\/www.2daagse.be\/fr\/infos-pratiques\/passer-la-nuit\/floreal-blankenberge\/","title":{"rendered":"Floreal Blankenberge***"},"content":{"rendered":"\n<div class=\"wp-block-envira-envira-gallery\"><div id=\"envira-gallery-wrap-2469\" class=\"envira-gallery-wrap envira-gallery-theme-base envira-lightbox-theme-base\" itemscope itemtype=\"https:\/\/schema.org\/ImageGallery\"><div data-row-height=\"150\" data-gallery-theme=\"normal\" id=\"envira-gallery-2469\" class=\"envira-gallery-public envira-gallery-justified-public envira-gallery-0-columns envira-clear enviratope envira-gallery-css-animations\" data-envira-columns=\"0\"><div id=\"envira-gallery-item-3043\" class=\"envira-gallery-item enviratope-item envira-gallery-item-1 envira-lazy-load\" style=\"padding-left: 3px; padding-bottom: 5px; padding-right: 3px;\"  itemscope itemtype=\"https:\/\/schema.org\/ImageObject\"><div class=\"envira-gallery-item-inner\"><div class=\"envira-gallery-position-overlay  envira-gallery-top-left\"><\/div><div class=\"envira-gallery-position-overlay  envira-gallery-top-right\"><\/div><div class=\"envira-gallery-position-overlay  envira-gallery-bottom-left\"><\/div><div class=\"envira-gallery-position-overlay  envira-gallery-bottom-right\"><\/div><a href=\"https:\/\/i0.wp.com\/www.2daagse.be\/wp-content\/uploads\/2023\/12\/floreal_1.jpg?ssl=1\" class=\"envira-gallery-2469 envira-gallery-link\" rel=\"enviragallery2469\" title=\"Floreal Blankenberge***\" data-envira-caption=\"Floreal Blankenberge***\" data-envira-retina=\"\" data-thumbnail=\"\"  itemprop=\"contentUrl\"><img decoding=\"async\" id=\"envira-gallery-image-3043\" class=\"envira-gallery-image envira-gallery-image-1 envira-normal envira-lazy\" data-envira-index=\"1\" src=\"https:\/\/i0.wp.com\/www.2daagse.be\/wp-content\/uploads\/2023\/12\/floreal_1.jpg?fit=580%2C386&#038;ssl=1\" data-envira-src=\"https:\/\/i0.wp.com\/www.2daagse.be\/wp-content\/uploads\/2023\/12\/floreal_1.jpg?fit=580%2C386&#038;ssl=1\" data-envira-gallery-id=\"2469\" data-envira-item-id=\"3043\" data-envira-caption=\"Floreal Blankenberge***\" alt=\"Floreal Blankenberge*** - https:\/\/booking.florealgroup.be\/v8blkb\/Inquiry.aspx?culture=nl-BE\" title=\"Floreal Blankenberge***\"  itemprop=\"thumbnailUrl\" data-envira-srcset=\"https:\/\/i0.wp.com\/www.2daagse.be\/wp-content\/uploads\/2023\/12\/floreal_1.jpg?fit=580%2C386&#038;ssl=1 400w,https:\/\/i0.wp.com\/www.2daagse.be\/wp-content\/uploads\/2023\/12\/floreal_1.jpg?fit=580%2C386&#038;ssl=1 2x\" data-envira-width=\"640\" data-envira-height=\"480\" srcset=\"data:image\/gif;base64,R0lGODlhAQABAIAAAP\/\/\/\/\/\/\/yH5BAEKAAEALAAAAAABAAEAAAICTAEAOw==\" data-safe-src=\"data:image\/gif;base64,R0lGODlhAQABAIAAAP\/\/\/\/\/\/\/yH5BAEKAAEALAAAAAABAAEAAAICTAEAOw==\" \/><\/a><\/div><\/div><div id=\"envira-gallery-item-3046\" class=\"envira-gallery-item enviratope-item envira-gallery-item-2 envira-lazy-load\" style=\"padding-left: 3px; padding-bottom: 5px; padding-right: 3px;\"  itemscope itemtype=\"https:\/\/schema.org\/ImageObject\"><div class=\"envira-gallery-item-inner\"><div class=\"envira-gallery-position-overlay  envira-gallery-top-left\"><\/div><div class=\"envira-gallery-position-overlay  envira-gallery-top-right\"><\/div><div class=\"envira-gallery-position-overlay  envira-gallery-bottom-left\"><\/div><div class=\"envira-gallery-position-overlay  envira-gallery-bottom-right\"><\/div><a href=\"https:\/\/i0.wp.com\/www.2daagse.be\/wp-content\/uploads\/2023\/12\/floreal_2.jpg?ssl=1\" class=\"envira-gallery-2469 envira-gallery-link\" rel=\"enviragallery2469\" title=\"Floreal Blankenberge***\" data-envira-caption=\"Floreal Blankenberge***\" data-envira-retina=\"\" data-thumbnail=\"\"  itemprop=\"contentUrl\"><img decoding=\"async\" id=\"envira-gallery-image-3046\" class=\"envira-gallery-image envira-gallery-image-2 envira-normal envira-lazy\" data-envira-index=\"2\" src=\"https:\/\/i0.wp.com\/www.2daagse.be\/wp-content\/uploads\/2023\/12\/floreal_2.jpg?fit=580%2C386&#038;ssl=1\" data-envira-src=\"https:\/\/i0.wp.com\/www.2daagse.be\/wp-content\/uploads\/2023\/12\/floreal_2.jpg?fit=580%2C386&#038;ssl=1\" data-envira-gallery-id=\"2469\" data-envira-item-id=\"3046\" data-envira-caption=\"Floreal Blankenberge***\" alt=\"Floreal Blankenberge*** - https:\/\/booking.florealgroup.be\/v8blkb\/Inquiry.aspx?culture=nl-BE\" title=\"Floreal Blankenberge***\"  itemprop=\"thumbnailUrl\" data-envira-srcset=\"https:\/\/i0.wp.com\/www.2daagse.be\/wp-content\/uploads\/2023\/12\/floreal_2.jpg?fit=580%2C386&#038;ssl=1 400w,https:\/\/i0.wp.com\/www.2daagse.be\/wp-content\/uploads\/2023\/12\/floreal_2.jpg?fit=580%2C386&#038;ssl=1 2x\" data-envira-width=\"640\" data-envira-height=\"480\" srcset=\"data:image\/gif;base64,R0lGODlhAQABAIAAAP\/\/\/\/\/\/\/yH5BAEKAAEALAAAAAABAAEAAAICTAEAOw==\" data-safe-src=\"data:image\/gif;base64,R0lGODlhAQABAIAAAP\/\/\/\/\/\/\/yH5BAEKAAEALAAAAAABAAEAAAICTAEAOw==\" \/><\/a><\/div><\/div><div id=\"envira-gallery-item-3049\" class=\"envira-gallery-item enviratope-item envira-gallery-item-3 envira-lazy-load\" style=\"padding-left: 3px; padding-bottom: 5px; padding-right: 3px;\"  itemscope itemtype=\"https:\/\/schema.org\/ImageObject\"><div class=\"envira-gallery-item-inner\"><div class=\"envira-gallery-position-overlay  envira-gallery-top-left\"><\/div><div class=\"envira-gallery-position-overlay  envira-gallery-top-right\"><\/div><div class=\"envira-gallery-position-overlay  envira-gallery-bottom-left\"><\/div><div class=\"envira-gallery-position-overlay  envira-gallery-bottom-right\"><\/div><a href=\"https:\/\/i0.wp.com\/www.2daagse.be\/wp-content\/uploads\/2023\/12\/floreal_3.jpg?ssl=1\" class=\"envira-gallery-2469 envira-gallery-link\" rel=\"enviragallery2469\" title=\"Floreal Blankenberge***\" data-envira-caption=\"Floreal Blankenberge***\" data-envira-retina=\"\" data-thumbnail=\"\"  itemprop=\"contentUrl\"><img decoding=\"async\" id=\"envira-gallery-image-3049\" class=\"envira-gallery-image envira-gallery-image-3 envira-normal envira-lazy\" data-envira-index=\"3\" src=\"https:\/\/i0.wp.com\/www.2daagse.be\/wp-content\/uploads\/2023\/12\/floreal_3.jpg?fit=580%2C386&#038;ssl=1\" data-envira-src=\"https:\/\/i0.wp.com\/www.2daagse.be\/wp-content\/uploads\/2023\/12\/floreal_3.jpg?fit=580%2C386&#038;ssl=1\" data-envira-gallery-id=\"2469\" data-envira-item-id=\"3049\" data-envira-caption=\"Floreal Blankenberge***\" alt=\"Floreal Blankenberge*** - https:\/\/booking.florealgroup.be\/v8blkb\/Inquiry.aspx?culture=nl-BE\" title=\"Floreal Blankenberge***\"  itemprop=\"thumbnailUrl\" data-envira-srcset=\"https:\/\/i0.wp.com\/www.2daagse.be\/wp-content\/uploads\/2023\/12\/floreal_3.jpg?fit=580%2C386&#038;ssl=1 400w,https:\/\/i0.wp.com\/www.2daagse.be\/wp-content\/uploads\/2023\/12\/floreal_3.jpg?fit=580%2C386&#038;ssl=1 2x\" data-envira-width=\"640\" data-envira-height=\"480\" srcset=\"data:image\/gif;base64,R0lGODlhAQABAIAAAP\/\/\/\/\/\/\/yH5BAEKAAEALAAAAAABAAEAAAICTAEAOw==\" data-safe-src=\"data:image\/gif;base64,R0lGODlhAQABAIAAAP\/\/\/\/\/\/\/yH5BAEKAAEALAAAAAABAAEAAAICTAEAOw==\" \/><\/a><\/div><\/div><div id=\"envira-gallery-item-3052\" class=\"envira-gallery-item enviratope-item envira-gallery-item-4 envira-lazy-load\" style=\"padding-left: 3px; padding-bottom: 5px; padding-right: 3px;\"  itemscope itemtype=\"https:\/\/schema.org\/ImageObject\"><div class=\"envira-gallery-item-inner\"><div class=\"envira-gallery-position-overlay  envira-gallery-top-left\"><\/div><div class=\"envira-gallery-position-overlay  envira-gallery-top-right\"><\/div><div class=\"envira-gallery-position-overlay  envira-gallery-bottom-left\"><\/div><div class=\"envira-gallery-position-overlay  envira-gallery-bottom-right\"><\/div><a href=\"https:\/\/i0.wp.com\/www.2daagse.be\/wp-content\/uploads\/2023\/12\/floreal_4.jpg?ssl=1\" class=\"envira-gallery-2469 envira-gallery-link\" rel=\"enviragallery2469\" title=\"Floreal Blankenberge***\" data-envira-caption=\"Floreal Blankenberge***\" data-envira-retina=\"\" data-thumbnail=\"\"  itemprop=\"contentUrl\"><img decoding=\"async\" id=\"envira-gallery-image-3052\" class=\"envira-gallery-image envira-gallery-image-4 envira-normal envira-lazy\" data-envira-index=\"4\" src=\"https:\/\/i0.wp.com\/www.2daagse.be\/wp-content\/uploads\/2023\/12\/floreal_4.jpg?fit=580%2C386&#038;ssl=1\" data-envira-src=\"https:\/\/i0.wp.com\/www.2daagse.be\/wp-content\/uploads\/2023\/12\/floreal_4.jpg?fit=580%2C386&#038;ssl=1\" data-envira-gallery-id=\"2469\" data-envira-item-id=\"3052\" data-envira-caption=\"Floreal Blankenberge***\" alt=\"Floreal Blankenberge*** - https:\/\/booking.florealgroup.be\/v8blkb\/Inquiry.aspx?culture=nl-BE\" title=\"Floreal Blankenberge***\"  itemprop=\"thumbnailUrl\" data-envira-srcset=\"https:\/\/i0.wp.com\/www.2daagse.be\/wp-content\/uploads\/2023\/12\/floreal_4.jpg?fit=580%2C386&#038;ssl=1 400w,https:\/\/i0.wp.com\/www.2daagse.be\/wp-content\/uploads\/2023\/12\/floreal_4.jpg?fit=580%2C386&#038;ssl=1 2x\" data-envira-width=\"640\" data-envira-height=\"480\" srcset=\"data:image\/gif;base64,R0lGODlhAQABAIAAAP\/\/\/\/\/\/\/yH5BAEKAAEALAAAAAABAAEAAAICTAEAOw==\" data-safe-src=\"data:image\/gif;base64,R0lGODlhAQABAIAAAP\/\/\/\/\/\/\/yH5BAEKAAEALAAAAAABAAEAAAICTAEAOw==\" \/><\/a><\/div><\/div><div id=\"envira-gallery-item-3055\" class=\"envira-gallery-item enviratope-item envira-gallery-item-5 envira-lazy-load\" style=\"padding-left: 3px; padding-bottom: 5px; padding-right: 3px;\"  itemscope itemtype=\"https:\/\/schema.org\/ImageObject\"><div class=\"envira-gallery-item-inner\"><div class=\"envira-gallery-position-overlay  envira-gallery-top-left\"><\/div><div class=\"envira-gallery-position-overlay  envira-gallery-top-right\"><\/div><div class=\"envira-gallery-position-overlay  envira-gallery-bottom-left\"><\/div><div class=\"envira-gallery-position-overlay  envira-gallery-bottom-right\"><\/div><a href=\"https:\/\/i0.wp.com\/www.2daagse.be\/wp-content\/uploads\/2023\/12\/floreal_5.jpg?ssl=1\" class=\"envira-gallery-2469 envira-gallery-link\" rel=\"enviragallery2469\" title=\"Floreal Blankenberge***\" data-envira-caption=\"Floreal Blankenberge***\" data-envira-retina=\"\" data-thumbnail=\"\"  itemprop=\"contentUrl\"><img decoding=\"async\" id=\"envira-gallery-image-3055\" class=\"envira-gallery-image envira-gallery-image-5 envira-normal envira-lazy\" data-envira-index=\"5\" src=\"https:\/\/i0.wp.com\/www.2daagse.be\/wp-content\/uploads\/2023\/12\/floreal_5.jpg?fit=580%2C386&#038;ssl=1\" data-envira-src=\"https:\/\/i0.wp.com\/www.2daagse.be\/wp-content\/uploads\/2023\/12\/floreal_5.jpg?fit=580%2C386&#038;ssl=1\" data-envira-gallery-id=\"2469\" data-envira-item-id=\"3055\" data-envira-caption=\"Floreal Blankenberge***\" alt=\"Floreal Blankenberge*** - https:\/\/booking.florealgroup.be\/v8blkb\/Inquiry.aspx?culture=nl-BE\" title=\"Floreal Blankenberge***\"  itemprop=\"thumbnailUrl\" data-envira-srcset=\"https:\/\/i0.wp.com\/www.2daagse.be\/wp-content\/uploads\/2023\/12\/floreal_5.jpg?fit=580%2C386&#038;ssl=1 400w,https:\/\/i0.wp.com\/www.2daagse.be\/wp-content\/uploads\/2023\/12\/floreal_5.jpg?fit=580%2C386&#038;ssl=1 2x\" data-envira-width=\"640\" data-envira-height=\"480\" srcset=\"data:image\/gif;base64,R0lGODlhAQABAIAAAP\/\/\/\/\/\/\/yH5BAEKAAEALAAAAAABAAEAAAICTAEAOw==\" data-safe-src=\"data:image\/gif;base64,R0lGODlhAQABAIAAAP\/\/\/\/\/\/\/yH5BAEKAAEALAAAAAABAAEAAAICTAEAOw==\" \/><\/a><\/div><\/div><div id=\"envira-gallery-item-1043\" class=\"envira-gallery-item enviratope-item envira-gallery-item-6 envira-lazy-load\" style=\"padding-left: 3px; padding-bottom: 5px; padding-right: 3px;\"  itemscope itemtype=\"https:\/\/schema.org\/ImageObject\"><div class=\"envira-gallery-item-inner\"><div class=\"envira-gallery-position-overlay  envira-gallery-top-left\"><\/div><div class=\"envira-gallery-position-overlay  envira-gallery-top-right\"><\/div><div class=\"envira-gallery-position-overlay  envira-gallery-bottom-left\"><\/div><div class=\"envira-gallery-position-overlay  envira-gallery-bottom-right\"><\/div><a href=\"https:\/\/i0.wp.com\/www.2daagse.be\/wp-content\/uploads\/2023\/02\/floreal1.webp?ssl=1\" class=\"envira-gallery-2469 envira-gallery-link\" rel=\"enviragallery2469\" title=\"Floreal Blankenberge***\" data-envira-caption=\"Floreal Blankenberge***\" data-envira-retina=\"\" data-thumbnail=\"\"  itemprop=\"contentUrl\"><img decoding=\"async\" id=\"envira-gallery-image-1043\" class=\"envira-gallery-image envira-gallery-image-6 envira-normal envira-lazy\" data-envira-index=\"6\" src=\"https:\/\/i0.wp.com\/www.2daagse.be\/wp-content\/uploads\/2023\/02\/floreal1.webp?fit=580%2C435&#038;ssl=1\" data-envira-src=\"https:\/\/i0.wp.com\/www.2daagse.be\/wp-content\/uploads\/2023\/02\/floreal1.webp?fit=580%2C435&#038;ssl=1\" data-envira-gallery-id=\"2469\" data-envira-item-id=\"1043\" data-envira-caption=\"Floreal Blankenberge***\" alt=\"Floreal Blankenberge*** - https:\/\/www.florealgroup.be\/nl\/vakantiepark\/floreal-blankenberge\" title=\"Floreal Blankenberge***\"  itemprop=\"thumbnailUrl\" data-envira-srcset=\"https:\/\/i0.wp.com\/www.2daagse.be\/wp-content\/uploads\/2023\/02\/floreal1.webp?fit=580%2C435&#038;ssl=1 400w,https:\/\/i0.wp.com\/www.2daagse.be\/wp-content\/uploads\/2023\/02\/floreal1.webp?fit=580%2C435&#038;ssl=1 2x\" data-envira-width=\"640\" data-envira-height=\"480\" srcset=\"data:image\/gif;base64,R0lGODlhAQABAIAAAP\/\/\/\/\/\/\/yH5BAEKAAEALAAAAAABAAEAAAICTAEAOw==\" data-safe-src=\"data:image\/gif;base64,R0lGODlhAQABAIAAAP\/\/\/\/\/\/\/yH5BAEKAAEALAAAAAABAAEAAAICTAEAOw==\" \/><\/a><\/div><\/div><\/div><\/div><noscript><img decoding=\"async\" src=\"https:\/\/i0.wp.com\/www.2daagse.be\/wp-content\/uploads\/2023\/12\/floreal_1.jpg?fit=1503%2C1000&#038;ssl=1\" alt=\"Floreal Blankenberge*** - https:\/\/booking.florealgroup.be\/v8blkb\/Inquiry.aspx?culture=nl-BE\" \/><img decoding=\"async\" src=\"https:\/\/i0.wp.com\/www.2daagse.be\/wp-content\/uploads\/2023\/12\/floreal_2.jpg?fit=1503%2C1000&#038;ssl=1\" alt=\"Floreal Blankenberge*** - https:\/\/booking.florealgroup.be\/v8blkb\/Inquiry.aspx?culture=nl-BE\" \/><img decoding=\"async\" src=\"https:\/\/i0.wp.com\/www.2daagse.be\/wp-content\/uploads\/2023\/12\/floreal_3.jpg?fit=1503%2C1000&#038;ssl=1\" alt=\"Floreal Blankenberge*** - https:\/\/booking.florealgroup.be\/v8blkb\/Inquiry.aspx?culture=nl-BE\" \/><img decoding=\"async\" src=\"https:\/\/i0.wp.com\/www.2daagse.be\/wp-content\/uploads\/2023\/12\/floreal_4.jpg?fit=1503%2C1000&#038;ssl=1\" alt=\"Floreal Blankenberge*** - https:\/\/booking.florealgroup.be\/v8blkb\/Inquiry.aspx?culture=nl-BE\" \/><img decoding=\"async\" src=\"https:\/\/i0.wp.com\/www.2daagse.be\/wp-content\/uploads\/2023\/12\/floreal_5.jpg?fit=1504%2C1000&#038;ssl=1\" alt=\"Floreal Blankenberge*** - https:\/\/booking.florealgroup.be\/v8blkb\/Inquiry.aspx?culture=nl-BE\" \/><img decoding=\"async\" src=\"https:\/\/i0.wp.com\/www.2daagse.be\/wp-content\/uploads\/2023\/02\/floreal1.webp?fit=1920%2C1440&#038;ssl=1\" alt=\"Floreal Blankenberge*** - https:\/\/www.florealgroup.be\/nl\/vakantiepark\/floreal-blankenberge\" \/><\/noscript><\/div>\n\n<p>Floreal Blankenberge offre quelque chose pour tout le monde : une semaine en famille en juillet ou en ao\u00fbt dans un appartement, un week-end, un s\u00e9jour confortable dans une formule d&rsquo;h\u00f4tel pour deux ou un midweek avec toutes sortes d&rsquo;activit\u00e9s sportives avec une association, tout est possible chez nous !<\/p>\n\n<p>Nous sommes \u00e9galement l&rsquo;endroit id\u00e9al pour les f\u00eates de famille : profitez d&rsquo;un bon repas dans une atmosph\u00e8re d\u00e9contract\u00e9e, pendant que les enfants s&rsquo;\u00e9battent sur l&rsquo;aire de jeux.<\/p>\n\n<p><\/p>\n\n<h3 class=\"wp-block-heading\">Contact<\/h3>\n\n<p><strong>Floreal Blankenberge<\/strong><br\/>Koning Albertlaan 59, Blankenberge (<a href=\"https:\/\/goo.gl\/maps\/qgYpnQr7MhztfBPr8\" target=\"_blank\" rel=\"noreferrer noopener\">carte<\/a>)<\/p>\n\n<p>T\u00e9l +32 50 43 21 11<\/p>\n\n<p><a href=\"mailto:blankenberge@florealgroup.be\">blankenberge@florealgroup.be<\/a><br\/><a href=\"https:\/\/booking.florealgroup.be\/v8blkb\/Inquiry.aspx?culture=nl-BE\" target=\"_blank\" rel=\"noreferrer noopener\">https:\/\/www.florealgroup.be<\/a><\/p>\n","protected":false},"excerpt":{"rendered":"<p>Floreal Blankenberge*** &#8211; Floreal Blankenberge en offre pour tous les go\u00fbts : une semaine en famille dans un appartement en juillet ou en ao\u00fbt, un week-end \u00e0 l&rsquo;ext\u00e9rieur, un s\u00e9jour douillet dans une formule h\u00f4tel pour deux ou un midweek avec toutes sortes d&rsquo;activit\u00e9s sportives avec une association, tout est possible chez nous !<br \/>\nNous sommes \u00e9galement l&rsquo;endroit id\u00e9al pour les f\u00eates de famille : profitez d&rsquo;un bon repas dans une atmosph\u00e8re d\u00e9contract\u00e9e, pendant que les enfants s&rsquo;\u00e9battent sur l&rsquo;aire de jeux.<br \/>\nEt n&rsquo;oubliez pas notre aire de camping-car, o\u00f9 vous pouvez s\u00e9journer en toute tranquillit\u00e9 avec votre mobil-home.<\/p>\n","protected":false},"author":2,"featured_media":1045,"parent":587,"menu_order":0,"comment_status":"closed","ping_status":"closed","template":"templates\/template-cover.php","meta":{"footnotes":""},"class_list":["post-1141","page","type-page","status-publish","has-post-thumbnail","hentry"],"_links":{"self":[{"href":"https:\/\/www.2daagse.be\/fr\/wp-json\/wp\/v2\/pages\/1141","targetHints":{"allow":["GET"]}}],"collection":[{"href":"https:\/\/www.2daagse.be\/fr\/wp-json\/wp\/v2\/pages"}],"about":[{"href":"https:\/\/www.2daagse.be\/fr\/wp-json\/wp\/v2\/types\/page"}],"author":[{"embeddable":true,"href":"https:\/\/www.2daagse.be\/fr\/wp-json\/wp\/v2\/users\/2"}],"replies":[{"embeddable":true,"href":"https:\/\/www.2daagse.be\/fr\/wp-json\/wp\/v2\/comments?post=1141"}],"version-history":[{"count":6,"href":"https:\/\/www.2daagse.be\/fr\/wp-json\/wp\/v2\/pages\/1141\/revisions"}],"predecessor-version":[{"id":3173,"href":"https:\/\/www.2daagse.be\/fr\/wp-json\/wp\/v2\/pages\/1141\/revisions\/3173"}],"up":[{"embeddable":true,"href":"https:\/\/www.2daagse.be\/fr\/wp-json\/wp\/v2\/pages\/587"}],"wp:featuredmedia":[{"embeddable":true,"href":"https:\/\/www.2daagse.be\/fr\/wp-json\/wp\/v2\/media\/1045"}],"wp:attachment":[{"href":"https:\/\/www.2daagse.be\/fr\/wp-json\/wp\/v2\/media?parent=1141"}],"curies":[{"name":"wp","href":"https:\/\/api.w.org\/{rel}","templated":true}]}}