{"id":1135,"date":"2023-02-08T21:48:29","date_gmt":"2023-02-08T20:48:29","guid":{"rendered":"https:\/\/tweedaagse.be\/infos-pratiques\/passer-la-nuit\/alfa-inn-hotel\/"},"modified":"2026-01-25T12:09:47","modified_gmt":"2026-01-25T11:09:47","slug":"alfa-inn-hotel","status":"publish","type":"page","link":"https:\/\/www.2daagse.be\/fr\/infos-pratiques\/passer-la-nuit\/alfa-inn-hotel\/","title":{"rendered":"Alfa Inn Hotel***+"},"content":{"rendered":"\n<div class=\"wp-block-envira-envira-gallery\"><div id=\"envira-gallery-wrap-2440\" class=\"envira-gallery-wrap envira-gallery-theme-base envira-lightbox-theme-base\" itemscope itemtype=\"https:\/\/schema.org\/ImageGallery\"><div data-row-height=\"150\" data-gallery-theme=\"normal\" id=\"envira-gallery-2440\" class=\"envira-gallery-public envira-gallery-justified-public envira-gallery-0-columns envira-clear enviratope envira-gallery-css-animations\" data-envira-columns=\"0\"><div id=\"envira-gallery-item-7097\" class=\"envira-gallery-item enviratope-item envira-gallery-item-1 envira-lazy-load\" style=\"padding-left: 3px; padding-bottom: 5px; padding-right: 3px;\"  itemscope itemtype=\"https:\/\/schema.org\/ImageObject\"><div class=\"envira-gallery-item-inner\"><div class=\"envira-gallery-position-overlay  envira-gallery-top-left\"><\/div><div class=\"envira-gallery-position-overlay  envira-gallery-top-right\"><\/div><div class=\"envira-gallery-position-overlay  envira-gallery-bottom-left\"><\/div><div class=\"envira-gallery-position-overlay  envira-gallery-bottom-right\"><\/div><a href=\"https:\/\/i0.wp.com\/www.2daagse.be\/wp-content\/uploads\/2026\/01\/Alfa_Inn-2026-5.webp?ssl=1\" class=\"envira-gallery-2440 envira-gallery-link\" rel=\"enviragallery2440\" title=\"Alfa-Inn Hotel***\" data-envira-caption=\"Alfa-Inn Hotel***\" data-envira-retina=\"\" data-thumbnail=\"\"  itemprop=\"contentUrl\"><img decoding=\"async\" id=\"envira-gallery-image-7097\" class=\"envira-gallery-image envira-gallery-image-1 envira-normal envira-lazy\" data-envira-index=\"1\" src=\"https:\/\/i0.wp.com\/www.2daagse.be\/wp-content\/uploads\/2026\/01\/Alfa_Inn-2026-5.webp?fit=580%2C870&#038;ssl=1\" data-envira-src=\"https:\/\/i0.wp.com\/www.2daagse.be\/wp-content\/uploads\/2026\/01\/Alfa_Inn-2026-5.webp?fit=580%2C870&#038;ssl=1\" data-envira-gallery-id=\"2440\" data-envira-item-id=\"7097\" data-envira-caption=\"Alfa-Inn Hotel***\" alt=\"Alfa-Inn Hotel - Blankenberge - https:\/\/www.alfa-inn.com\" title=\"Alfa-Inn Hotel***\"  itemprop=\"thumbnailUrl\" data-envira-srcset=\"https:\/\/i0.wp.com\/www.2daagse.be\/wp-content\/uploads\/2026\/01\/Alfa_Inn-2026-5.webp?fit=580%2C870&#038;ssl=1 400w,https:\/\/i0.wp.com\/www.2daagse.be\/wp-content\/uploads\/2026\/01\/Alfa_Inn-2026-5.webp?fit=580%2C870&#038;ssl=1 2x\" data-envira-width=\"640\" data-envira-height=\"480\" srcset=\"data:image\/gif;base64,R0lGODlhAQABAIAAAP\/\/\/\/\/\/\/yH5BAEKAAEALAAAAAABAAEAAAICTAEAOw==\" data-safe-src=\"data:image\/gif;base64,R0lGODlhAQABAIAAAP\/\/\/\/\/\/\/yH5BAEKAAEALAAAAAABAAEAAAICTAEAOw==\" \/><\/a><\/div><\/div><div id=\"envira-gallery-item-7093\" class=\"envira-gallery-item enviratope-item envira-gallery-item-2 envira-lazy-load\" style=\"padding-left: 3px; padding-bottom: 5px; padding-right: 3px;\"  itemscope itemtype=\"https:\/\/schema.org\/ImageObject\"><div class=\"envira-gallery-item-inner\"><div class=\"envira-gallery-position-overlay  envira-gallery-top-left\"><\/div><div class=\"envira-gallery-position-overlay  envira-gallery-top-right\"><\/div><div class=\"envira-gallery-position-overlay  envira-gallery-bottom-left\"><\/div><div class=\"envira-gallery-position-overlay  envira-gallery-bottom-right\"><\/div><a href=\"https:\/\/i0.wp.com\/www.2daagse.be\/wp-content\/uploads\/2026\/01\/Alfa_Inn-2026-1.webp?ssl=1\" class=\"envira-gallery-2440 envira-gallery-link\" rel=\"enviragallery2440\" title=\"Alfa-Inn Hotel***\" data-envira-caption=\"Alfa-Inn Hotel***\" data-envira-retina=\"\" data-thumbnail=\"\"  itemprop=\"contentUrl\"><img decoding=\"async\" id=\"envira-gallery-image-7093\" class=\"envira-gallery-image envira-gallery-image-2 envira-normal envira-lazy\" data-envira-index=\"2\" src=\"https:\/\/i0.wp.com\/www.2daagse.be\/wp-content\/uploads\/2026\/01\/Alfa_Inn-2026-1.webp?fit=580%2C387&#038;ssl=1\" data-envira-src=\"https:\/\/i0.wp.com\/www.2daagse.be\/wp-content\/uploads\/2026\/01\/Alfa_Inn-2026-1.webp?fit=580%2C387&#038;ssl=1\" data-envira-gallery-id=\"2440\" data-envira-item-id=\"7093\" data-envira-caption=\"Alfa-Inn Hotel***\" alt=\"Alfa-Inn Hotel - Blankenberge - https:\/\/www.alfa-inn.com\" title=\"Alfa-Inn Hotel***\"  itemprop=\"thumbnailUrl\" data-envira-srcset=\"https:\/\/i0.wp.com\/www.2daagse.be\/wp-content\/uploads\/2026\/01\/Alfa_Inn-2026-1.webp?fit=580%2C387&#038;ssl=1 400w,https:\/\/i0.wp.com\/www.2daagse.be\/wp-content\/uploads\/2026\/01\/Alfa_Inn-2026-1.webp?fit=580%2C387&#038;ssl=1 2x\" data-envira-width=\"640\" data-envira-height=\"480\" srcset=\"data:image\/gif;base64,R0lGODlhAQABAIAAAP\/\/\/\/\/\/\/yH5BAEKAAEALAAAAAABAAEAAAICTAEAOw==\" data-safe-src=\"data:image\/gif;base64,R0lGODlhAQABAIAAAP\/\/\/\/\/\/\/yH5BAEKAAEALAAAAAABAAEAAAICTAEAOw==\" \/><\/a><\/div><\/div><div id=\"envira-gallery-item-7094\" class=\"envira-gallery-item enviratope-item envira-gallery-item-3 envira-lazy-load\" style=\"padding-left: 3px; padding-bottom: 5px; padding-right: 3px;\"  itemscope itemtype=\"https:\/\/schema.org\/ImageObject\"><div class=\"envira-gallery-item-inner\"><div class=\"envira-gallery-position-overlay  envira-gallery-top-left\"><\/div><div class=\"envira-gallery-position-overlay  envira-gallery-top-right\"><\/div><div class=\"envira-gallery-position-overlay  envira-gallery-bottom-left\"><\/div><div class=\"envira-gallery-position-overlay  envira-gallery-bottom-right\"><\/div><a href=\"https:\/\/i0.wp.com\/www.2daagse.be\/wp-content\/uploads\/2026\/01\/Alfa_Inn-2026-2.webp?ssl=1\" class=\"envira-gallery-2440 envira-gallery-link\" rel=\"enviragallery2440\" title=\"Alfa-Inn Hotel***\" data-envira-caption=\"Alfa-Inn Hotel***\" data-envira-retina=\"\" data-thumbnail=\"\"  itemprop=\"contentUrl\"><img decoding=\"async\" id=\"envira-gallery-image-7094\" class=\"envira-gallery-image envira-gallery-image-3 envira-normal envira-lazy\" data-envira-index=\"3\" src=\"https:\/\/i0.wp.com\/www.2daagse.be\/wp-content\/uploads\/2026\/01\/Alfa_Inn-2026-2.webp?fit=580%2C387&#038;ssl=1\" data-envira-src=\"https:\/\/i0.wp.com\/www.2daagse.be\/wp-content\/uploads\/2026\/01\/Alfa_Inn-2026-2.webp?fit=580%2C387&#038;ssl=1\" data-envira-gallery-id=\"2440\" data-envira-item-id=\"7094\" data-envira-caption=\"Alfa-Inn Hotel***\" alt=\"Alfa-Inn Hotel - Blankenberge - https:\/\/www.alfa-inn.com\" title=\"Alfa-Inn Hotel***\"  itemprop=\"thumbnailUrl\" data-envira-srcset=\"https:\/\/i0.wp.com\/www.2daagse.be\/wp-content\/uploads\/2026\/01\/Alfa_Inn-2026-2.webp?fit=580%2C387&#038;ssl=1 400w,https:\/\/i0.wp.com\/www.2daagse.be\/wp-content\/uploads\/2026\/01\/Alfa_Inn-2026-2.webp?fit=580%2C387&#038;ssl=1 2x\" data-envira-width=\"640\" data-envira-height=\"480\" srcset=\"data:image\/gif;base64,R0lGODlhAQABAIAAAP\/\/\/\/\/\/\/yH5BAEKAAEALAAAAAABAAEAAAICTAEAOw==\" data-safe-src=\"data:image\/gif;base64,R0lGODlhAQABAIAAAP\/\/\/\/\/\/\/yH5BAEKAAEALAAAAAABAAEAAAICTAEAOw==\" \/><\/a><\/div><\/div><div id=\"envira-gallery-item-7095\" class=\"envira-gallery-item enviratope-item envira-gallery-item-4 envira-lazy-load\" style=\"padding-left: 3px; padding-bottom: 5px; padding-right: 3px;\"  itemscope itemtype=\"https:\/\/schema.org\/ImageObject\"><div class=\"envira-gallery-item-inner\"><div class=\"envira-gallery-position-overlay  envira-gallery-top-left\"><\/div><div class=\"envira-gallery-position-overlay  envira-gallery-top-right\"><\/div><div class=\"envira-gallery-position-overlay  envira-gallery-bottom-left\"><\/div><div class=\"envira-gallery-position-overlay  envira-gallery-bottom-right\"><\/div><a href=\"https:\/\/i0.wp.com\/www.2daagse.be\/wp-content\/uploads\/2026\/01\/Alfa_Inn-2026-3.webp?ssl=1\" class=\"envira-gallery-2440 envira-gallery-link\" rel=\"enviragallery2440\" title=\"Alfa-Inn Hotel***\" data-envira-caption=\"Alfa-Inn Hotel***\" data-envira-retina=\"\" data-thumbnail=\"\"  itemprop=\"contentUrl\"><img decoding=\"async\" id=\"envira-gallery-image-7095\" class=\"envira-gallery-image envira-gallery-image-4 envira-normal envira-lazy\" data-envira-index=\"4\" src=\"https:\/\/i0.wp.com\/www.2daagse.be\/wp-content\/uploads\/2026\/01\/Alfa_Inn-2026-3.webp?fit=580%2C870&#038;ssl=1\" data-envira-src=\"https:\/\/i0.wp.com\/www.2daagse.be\/wp-content\/uploads\/2026\/01\/Alfa_Inn-2026-3.webp?fit=580%2C870&#038;ssl=1\" data-envira-gallery-id=\"2440\" data-envira-item-id=\"7095\" data-envira-caption=\"Alfa-Inn Hotel***\" alt=\"Alfa-Inn Hotel - Blankenberge - https:\/\/www.alfa-inn.com\" title=\"Alfa-Inn Hotel***\"  itemprop=\"thumbnailUrl\" data-envira-srcset=\"https:\/\/i0.wp.com\/www.2daagse.be\/wp-content\/uploads\/2026\/01\/Alfa_Inn-2026-3.webp?fit=580%2C870&#038;ssl=1 400w,https:\/\/i0.wp.com\/www.2daagse.be\/wp-content\/uploads\/2026\/01\/Alfa_Inn-2026-3.webp?fit=580%2C870&#038;ssl=1 2x\" data-envira-width=\"640\" data-envira-height=\"480\" srcset=\"data:image\/gif;base64,R0lGODlhAQABAIAAAP\/\/\/\/\/\/\/yH5BAEKAAEALAAAAAABAAEAAAICTAEAOw==\" data-safe-src=\"data:image\/gif;base64,R0lGODlhAQABAIAAAP\/\/\/\/\/\/\/yH5BAEKAAEALAAAAAABAAEAAAICTAEAOw==\" \/><\/a><\/div><\/div><div id=\"envira-gallery-item-7096\" class=\"envira-gallery-item enviratope-item envira-gallery-item-5 envira-lazy-load\" style=\"padding-left: 3px; padding-bottom: 5px; padding-right: 3px;\"  itemscope itemtype=\"https:\/\/schema.org\/ImageObject\"><div class=\"envira-gallery-item-inner\"><div class=\"envira-gallery-position-overlay  envira-gallery-top-left\"><\/div><div class=\"envira-gallery-position-overlay  envira-gallery-top-right\"><\/div><div class=\"envira-gallery-position-overlay  envira-gallery-bottom-left\"><\/div><div class=\"envira-gallery-position-overlay  envira-gallery-bottom-right\"><\/div><a href=\"https:\/\/i0.wp.com\/www.2daagse.be\/wp-content\/uploads\/2026\/01\/Alfa_Inn-2026-4.webp?ssl=1\" class=\"envira-gallery-2440 envira-gallery-link\" rel=\"enviragallery2440\" title=\"Alfa-Inn Hotel***\" data-envira-caption=\"Alfa-Inn Hotel***\" data-envira-retina=\"\" data-thumbnail=\"\"  itemprop=\"contentUrl\"><img decoding=\"async\" id=\"envira-gallery-image-7096\" class=\"envira-gallery-image envira-gallery-image-5 envira-normal envira-lazy\" data-envira-index=\"5\" src=\"https:\/\/i0.wp.com\/www.2daagse.be\/wp-content\/uploads\/2026\/01\/Alfa_Inn-2026-4.webp?fit=580%2C387&#038;ssl=1\" data-envira-src=\"https:\/\/i0.wp.com\/www.2daagse.be\/wp-content\/uploads\/2026\/01\/Alfa_Inn-2026-4.webp?fit=580%2C387&#038;ssl=1\" data-envira-gallery-id=\"2440\" data-envira-item-id=\"7096\" data-envira-caption=\"Alfa-Inn Hotel***\" alt=\"Alfa-Inn Hotel - Blankenberge - https:\/\/www.alfa-inn.com\" title=\"Alfa-Inn Hotel***\"  itemprop=\"thumbnailUrl\" data-envira-srcset=\"https:\/\/i0.wp.com\/www.2daagse.be\/wp-content\/uploads\/2026\/01\/Alfa_Inn-2026-4.webp?fit=580%2C387&#038;ssl=1 400w,https:\/\/i0.wp.com\/www.2daagse.be\/wp-content\/uploads\/2026\/01\/Alfa_Inn-2026-4.webp?fit=580%2C387&#038;ssl=1 2x\" data-envira-width=\"640\" data-envira-height=\"480\" srcset=\"data:image\/gif;base64,R0lGODlhAQABAIAAAP\/\/\/\/\/\/\/yH5BAEKAAEALAAAAAABAAEAAAICTAEAOw==\" data-safe-src=\"data:image\/gif;base64,R0lGODlhAQABAIAAAP\/\/\/\/\/\/\/yH5BAEKAAEALAAAAAABAAEAAAICTAEAOw==\" \/><\/a><\/div><\/div><div id=\"envira-gallery-item-992\" class=\"envira-gallery-item enviratope-item envira-gallery-item-6 envira-lazy-load\" style=\"padding-left: 3px; padding-bottom: 5px; padding-right: 3px;\"  itemscope itemtype=\"https:\/\/schema.org\/ImageObject\"><div class=\"envira-gallery-item-inner\"><div class=\"envira-gallery-position-overlay  envira-gallery-top-left\"><\/div><div class=\"envira-gallery-position-overlay  envira-gallery-top-right\"><\/div><div class=\"envira-gallery-position-overlay  envira-gallery-bottom-left\"><\/div><div class=\"envira-gallery-position-overlay  envira-gallery-bottom-right\"><\/div><a href=\"https:\/\/i0.wp.com\/www.2daagse.be\/wp-content\/uploads\/2023\/02\/alfa-inn3.webp?ssl=1\" class=\"envira-gallery-2440 envira-gallery-link\" rel=\"enviragallery2440\" title=\"Alfa-Inn Hotel***\" data-envira-caption=\"Alfa-Inn Hotel***\" data-envira-retina=\"\" data-thumbnail=\"\"  itemprop=\"contentUrl\"><img decoding=\"async\" id=\"envira-gallery-image-992\" class=\"envira-gallery-image envira-gallery-image-6 envira-normal envira-lazy\" data-envira-index=\"6\" src=\"https:\/\/i0.wp.com\/www.2daagse.be\/wp-content\/uploads\/2023\/02\/alfa-inn3.webp?fit=580%2C386&#038;ssl=1\" data-envira-src=\"https:\/\/i0.wp.com\/www.2daagse.be\/wp-content\/uploads\/2023\/02\/alfa-inn3.webp?fit=580%2C386&#038;ssl=1\" data-envira-gallery-id=\"2440\" data-envira-item-id=\"992\" data-envira-caption=\"Alfa-Inn Hotel***\" alt=\"Alfa-Inn Hotel - Blankenberge - https:\/\/www.alfa-inn.com\" title=\"Alfa-Inn Hotel***\"  itemprop=\"thumbnailUrl\" data-envira-srcset=\"https:\/\/i0.wp.com\/www.2daagse.be\/wp-content\/uploads\/2023\/02\/alfa-inn3.webp?fit=580%2C386&#038;ssl=1 400w,https:\/\/i0.wp.com\/www.2daagse.be\/wp-content\/uploads\/2023\/02\/alfa-inn3.webp?fit=580%2C386&#038;ssl=1 2x\" data-envira-width=\"640\" data-envira-height=\"480\" srcset=\"data:image\/gif;base64,R0lGODlhAQABAIAAAP\/\/\/\/\/\/\/yH5BAEKAAEALAAAAAABAAEAAAICTAEAOw==\" data-safe-src=\"data:image\/gif;base64,R0lGODlhAQABAIAAAP\/\/\/\/\/\/\/yH5BAEKAAEALAAAAAABAAEAAAICTAEAOw==\" \/><\/a><\/div><\/div><\/div><\/div><noscript><img decoding=\"async\" src=\"https:\/\/i0.wp.com\/www.2daagse.be\/wp-content\/uploads\/2026\/01\/Alfa_Inn-2026-5.webp?fit=1280%2C1920&#038;ssl=1\" alt=\"Alfa-Inn Hotel - Blankenberge - https:\/\/www.alfa-inn.com\" \/><img decoding=\"async\" src=\"https:\/\/i0.wp.com\/www.2daagse.be\/wp-content\/uploads\/2026\/01\/Alfa_Inn-2026-1.webp?fit=1920%2C1280&#038;ssl=1\" alt=\"Alfa-Inn Hotel - Blankenberge - https:\/\/www.alfa-inn.com\" \/><img decoding=\"async\" src=\"https:\/\/i0.wp.com\/www.2daagse.be\/wp-content\/uploads\/2026\/01\/Alfa_Inn-2026-2.webp?fit=1920%2C1280&#038;ssl=1\" alt=\"Alfa-Inn Hotel - Blankenberge - https:\/\/www.alfa-inn.com\" \/><img decoding=\"async\" src=\"https:\/\/i0.wp.com\/www.2daagse.be\/wp-content\/uploads\/2026\/01\/Alfa_Inn-2026-3.webp?fit=1280%2C1920&#038;ssl=1\" alt=\"Alfa-Inn Hotel - Blankenberge - https:\/\/www.alfa-inn.com\" \/><img decoding=\"async\" src=\"https:\/\/i0.wp.com\/www.2daagse.be\/wp-content\/uploads\/2026\/01\/Alfa_Inn-2026-4.webp?fit=1920%2C1280&#038;ssl=1\" alt=\"Alfa-Inn Hotel - Blankenberge - https:\/\/www.alfa-inn.com\" \/><img decoding=\"async\" src=\"https:\/\/i0.wp.com\/www.2daagse.be\/wp-content\/uploads\/2023\/02\/alfa-inn3.webp?fit=1920%2C1278&#038;ssl=1\" alt=\"Alfa-Inn Hotel - Blankenberge - https:\/\/www.alfa-inn.com\" \/><\/noscript><\/div>\n\n<p>L&rsquo;h\u00f4tel Alfa Inn, situ\u00e9 au c\u0153ur de Blankenberge et \u00e0 proximit\u00e9 du d\u00e9part de la randonn\u00e9e p\u00e9destre de deux jours.<\/p>\n\n<p>C&rsquo;est un h\u00f4tel familial plein de charme qui compte 64 chambres modernes, 12 suites junior et 17 appartements spacieux, tous situ\u00e9s autour d&rsquo;un agr\u00e9able jardin int\u00e9rieur.<\/p>\n\n<p>L&rsquo;h\u00f4tel Alfa Inn est facilement accessible en voiture et en train. De plus, toutes les attractions touristiques importantes de Blankenberge se trouvent \u00e0 proximit\u00e9 de l&rsquo;h\u00f4tel. <\/p>\n\n<figure class=\"wp-block-pullquote alignwide has-text-align-center has-small-font-size\"><blockquote><p>Si vous restez 3 jours\/nuits, les cartes de transport vous seront rembours\u00e9es lors de votre enregistrement.<\/p><\/blockquote><\/figure>\n\n<h3 class=\"wp-block-heading\">Contact<\/h3>\n\n<p><strong>Alfa Inn Hotel***<\/strong><\/p>\n\n<p>Kerkstraat 92 ; Blankenberge (<a href=\"https:\/\/goo.gl\/maps\/y44NotjBK48vnPTw7\" target=\"_blank\" rel=\"noreferrer noopener\">carte<\/a>)<\/p>\n\n<p>T\u00e9l +32 50 41 81 72<\/p>\n\n<p><a href=\"mailto:info@alfa-inn.com\" target=\"_blank\" rel=\"noreferrer noopener\">info@alfa-inn.com<\/a><br\/><a href=\"https:\/\/www.alfa-inn.com\" target=\"_blank\" rel=\"noreferrer noopener\">www.alfa-inn.com<\/a><\/p>\n","protected":false},"excerpt":{"rendered":"<p>Alfa-Inn Hotel*** &#8211; H\u00f4tel familial accueillant situ\u00e9 en plein centre de Blankenberge.<br \/>\nAvant de commencer la randonn\u00e9e, vous pourrez profiter d&rsquo;un petit-d\u00e9jeuner complet au champagne, incl. dans le prix de la chambre.<br \/>\nApr\u00e8s une journ\u00e9e de randonn\u00e9e, d\u00e9tendez-vous au bar de l&rsquo;h\u00f4tel ou faites un plongeon dans le sauna. Nous nous en occuperons volontiers pour vous.<\/p>\n","protected":false},"author":2,"featured_media":7100,"parent":587,"menu_order":0,"comment_status":"closed","ping_status":"closed","template":"templates\/template-cover.php","meta":{"footnotes":""},"class_list":["post-1135","page","type-page","status-publish","has-post-thumbnail","hentry"],"_links":{"self":[{"href":"https:\/\/www.2daagse.be\/fr\/wp-json\/wp\/v2\/pages\/1135","targetHints":{"allow":["GET"]}}],"collection":[{"href":"https:\/\/www.2daagse.be\/fr\/wp-json\/wp\/v2\/pages"}],"about":[{"href":"https:\/\/www.2daagse.be\/fr\/wp-json\/wp\/v2\/types\/page"}],"author":[{"embeddable":true,"href":"https:\/\/www.2daagse.be\/fr\/wp-json\/wp\/v2\/users\/2"}],"replies":[{"embeddable":true,"href":"https:\/\/www.2daagse.be\/fr\/wp-json\/wp\/v2\/comments?post=1135"}],"version-history":[{"count":10,"href":"https:\/\/www.2daagse.be\/fr\/wp-json\/wp\/v2\/pages\/1135\/revisions"}],"predecessor-version":[{"id":7118,"href":"https:\/\/www.2daagse.be\/fr\/wp-json\/wp\/v2\/pages\/1135\/revisions\/7118"}],"up":[{"embeddable":true,"href":"https:\/\/www.2daagse.be\/fr\/wp-json\/wp\/v2\/pages\/587"}],"wp:featuredmedia":[{"embeddable":true,"href":"https:\/\/www.2daagse.be\/fr\/wp-json\/wp\/v2\/media\/7100"}],"wp:attachment":[{"href":"https:\/\/www.2daagse.be\/fr\/wp-json\/wp\/v2\/media?parent=1135"}],"curies":[{"name":"wp","href":"https:\/\/api.w.org\/{rel}","templated":true}]}}